{"id":1257,"date":"2020-08-15T18:58:17","date_gmt":"2020-08-16T01:58:17","guid":{"rendered":"https:\/\/tradeshift-old.local\/?page_id=1257"},"modified":"2022-11-08T03:20:47","modified_gmt":"2022-11-08T11:20:47","slug":"solutions-fournisseurs","status":"publish","type":"page","link":"https:\/\/tradeshift.com\/fr\/solutions-fournisseurs\/","title":{"rendered":"Digital B2B Supplier Solutions | Tradeshift"},"content":{"rendered":"<div class=\"wpb-content-wrapper\"><p>[vc_row el_class=\u00a0\u00bbpage-hero boxed-hero\u00a0\u00bb css=\u00a0\u00bb.vc_custom_1667418750359{background-image: url(https:\/\/tradeshift.com\/wp-content\/uploads\/2022\/11\/seller-solutions-hero.e6476e0c-scaled.jpg?id=40577) !important;}\u00a0\u00bb][vc_column width=\u00a0\u00bb5\/12&Prime;][vc_custom_heading text=\u00a0\u00bbSolutions fournisseurs\u00a0\u00bb font_container=\u00a0\u00bbtag:h4|text_align:left|color:%23ffffff\u00a0\u00bb use_theme_fonts=\u00a0\u00bbyes\u00a0\u00bb][vc_custom_heading text=\u00a0\u00bbVendre plus et \u00eatre pay\u00e9 plus vite.\u00a0\u00bb font_container=\u00a0\u00bbtag:h1|text_align:left|color:%23ffffff\u00a0\u00bb use_theme_fonts=\u00a0\u00bbyes\u00a0\u00bb css=\u00a0\u00bb.vc_custom_1667906325678{margin-bottom: 24px !important;}\u00a0\u00bb][vc_column_text el_class=\u00a0\u00bbtext-white\u00a0\u00bb css=\u00a0\u00bb.vc_custom_1667906333240{margin-bottom: 24px !important;}\u00a0\u00bb]Tradeshift renforce les liens entre les acheteurs et les fournisseurs. C\u2019est simple : tout le monde y gagne. Vous cherchez de nouveaux acheteurs ? Ou vous souhaitez am\u00e9liorer la collaboration avec vos acheteurs actuels ? Nous avons la solution pour vous.[\/vc_column_text][vc_btn color=\u00a0\u00bbwhite\u00a0\u00bb title=\u00a0\u00bbAllons-y (en anglais)\u00a0\u00bb align=\u00a0\u00bbleft\u00a0\u00bb link=\u00a0\u00bburl:https%3A%2F%2Ftradeshift.com%2Ffree-invoicing%2Fget-started%2F\u00a0\u00bb][\/vc_column][vc_column width=\u00a0\u00bb7\/12&Prime; offset=\u00a0\u00bbvc_hidden-sm vc_hidden-xs\u00a0\u00bb][\/vc_column][\/vc_row][vc_row equal_height=\u00a0\u00bbyes\u00a0\u00bb content_placement=\u00a0\u00bbmiddle\u00a0\u00bb css=\u00a0\u00bb.vc_custom_1667403364188{padding-top: 100px !important;padding-bottom: 50px !important;background-color: #f2f2f2 !important;}\u00a0\u00bb][vc_column width=\u00a0\u00bb1\/2&Prime;][vc_custom_heading text=\u00a0\u00bb\u00ab J&rsquo;ai besoin de savoir quand mes factures seront pay\u00e9es. \u00bb\u00a0\u00bb use_theme_fonts=\u00a0\u00bbyes\u00a0\u00bb][vc_column_text]<\/p>\n<p class=\"paragraph\">Pour que vos affaires marchent, vous devez savoir quand vous allez \u00eatre pay\u00e9. C\u2019est pourquoi Tradeshift vous donne acc\u00e8s \u00e0 des informations en temps r\u00e9el sur toutes vos transactions. Surveillez vos paiements, pr\u00e9voyez vos flux de tr\u00e9sorerie et prenez des d\u00e9cisions plus intelligentes jour apr\u00e8s jour.<\/p>\n<p class=\"paragraph\">Savoir pr\u00e9cis\u00e9ment quand vous serez pay\u00e9.\u00a0Tradeshift vous assure :<\/p>\n<ul class=\"list\">\n<li class=\"li\" data-acf-name=\"first_problem_solution_list_first_point\">Une meilleure visibilit\u00e9 sur vos transactions<\/li>\n<li class=\"li\" data-acf-name=\"first_problem_solution_list_second_point\">Une actualisation instantan\u00e9e de l&rsquo;\u00e9tat de vos paiements<\/li>\n<li class=\"li\" data-acf-name=\"first_problem_solution_list_third_point\">Des pr\u00e9visions pr\u00e9cises de vos flux de tr\u00e9sorerie<\/li>\n<\/ul>\n<p>[\/vc_column_text][\/vc_column][vc_column width=\u00a0\u00bb1\/2&Prime;][vc_single_image image=\u00a0\u00bb40598&Prime; img_size=\u00a0\u00bblarge\u00a0\u00bb alignment=\u00a0\u00bbcenter\u00a0\u00bb max_width=\u00a0\u00bb90%\u00a0\u00bb][\/vc_column][\/vc_row][vc_row equal_height=\u00a0\u00bbyes\u00a0\u00bb content_placement=\u00a0\u00bbmiddle\u00a0\u00bb reverse_row=\u00a0\u00bbtrue\u00a0\u00bb css=\u00a0\u00bb.vc_custom_1667403513791{padding-top: 100px !important;padding-bottom: 50px !important;}\u00a0\u00bb][vc_column width=\u00a0\u00bb1\/2&Prime;][vc_custom_heading text=\u00a0\u00bb\u00ab J&rsquo;ai besoin de mieux communiquer avec mes acheteurs pour d\u00e9velopper mon activit\u00e9. \u00bb\u00a0\u00bb use_theme_fonts=\u00a0\u00bbyes\u00a0\u00bb][vc_column_text]<\/p>\n<p class=\"paragraph\">Tradeshift Buy est une marketplace num\u00e9rique. En tant que fournisseur sur cette marketplace, vous avez acc\u00e8s \u00e0 un r\u00e9seau d\u2019acheteurs potentiels pour vos produits et vos services. Et vous pouvez renforcer les liens avec vos acheteurs actuels en passant au num\u00e9rique en toute simplicit\u00e9. Rapprochez-vous de vos acheteurs actuels et \u00e9tablissez de nouvelles relations avec ceux que vous ne connaissez pas encore.<\/p>\n<p class=\"paragraph\">Trouvez de nouveaux acheteurs et am\u00e9liorez les relations avec vos acheteurs actuels.\u00a0Tradeshift vous assure :<\/p>\n<ul class=\"list\">\n<li class=\"li\" data-acf-name=\"second_problem_solution_list_first_point\">Une communication num\u00e9rique efficace et rapide<\/li>\n<li class=\"li\" data-acf-name=\"second_problem_solution_list_second_point\">L&rsquo;acc\u00e8s \u00e0 de nouveaux acheteurs potentiels sur le r\u00e9seau<\/li>\n<li class=\"li\" data-acf-name=\"second_problem_solution_list_third_point\">Une visibilit\u00e9 sur chaque transactions dans votre supply chain<\/li>\n<\/ul>\n<p>[\/vc_column_text][\/vc_column][vc_column width=\u00a0\u00bb1\/2&Prime;][vc_single_image image=\u00a0\u00bb40607&Prime; img_size=\u00a0\u00bblarge\u00a0\u00bb alignment=\u00a0\u00bbcenter\u00a0\u00bb max_width=\u00a0\u00bb90%\u00a0\u00bb][\/vc_column][\/vc_row][vc_row equal_height=\u00a0\u00bbyes\u00a0\u00bb content_placement=\u00a0\u00bbmiddle\u00a0\u00bb css=\u00a0\u00bb.vc_custom_1667403371730{padding-top: 100px !important;padding-bottom: 50px !important;background-color: #f2f2f2 !important;}\u00a0\u00bb][vc_column width=\u00a0\u00bb1\/2&Prime;][vc_custom_heading text=\u00a0\u00bb\u00ab J&rsquo;ai besoin d&rsquo;\u00eatre pay\u00e9 plus t\u00f4t. \u00bb\u00a0\u00bb use_theme_fonts=\u00a0\u00bbyes\u00a0\u00bb][vc_column_text]<\/p>\n<div class=\"full-width-wrapper bg--gray-5 content-container content-container--gray\">\n<div class=\"wrapper wrapper--default\">\n<div class=\"media-object media-object--50-50 media-object--middle media-object--reverse\">\n<div class=\"media-object__body rhythm\">\n<p class=\"paragraph\">Tradeshift Cash est une solution de paiement anticip\u00e9 bas\u00e9e sur les donn\u00e9es et con\u00e7ue pour les fournisseurs. Vos factures peuvent \u00eatre pay\u00e9es en deux jours seulement, parfois avant m\u00eame d\u2019avoir \u00e9t\u00e9 approuv\u00e9es. Des paiements plus rapides et une meilleure visibilit\u00e9, c\u2019est pour vous la possibilit\u00e9 de vous concentrer sur l\u2019essentiel : d\u00e9velopper votre activit\u00e9.<\/p>\n<p class=\"paragraph\">Le paiement est effectu\u00e9 en deux jours seulement.\u00a0Tradeshift vous assure :<\/p>\n<ul class=\"list\">\n<li class=\"li\" data-acf-name=\"third_problem_solution_list_first_point\">Les paiements anticip\u00e9s des factures \u00e9ligibles<\/li>\n<li class=\"li\" data-acf-name=\"third_problem_solution_list_second_point\">Des paiements anticip\u00e9s sans intervention de l&rsquo;acheteur<\/li>\n<li class=\"li\" data-acf-name=\"third_problem_solution_list_third_point\">Une meilleure pr\u00e9visibilit\u00e9 de vos flux de tr\u00e9sorerie<\/li>\n<\/ul>\n<\/div>\n<\/div>\n<\/div>\n<\/div>\n<div class=\"full-width-wrapper content-container\">\n<div class=\"wrapper wrapper--default\">\n<div class=\"media-object media-object--50-50 media-object--middle media-object--wrap-reverse\"><\/div>\n<\/div>\n<\/div>\n<p>[\/vc_column_text][\/vc_column][vc_column width=\u00a0\u00bb1\/2&Prime;][vc_single_image image=\u00a0\u00bb40589&Prime; img_size=\u00a0\u00bblarge\u00a0\u00bb alignment=\u00a0\u00bbcenter\u00a0\u00bb max_width=\u00a0\u00bb90%\u00a0\u00bb][\/vc_column][\/vc_row][vc_row equal_height=\u00a0\u00bbyes\u00a0\u00bb content_placement=\u00a0\u00bbmiddle\u00a0\u00bb reverse_row=\u00a0\u00bbtrue\u00a0\u00bb css=\u00a0\u00bb.vc_custom_1667403513791{padding-top: 100px !important;padding-bottom: 50px !important;}\u00a0\u00bb][vc_column width=\u00a0\u00bb1\/2&Prime;][vc_custom_heading text=\u00a0\u00bb\u00ab J&rsquo;ai besoin de d\u00e9mat\u00e9rialiser mes factures. \u00bb\u00a0\u00bb use_theme_fonts=\u00a0\u00bbyes\u00a0\u00bb][vc_column_text]<\/p>\n<p class=\"paragraph\">La facturation num\u00e9rique est la fondation d\u2019une relation solide entre acheteurs et fournisseurs. Mais avant Tradeshift, les solutions pour passer au num\u00e9rique \u00e9taient co\u00fbteuses et trop complexes. Tradeshift est une solution simple qui propose des options adapt\u00e9es aux entreprises de toutes tailles. Non seulement elle facilite la mise en relation et le paiement, mais en cas de d\u00e9saccord, les interactions num\u00e9riques facilitent la r\u00e9solution.<\/p>\n<p class=\"paragraph\">D\u00e9couvrez le confort et la simplicit\u00e9 de la facturation num\u00e9rique.\u00a0Tradeshift vous assure :<\/p>\n<ul class=\"list\">\n<li class=\"li\" data-acf-name=\"fourth_problem_solution_list_first_point\">Une meilleure connectivit\u00e9 num\u00e9rique<\/li>\n<li class=\"li\" data-acf-name=\"fourth_problem_solution_list_second_point\">Une automatisation rapide et fiable des factures<\/li>\n<li class=\"li\" data-acf-name=\"fourth_problem_solution_list_third_point\">Une collaboration et une communication instantan\u00e9e pour toutes vos transactions<\/li>\n<\/ul>\n<p>[\/vc_column_text][\/vc_column][vc_column width=\u00a0\u00bb1\/2&Prime;][vc_single_image image=\u00a0\u00bb39590&Prime; img_size=\u00a0\u00bblarge\u00a0\u00bb alignment=\u00a0\u00bbcenter\u00a0\u00bb max_width=\u00a0\u00bb75%\u00a0\u00bb][\/vc_column][\/vc_row][vc_row css=\u00a0\u00bb.vc_custom_1667403890967{padding-top: 50px !important;padding-bottom: 100px !important;}\u00a0\u00bb][vc_column width=\u00a0\u00bb1\/6&Prime; offset=\u00a0\u00bbvc_hidden-sm vc_hidden-xs\u00a0\u00bb][\/vc_column][vc_column width=\u00a0\u00bb4\/6&Prime;][vc_custom_heading text=\u00a0\u00bbT\u00e9moignage client\u00a0\u00bb font_container=\u00a0\u00bbtag:h5|text_align:center|color:%230a37f0&Prime; use_theme_fonts=\u00a0\u00bbyes\u00a0\u00bb][vc_custom_heading text=\u00a0\u00bb\u00ab Les fonctionnalit\u00e9s sont puissantes, mais faciles \u00e0 utiliser. \u00c0 cela s&rsquo;ajoute le service client, si nous avons besoin d&rsquo;une aide suppl\u00e9mentaire ou personnalis\u00e9e. \u00bb\u00a0\u00bb font_container=\u00a0\u00bbtag:h3|text_align:center\u00a0\u00bb use_theme_fonts=\u00a0\u00bbyes\u00a0\u00bb][vc_column_text]<\/p>\n<p style=\"text-align: center\"><span style=\"color: #0a37f0\">Jason Kanner\u00a0CEO | Kwibble<\/span><\/p>\n<p>[\/vc_column_text][\/vc_column][vc_column width=\u00a0\u00bb1\/6&Prime; offset=\u00a0\u00bbvc_hidden-sm vc_hidden-xs\u00a0\u00bb][\/vc_column][\/vc_row]<\/p>\n<\/div>","protected":false},"excerpt":{"rendered":"<p>[vc_row el_class=\u00a0\u00bbpage-hero boxed-hero\u00a0\u00bb css=\u00a0\u00bb.vc_custom_1667418750359{background-image: url(https:\/\/tradeshift.com\/wp-content\/uploads\/2022\/11\/seller-solutions-hero.e6476e0c-scaled.jpg?id=40577) !important;}\u00a0\u00bb][vc_column width=\u00a0\u00bb5\/12&Prime;][vc_custom_heading text=\u00a0\u00bbSolutions fournisseurs\u00a0\u00bb font_container=\u00a0\u00bbtag:h4|text_align:left|color:%23ffffff\u00a0\u00bb use_theme_fonts=\u00a0\u00bbyes\u00a0\u00bb][vc_custom_heading text=\u00a0\u00bbVendre plus et \u00eatre pay\u00e9 plus vite.\u00a0\u00bb font_container=\u00a0\u00bbtag:h1|text_align:left|color:%23ffffff\u00a0\u00bb use_theme_fonts=\u00a0\u00bbyes\u00a0\u00bb css=\u00a0\u00bb.vc_custom_1667906325678{margin-bottom: 24px !important;}\u00a0\u00bb][vc_column_text el_class=\u00a0\u00bbtext-white\u00a0\u00bb css=\u00a0\u00bb.vc_custom_1667906333240{margin-bottom: 24px !important;}\u00a0\u00bb]Tradeshift renforce les liens entre les acheteurs et les fournisseurs. C\u2019est simple : tout le monde y gagne. Vous cherchez de nouveaux acheteurs ? Ou vous souhaitez am\u00e9liorer la&#8230;  <a class=\"excerpt-read-more\" href=\"https:\/\/tradeshift.com\/fr\/solutions-fournisseurs\/\" title=\"LireDigital B2B Supplier Solutions | Tradeshift\">Lire la suite &raquo;<\/a><\/p>\n","protected":false},"author":59,"featured_media":0,"parent":0,"menu_order":467,"comment_status":"closed","ping_status":"closed","template":"","meta":{"_acf_changed":false,"om_disable_all_campaigns":false,"inline_featured_image":false,"footnotes":""},"class_list":["post-1257","page","type-page","status-publish","hentry"],"yoast_head":"<!-- This site is optimized with the Yoast SEO Premium plugin v25.5 (Yoast SEO v25.5) - https:\/\/yoast.com\/wordpress\/plugins\/seo\/ -->\n<title>Solutions de r\u00e9seau B2B pour les fournisseurs | Tradeshift<\/title>\n<meta name=\"description\" content=\"Tradeshift renforce les liens entre les acheteurs et les fournisseurs. C\u2019est simple : tout le monde y gagne. Vous cherchez de nouveaux acheteurs ? Ou vous\" \/>\n<meta name=\"robots\" content=\"index, follow, max-snippet:-1, max-image-preview:large, max-video-preview:-1\" \/>\n<link rel=\"canonical\" href=\"https:\/\/tradeshift.com\/fr\/solutions-fournisseurs\/\" \/>\n<meta property=\"og:locale\" content=\"fr_FR\" \/>\n<meta property=\"og:type\" content=\"article\" \/>\n<meta property=\"og:title\" content=\"Digital B2B Supplier Solutions | Tradeshift\" \/>\n<meta property=\"og:description\" content=\"Tradeshift renforce les liens entre les acheteurs et les fournisseurs. C\u2019est simple : tout le monde y gagne. Vous cherchez de nouveaux acheteurs ? Ou vous\" \/>\n<meta property=\"og:url\" content=\"https:\/\/tradeshift.com\/fr\/solutions-fournisseurs\/\" \/>\n<meta property=\"og:site_name\" content=\"Tradeshift\" \/>\n<meta property=\"article:publisher\" content=\"https:\/\/www.facebook.com\/Tradeshift\/\" \/>\n<meta property=\"article:modified_time\" content=\"2022-11-08T11:20:47+00:00\" \/>\n<meta name=\"twitter:card\" content=\"summary_large_image\" \/>\n<meta name=\"twitter:site\" content=\"@tradeshift\" \/>\n<script type=\"application\/ld+json\" class=\"yoast-schema-graph\">{\"@context\":\"https:\/\/schema.org\",\"@graph\":[{\"@type\":\"WebPage\",\"@id\":\"https:\/\/tradeshift.com\/fr\/solutions-fournisseurs\/\",\"url\":\"https:\/\/tradeshift.com\/fr\/solutions-fournisseurs\/\",\"name\":\"Solutions de r\u00e9seau B2B pour les fournisseurs | Tradeshift\",\"isPartOf\":{\"@id\":\"https:\/\/tradeshift.com\/fr\/#website\"},\"datePublished\":\"2020-08-16T01:58:17+00:00\",\"dateModified\":\"2022-11-08T11:20:47+00:00\",\"description\":\"Tradeshift renforce les liens entre les acheteurs et les fournisseurs. C\u2019est simple : tout le monde y gagne. Vous cherchez de nouveaux acheteurs ? Ou vous\",\"breadcrumb\":{\"@id\":\"https:\/\/tradeshift.com\/fr\/solutions-fournisseurs\/#breadcrumb\"},\"inLanguage\":\"fr-FR\",\"potentialAction\":[{\"@type\":\"ReadAction\",\"target\":[\"https:\/\/tradeshift.com\/fr\/solutions-fournisseurs\/\"]}]},{\"@type\":\"BreadcrumbList\",\"@id\":\"https:\/\/tradeshift.com\/fr\/solutions-fournisseurs\/#breadcrumb\",\"itemListElement\":[{\"@type\":\"ListItem\",\"position\":1,\"name\":\"Home\",\"item\":\"https:\/\/tradeshift.com\/fr\/\"},{\"@type\":\"ListItem\",\"position\":2,\"name\":\"Digital B2B Supplier Solutions | Tradeshift\"}]},{\"@type\":\"WebSite\",\"@id\":\"https:\/\/tradeshift.com\/fr\/#website\",\"url\":\"https:\/\/tradeshift.com\/fr\/\",\"name\":\"Tradeshift\",\"description\":\"B2B Network for Supply Chain Purchasing, B2B Payments &amp; Apps\",\"publisher\":{\"@id\":\"https:\/\/tradeshift.com\/fr\/#organization\"},\"potentialAction\":[{\"@type\":\"SearchAction\",\"target\":{\"@type\":\"EntryPoint\",\"urlTemplate\":\"https:\/\/tradeshift.com\/fr\/?s={search_term_string}\"},\"query-input\":{\"@type\":\"PropertyValueSpecification\",\"valueRequired\":true,\"valueName\":\"search_term_string\"}}],\"inLanguage\":\"fr-FR\"},{\"@type\":\"Organization\",\"@id\":\"https:\/\/tradeshift.com\/fr\/#organization\",\"name\":\"Tradeshift\",\"url\":\"https:\/\/tradeshift.com\/fr\/\",\"logo\":{\"@type\":\"ImageObject\",\"inLanguage\":\"fr-FR\",\"@id\":\"https:\/\/tradeshift.com\/fr\/#\/schema\/logo\/image\/\",\"url\":\"https:\/\/tradeshift.com\/wp-content\/uploads\/2021\/01\/Logo-symbol-white-on-blue-bg-@10x.png\",\"contentUrl\":\"https:\/\/tradeshift.com\/wp-content\/uploads\/2021\/01\/Logo-symbol-white-on-blue-bg-@10x.png\",\"width\":3920,\"height\":3920,\"caption\":\"Tradeshift\"},\"image\":{\"@id\":\"https:\/\/tradeshift.com\/fr\/#\/schema\/logo\/image\/\"},\"sameAs\":[\"https:\/\/www.facebook.com\/Tradeshift\/\",\"https:\/\/x.com\/tradeshift\",\"https:\/\/www.linkedin.com\/company\/tradeshift\",\"https:\/\/www.youtube.com\/channel\/UCaUy07yFxZAf22xwWjTahng\",\"https:\/\/en.wikipedia.org\/wiki\/Tradeshift\"]}]}<\/script>\n<!-- \/ Yoast SEO Premium plugin. -->","yoast_head_json":{"title":"Solutions de r\u00e9seau B2B pour les fournisseurs | Tradeshift","description":"Tradeshift renforce les liens entre les acheteurs et les fournisseurs. C\u2019est simple : tout le monde y gagne. Vous cherchez de nouveaux acheteurs ? Ou vous","robots":{"index":"index","follow":"follow","max-snippet":"max-snippet:-1","max-image-preview":"max-image-preview:large","max-video-preview":"max-video-preview:-1"},"canonical":"https:\/\/tradeshift.com\/fr\/solutions-fournisseurs\/","og_locale":"fr_FR","og_type":"article","og_title":"Digital B2B Supplier Solutions | Tradeshift","og_description":"Tradeshift renforce les liens entre les acheteurs et les fournisseurs. C\u2019est simple : tout le monde y gagne. Vous cherchez de nouveaux acheteurs ? Ou vous","og_url":"https:\/\/tradeshift.com\/fr\/solutions-fournisseurs\/","og_site_name":"Tradeshift","article_publisher":"https:\/\/www.facebook.com\/Tradeshift\/","article_modified_time":"2022-11-08T11:20:47+00:00","twitter_card":"summary_large_image","twitter_site":"@tradeshift","schema":{"@context":"https:\/\/schema.org","@graph":[{"@type":"WebPage","@id":"https:\/\/tradeshift.com\/fr\/solutions-fournisseurs\/","url":"https:\/\/tradeshift.com\/fr\/solutions-fournisseurs\/","name":"Solutions de r\u00e9seau B2B pour les fournisseurs | Tradeshift","isPartOf":{"@id":"https:\/\/tradeshift.com\/fr\/#website"},"datePublished":"2020-08-16T01:58:17+00:00","dateModified":"2022-11-08T11:20:47+00:00","description":"Tradeshift renforce les liens entre les acheteurs et les fournisseurs. C\u2019est simple : tout le monde y gagne. Vous cherchez de nouveaux acheteurs ? Ou vous","breadcrumb":{"@id":"https:\/\/tradeshift.com\/fr\/solutions-fournisseurs\/#breadcrumb"},"inLanguage":"fr-FR","potentialAction":[{"@type":"ReadAction","target":["https:\/\/tradeshift.com\/fr\/solutions-fournisseurs\/"]}]},{"@type":"BreadcrumbList","@id":"https:\/\/tradeshift.com\/fr\/solutions-fournisseurs\/#breadcrumb","itemListElement":[{"@type":"ListItem","position":1,"name":"Home","item":"https:\/\/tradeshift.com\/fr\/"},{"@type":"ListItem","position":2,"name":"Digital B2B Supplier Solutions | Tradeshift"}]},{"@type":"WebSite","@id":"https:\/\/tradeshift.com\/fr\/#website","url":"https:\/\/tradeshift.com\/fr\/","name":"Tradeshift","description":"B2B Network for Supply Chain Purchasing, B2B Payments &amp; Apps","publisher":{"@id":"https:\/\/tradeshift.com\/fr\/#organization"},"potentialAction":[{"@type":"SearchAction","target":{"@type":"EntryPoint","urlTemplate":"https:\/\/tradeshift.com\/fr\/?s={search_term_string}"},"query-input":{"@type":"PropertyValueSpecification","valueRequired":true,"valueName":"search_term_string"}}],"inLanguage":"fr-FR"},{"@type":"Organization","@id":"https:\/\/tradeshift.com\/fr\/#organization","name":"Tradeshift","url":"https:\/\/tradeshift.com\/fr\/","logo":{"@type":"ImageObject","inLanguage":"fr-FR","@id":"https:\/\/tradeshift.com\/fr\/#\/schema\/logo\/image\/","url":"https:\/\/tradeshift.com\/wp-content\/uploads\/2021\/01\/Logo-symbol-white-on-blue-bg-@10x.png","contentUrl":"https:\/\/tradeshift.com\/wp-content\/uploads\/2021\/01\/Logo-symbol-white-on-blue-bg-@10x.png","width":3920,"height":3920,"caption":"Tradeshift"},"image":{"@id":"https:\/\/tradeshift.com\/fr\/#\/schema\/logo\/image\/"},"sameAs":["https:\/\/www.facebook.com\/Tradeshift\/","https:\/\/x.com\/tradeshift","https:\/\/www.linkedin.com\/company\/tradeshift","https:\/\/www.youtube.com\/channel\/UCaUy07yFxZAf22xwWjTahng","https:\/\/en.wikipedia.org\/wiki\/Tradeshift"]}]}},"acf":[],"_links":{"self":[{"href":"https:\/\/tradeshift.com\/fr\/wp-json\/wp\/v2\/pages\/1257","targetHints":{"allow":["GET"]}}],"collection":[{"href":"https:\/\/tradeshift.com\/fr\/wp-json\/wp\/v2\/pages"}],"about":[{"href":"https:\/\/tradeshift.com\/fr\/wp-json\/wp\/v2\/types\/page"}],"author":[{"embeddable":true,"href":"https:\/\/tradeshift.com\/fr\/wp-json\/wp\/v2\/users\/59"}],"replies":[{"embeddable":true,"href":"https:\/\/tradeshift.com\/fr\/wp-json\/wp\/v2\/comments?post=1257"}],"version-history":[{"count":0,"href":"https:\/\/tradeshift.com\/fr\/wp-json\/wp\/v2\/pages\/1257\/revisions"}],"wp:attachment":[{"href":"https:\/\/tradeshift.com\/fr\/wp-json\/wp\/v2\/media?parent=1257"}],"curies":[{"name":"wp","href":"https:\/\/api.w.org\/{rel}","templated":true}]}}