{"id":1267,"date":"2020-08-15T21:34:47","date_gmt":"2020-08-16T04:34:47","guid":{"rendered":"https:\/\/tradeshift-old.local\/?page_id=1267"},"modified":"2022-11-08T05:19:28","modified_gmt":"2022-11-08T13:19:28","slug":"solutions-pour-la-supply-chain","status":"publish","type":"page","link":"https:\/\/tradeshift.com\/fr\/solutions-pour-la-supply-chain\/","title":{"rendered":"Digital Trade &amp; Supply Chain Solutions for Buyers"},"content":{"rendered":"<div class=\"wpb-content-wrapper\"><p>[vc_row el_class=\u00a0\u00bbpage-hero boxed-hero\u00a0\u00bb css=\u00a0\u00bb.vc_custom_1665691642131{background-image: url(https:\/\/tradeshift.com\/wp-content\/uploads\/2022\/10\/buyer-solutions-hero.d15761f5-scaled.jpg?id=38904) !important;}\u00a0\u00bb][vc_column width=\u00a0\u00bb5\/12&Prime;][vc_custom_heading text=\u00a0\u00bbDes solutions pour les entreprises\u00a0\u00bb font_container=\u00a0\u00bbtag:h4|text_align:left|color:%23ffffff\u00a0\u00bb use_theme_fonts=\u00a0\u00bbyes\u00a0\u00bb el_class=\u00a0\u00bbsubhead\u00a0\u00bb][vc_custom_heading text=\u00a0\u00bbUn logiciel d&rsquo;entreprise con\u00e7u pour ses utilisateurs\u00a0\u00bb font_container=\u00a0\u00bbtag:h1|text_align:left|color:%23ffffff\u00a0\u00bb use_theme_fonts=\u00a0\u00bbyes\u00a0\u00bb el_class=\u00a0\u00bbsubhea\u00a0\u00bb][vc_column_text el_class=\u00a0\u00bbtext-white\u00a0\u00bb]Nos solutions permettent aux entreprises de se d\u00e9velopper en mettant en place une supply chain moderne et num\u00e9rique.\u00a0Nous vous aidons \u00e0 vous adapter en permanence, quel que soit le rythme du changement. Avec une strat\u00e9gie d\u2019achat et des marketplaces modernes, un syst\u00e8me de facturation et de paiement \u00e9lectronique efficace et une connexion num\u00e9rique \u00e0 votre supply chain, votre entreprise est pr\u00eate pour tirer parti du changement.[\/vc_column_text][vc_btn color=\u00a0\u00bbwhite\u00a0\u00bb title=\u00a0\u00bbEn savoir plus\u00a0\u00bb align=\u00a0\u00bbleft\u00a0\u00bb link=\u00a0\u00bburl:https%3A%2F%2Ftradeshift.com%2Ffr%2Fwhy-tradeshift%2F\u00a0\u00bb][\/vc_column][vc_column width=\u00a0\u00bb7\/12&Prime;][\/vc_column][\/vc_row][vc_row equal_height=\u00a0\u00bbyes\u00a0\u00bb content_placement=\u00a0\u00bbmiddle\u00a0\u00bb reverse_row=\u00a0\u00bbtrue\u00a0\u00bb el_class=\u00a0\u00bbimage-columns image-columns-alt\u00a0\u00bb css=\u00a0\u00bb.vc_custom_1665721584620{padding-top: 96px !important;padding-bottom: 64px !important;}\u00a0\u00bb][vc_column width=\u00a0\u00bb1\/2&Prime;][vc_single_image image=\u00a0\u00bb38920&Prime; img_size=\u00a0\u00bbfull\u00a0\u00bb][\/vc_column][vc_column width=\u00a0\u00bb1\/2&Prime;][vc_single_image image=\u00a0\u00bb38911&Prime; img_size=\u00a0\u00bblarge\u00a0\u00bb max_width=\u00a0\u00bb149.44px\u00a0\u00bb css=\u00a0\u00bb.vc_custom_1665722603812{margin-bottom: 32px !important;}\u00a0\u00bb][vc_custom_heading text=\u00a0\u00bbPassez \u00e0 l&rsquo;\u00e8re de la marketplace B2B. Les outils que vous utilisez et les fournisseurs qui vous int\u00e9ressent, regroup\u00e9s sur un r\u00e9seau num\u00e9rique intelligent.\u00a0\u00bb use_theme_fonts=\u00a0\u00bbyes\u00a0\u00bb css=\u00a0\u00bb.vc_custom_1667913315311{margin-top: 0px !important;margin-bottom: 32px !important;}\u00a0\u00bb][vc_column_text css=\u00a0\u00bb.vc_custom_1667913324445{margin-bottom: 32px !important;}\u00a0\u00bb]<i>Buy<\/i>\u00a0facilite les achats pour vos employ\u00e9s. Alimentez votre marketplace avec les offres des fournisseurs de votre choix. Puis ouvrez la boutique et laissez les employ\u00e9s faire leurs courses.\u00a0<i>Buy<\/i>\u00a0est une s\u00e9lection de marketplaces B2B offrant une exp\u00e9rience d\u2019achat B2C. C\u2019est \u00e7a, le pouvoir d\u2019achat.[\/vc_column_text][vc_btn color=\u00a0\u00bbgreen-white\u00a0\u00bb title=\u00a0\u00bbD\u00e9couvrez Buy\u00a0\u00bb align=\u00a0\u00bbleft\u00a0\u00bb link=\u00a0\u00bburl:https%3A%2F%2Ftradeshift.com%2Ffr%2Fsolutions-pour-la-supply-chain%2Fbuy%2F\u00a0\u00bb css=\u00a0\u00bb.vc_custom_1667913342823{margin-bottom: 0px !important;}\u00a0\u00bb][\/vc_column][\/vc_row][vc_row equal_height=\u00a0\u00bbyes\u00a0\u00bb content_placement=\u00a0\u00bbmiddle\u00a0\u00bb el_class=\u00a0\u00bbimage-columns\u00a0\u00bb css=\u00a0\u00bb.vc_custom_1665722086310{padding-top: 96px !important;padding-bottom: 64px !important;background-color: #f2f2f2 !important;}\u00a0\u00bb][vc_column width=\u00a0\u00bb1\/2&Prime;][vc_single_image image=\u00a0\u00bb38965&Prime; img_size=\u00a0\u00bbfull\u00a0\u00bb][\/vc_column][vc_column width=\u00a0\u00bb1\/2&Prime;][vc_single_image image=\u00a0\u00bb38929&Prime; img_size=\u00a0\u00bblarge\u00a0\u00bb max_width=\u00a0\u00bb150px\u00a0\u00bb css=\u00a0\u00bb.vc_custom_1665722644586{margin-bottom: 32px !important;}\u00a0\u00bb][vc_custom_heading text=\u00a0\u00bbAm\u00e9liorez votre comptabilit\u00e9 fournisseurs avec la solution r\u00e9seau n\u00b0 1 qui automatise vos processus de bout en bout.\u00a0\u00bb use_theme_fonts=\u00a0\u00bbyes\u00a0\u00bb css=\u00a0\u00bb.vc_custom_1667913358077{margin-top: 0px !important;margin-bottom: 32px !important;}\u00a0\u00bb][vc_column_text css=\u00a0\u00bb.vc_custom_1667913367286{margin-bottom: 32px !important;}\u00a0\u00bb]Passez \u00e0 la d\u00e9mat\u00e9rialisation et \u00e0 l\u2019automatisation pour tout le cycle des commandes aux paiements. Automatisez les factures en les saisissant num\u00e9riquement et laissez l\u2019IA faire le reste. Id\u00e9al pour satisfaire les fournisseurs et impressionner les directeurs financiers.[\/vc_column_text][vc_btn color=\u00a0\u00bbsky-blue-white\u00a0\u00bb title=\u00a0\u00bbD\u00e9couvrez Pay\u00a0\u00bb align=\u00a0\u00bbleft\u00a0\u00bb link=\u00a0\u00bburl:https%3A%2F%2Ftradeshift.com%2Ffr%2Fsolutions-pour-la-supply-chain%2Fpay%2F\u00a0\u00bb css=\u00a0\u00bb.vc_custom_1667913385467{margin-bottom: 0px !important;}\u00a0\u00bb][\/vc_column][\/vc_row][vc_row equal_height=\u00a0\u00bbyes\u00a0\u00bb content_placement=\u00a0\u00bbmiddle\u00a0\u00bb reverse_row=\u00a0\u00bbtrue\u00a0\u00bb el_class=\u00a0\u00bbimage-columns image-columns-alt\u00a0\u00bb css=\u00a0\u00bb.vc_custom_1665721602461{padding-top: 96px !important;padding-bottom: 64px !important;}\u00a0\u00bb][vc_column width=\u00a0\u00bb1\/2&Prime;][vc_single_image image=\u00a0\u00bb38974&Prime; img_size=\u00a0\u00bbfull\u00a0\u00bb][\/vc_column][vc_column width=\u00a0\u00bb1\/2&Prime;][vc_single_image image=\u00a0\u00bb38938&Prime; img_size=\u00a0\u00bblarge\u00a0\u00bb max_width=\u00a0\u00bb232.19px\u00a0\u00bb css=\u00a0\u00bb.vc_custom_1665722701485{margin-bottom: 32px !important;}\u00a0\u00bb][vc_custom_heading text=\u00a0\u00bbDonnez \u00e0 vos fournisseurs une raison d&rsquo;\u00eatre enthousiastes \u00e0 l&rsquo;id\u00e9e de faire affaire avec vous.\u00a0\u00bb use_theme_fonts=\u00a0\u00bbyes\u00a0\u00bb css=\u00a0\u00bb.vc_custom_1667913397973{margin-top: 0px !important;margin-bottom: 32px !important;}\u00a0\u00bb][vc_column_text css=\u00a0\u00bb.vc_custom_1667913417043{margin-bottom: 32px !important;}\u00a0\u00bb]Ne faites pas fuir vos fournisseurs en leur proposant un \u00e9ni\u00e8me portail peu convivial. Offrez-leur plut\u00f4t de vrais b\u00e9n\u00e9fices avec Tradeshift Engage. C\u2019est la seule solution qui offre aux fournisseurs un acc\u00e8s libre \u00e0 la collaboration et des outils d\u2019analyse. Entrez dans une relation plus productive avec vos fournisseurs d\u00e8s le premier jour.[\/vc_column_text][vc_btn color=\u00a0\u00bborange-white\u00a0\u00bb title=\u00a0\u00bbD\u00e9couvrez Engage\u00a0\u00bb align=\u00a0\u00bbleft\u00a0\u00bb link=\u00a0\u00bburl:https%3A%2F%2Ftradeshift.com%2Ffr%2Fsolutions-pour-la-supply-chain%2Fengage%2F\u00a0\u00bb css=\u00a0\u00bb.vc_custom_1667913437233{margin-bottom: 0px !important;}\u00a0\u00bb][\/vc_column][\/vc_row][vc_row equal_height=\u00a0\u00bbyes\u00a0\u00bb content_placement=\u00a0\u00bbmiddle\u00a0\u00bb el_class=\u00a0\u00bbimage-columns\u00a0\u00bb css=\u00a0\u00bb.vc_custom_1665722076848{padding-top: 96px !important;padding-bottom: 64px !important;background-color: #f2f2f2 !important;}\u00a0\u00bb][vc_column width=\u00a0\u00bb1\/2&Prime;][vc_single_image image=\u00a0\u00bb38983&Prime; img_size=\u00a0\u00bbfull\u00a0\u00bb][\/vc_column][vc_column width=\u00a0\u00bb1\/2&Prime;][vc_single_image image=\u00a0\u00bb38947&Prime; img_size=\u00a0\u00bblarge\u00a0\u00bb max_width=\u00a0\u00bb221.05px\u00a0\u00bb css=\u00a0\u00bb.vc_custom_1665722710509{margin-bottom: 32px !important;}\u00a0\u00bb][vc_custom_heading text=\u00a0\u00bbDes paiements anticip\u00e9s. Et pas seulement pour certaines factures. \u00c0 chaque fois. Anticip\u00e9s.\u00a0\u00bb use_theme_fonts=\u00a0\u00bbyes\u00a0\u00bb css=\u00a0\u00bb.vc_custom_1667913455204{margin-top: 0px !important;margin-bottom: 32px !important;}\u00a0\u00bb][vc_column_text css=\u00a0\u00bb.vc_custom_1667913464400{margin-bottom: 32px !important;}\u00a0\u00bb]<\/p>\n<p class=\"paragraph\">Les autres solutions de paiement anticip\u00e9 fonctionnent de temps en temps, avec certains fournisseurs seulement. Tradeshift Cash est diff\u00e9rent : il s\u2019appuie sur l\u2019historique de facturation de votre r\u00e9seau, pas sur l\u2019historique de cr\u00e9dit de votre fournisseur. Par cons\u00e9quent, vos fournisseurs sont plus nombreux \u00e0 \u00eatre pay\u00e9s rapidement et r\u00e9guli\u00e8rement.<\/p>\n<p class=\"paragraph\">Et vous pouvez construire une supply chain plus solide en donnant \u00e0 vos fournisseurs acc\u00e8s \u00e0 un cash-flow toujours disponible. Un avantage significatif pour les fournisseurs, un enr\u00f4lement plus rapide, des supply chains plus p\u00e9rennes. C\u2019est la force de\u00a0<i>Cash.<\/i><\/p>\n<p>[\/vc_column_text][vc_btn color=\u00a0\u00bbpurple-white\u00a0\u00bb title=\u00a0\u00bbD\u00e9couvrez Cash\u00a0\u00bb align=\u00a0\u00bbleft\u00a0\u00bb link=\u00a0\u00bburl:https%3A%2F%2Ftradeshift.com%2Ffr%2Fsolutions-pour-la-supply-chain%2Fcash%2F\u00a0\u00bb css=\u00a0\u00bb.vc_custom_1667913478043{margin-bottom: 0px !important;}\u00a0\u00bb][\/vc_column][\/vc_row][vc_row equal_height=\u00a0\u00bbyes\u00a0\u00bb content_placement=\u00a0\u00bbmiddle\u00a0\u00bb reverse_row=\u00a0\u00bbtrue\u00a0\u00bb el_class=\u00a0\u00bbimage-columns image-columns-alt\u00a0\u00bb css=\u00a0\u00bb.vc_custom_1665721602461{padding-top: 96px !important;padding-bottom: 64px !important;}\u00a0\u00bb][vc_column width=\u00a0\u00bb1\/2&Prime;][vc_single_image image=\u00a0\u00bb38992&Prime; img_size=\u00a0\u00bbfull\u00a0\u00bb][\/vc_column][vc_column width=\u00a0\u00bb1\/2&Prime;][vc_single_image image=\u00a0\u00bb38956&Prime; img_size=\u00a0\u00bblarge\u00a0\u00bb max_width=\u00a0\u00bb158.61px\u00a0\u00bb css=\u00a0\u00bb.vc_custom_1665722730757{margin-bottom: 32px !important;}\u00a0\u00bb][vc_custom_heading text=\u00a0\u00bbOffrez \u00e0 vos employ\u00e9s une carte de cr\u00e9dit virtuelle d&rsquo;entreprise. Sans leur faire une confiance aveugle.\u00a0\u00bb use_theme_fonts=\u00a0\u00bbyes\u00a0\u00bb css=\u00a0\u00bb.vc_custom_1667913491182{margin-top: 0px !important;margin-bottom: 32px !important;}\u00a0\u00bb][vc_column_text css=\u00a0\u00bb.vc_custom_1667913497330{margin-bottom: 32px !important;}\u00a0\u00bb]Finis les re\u00e7us papier et les d\u00e9penses injustifi\u00e9es. Tradeshift Go vous permet d\u2019\u00e9mettre des cartes de cr\u00e9dits virtuelles, encrypt\u00e9es et pr\u00e9-approuv\u00e9es, avec une simple app. Des achats simplifi\u00e9s, et sans soucis, merci\u00a0<i>Go!<\/i>[\/vc_column_text][vc_btn color=\u00a0\u00bbred-white\u00a0\u00bb title=\u00a0\u00bbD\u00e9couvrez Go\u00a0\u00bb align=\u00a0\u00bbleft\u00a0\u00bb link=\u00a0\u00bburl:https%3A%2F%2Ftradeshift.com%2Ffr%2Fsolutions-pour-la-supply-chain%2Fgo%2F\u00a0\u00bb css=\u00a0\u00bb.vc_custom_1667913511295{margin-bottom: 0px !important;}\u00a0\u00bb][\/vc_column][\/vc_row][vc_row equal_height=\u00a0\u00bbyes\u00a0\u00bb content_placement=\u00a0\u00bbmiddle\u00a0\u00bb reverse_row=\u00a0\u00bbtrue\u00a0\u00bb css=\u00a0\u00bb.vc_custom_1664927607812{background-color: #0a37f0 !important;}\u00a0\u00bb el_class=\u00a0\u00bbpage-cta\u00a0\u00bb][vc_column css=\u00a0\u00bb.vc_custom_1665722498580{background-image: url(https:\/\/tradeshift.com\/wp-content\/uploads\/2022\/10\/no-invoices-to-approve.221f916a.jpg?id=38998) !important;}\u00a0\u00bb offset=\u00a0\u00bbvc_col-md-6&Prime;][vc_single_image image=\u00a0\u00bb40849&Prime; img_size=\u00a0\u00bblarge\u00a0\u00bb alignment=\u00a0\u00bbright\u00a0\u00bb][\/vc_column][vc_column offset=\u00a0\u00bbvc_col-md-6&Prime;][vc_custom_heading text=\u00a0\u00bbDemandez une d\u00e9mo pour votre \u00e9quipe.\u00a0\u00bb font_container=\u00a0\u00bbtag:h2|text_align:left|color:%23ffffff\u00a0\u00bb use_theme_fonts=\u00a0\u00bbyes\u00a0\u00bb css=\u00a0\u00bb.vc_custom_1667913525231{padding-bottom: 16px !important;}\u00a0\u00bb][vc_column_text css=\u00a0\u00bb.vc_custom_1667913540012{margin-bottom: 32px !important;}\u00a0\u00bb el_class=\u00a0\u00bbtext-white\u00a0\u00bb]D\u00e9couvrez comment Tradeshift aide les pros de la finance et de la tr\u00e9sorerie dans le domaine de la comptabilit\u00e9 fournisseurs.[\/vc_column_text][vc_btn color=\u00a0\u00bbwhite\u00a0\u00bb title=\u00a0\u00bbEn savoir plus\u00a0\u00bb align=\u00a0\u00bbleft\u00a0\u00bb link=\u00a0\u00bburl:https%3A%2F%2Ftradeshift.com%2Ffr%2Frequest-a-demo%2F\u00a0\u00bb][vc_custom_heading text=\u00a0\u00bb#shifthappens\u00a0\u00bb font_container=\u00a0\u00bbtag:h4|text_align:left|color:%23ffffff\u00a0\u00bb use_theme_fonts=\u00a0\u00bbyes\u00a0\u00bb][\/vc_column][\/vc_row]<\/p>\n<\/div>","protected":false},"excerpt":{"rendered":"<p>[vc_row el_class=\u00a0\u00bbpage-hero boxed-hero\u00a0\u00bb css=\u00a0\u00bb.vc_custom_1665691642131{background-image: url(https:\/\/tradeshift.com\/wp-content\/uploads\/2022\/10\/buyer-solutions-hero.d15761f5-scaled.jpg?id=38904) !important;}\u00a0\u00bb][vc_column width=\u00a0\u00bb5\/12&Prime;][vc_custom_heading text=\u00a0\u00bbDes solutions pour les entreprises\u00a0\u00bb font_container=\u00a0\u00bbtag:h4|text_align:left|color:%23ffffff\u00a0\u00bb use_theme_fonts=\u00a0\u00bbyes\u00a0\u00bb el_class=\u00a0\u00bbsubhead\u00a0\u00bb][vc_custom_heading text=\u00a0\u00bbUn logiciel d&rsquo;entreprise con\u00e7u pour ses utilisateurs\u00a0\u00bb font_container=\u00a0\u00bbtag:h1|text_align:left|color:%23ffffff\u00a0\u00bb use_theme_fonts=\u00a0\u00bbyes\u00a0\u00bb el_class=\u00a0\u00bbsubhea\u00a0\u00bb][vc_column_text el_class=\u00a0\u00bbtext-white\u00a0\u00bb]Nos solutions permettent aux entreprises de se d\u00e9velopper en mettant en place une supply chain moderne et num\u00e9rique.\u00a0Nous vous aidons \u00e0 vous adapter en permanence, quel que soit le rythme&#8230;  <a class=\"excerpt-read-more\" href=\"https:\/\/tradeshift.com\/fr\/solutions-pour-la-supply-chain\/\" title=\"LireDigital Trade &amp; Supply Chain Solutions for Buyers\">Lire la suite &raquo;<\/a><\/p>\n","protected":false},"author":59,"featured_media":0,"parent":0,"menu_order":462,"comment_status":"closed","ping_status":"closed","template":"","meta":{"_acf_changed":false,"om_disable_all_campaigns":false,"inline_featured_image":false,"footnotes":""},"class_list":["post-1267","page","type-page","status-publish","hentry"],"yoast_head":"<!-- This site is optimized with the Yoast SEO Premium plugin v25.5 (Yoast SEO v25.5) - https:\/\/yoast.com\/wordpress\/plugins\/seo\/ -->\n<title>Solutions pour la supply chain | Tradeshift<\/title>\n<meta name=\"description\" content=\"Nos solutions permettent aux entreprises de se d\u00e9velopper en mettant en place une supply chain moderne et num\u00e9rique.\u00a0Nous vous aidons \u00e0 vous adapter en\" \/>\n<meta name=\"robots\" content=\"index, follow, max-snippet:-1, max-image-preview:large, max-video-preview:-1\" \/>\n<link rel=\"canonical\" href=\"https:\/\/tradeshift.com\/fr\/solutions-pour-la-supply-chain\/\" \/>\n<meta property=\"og:locale\" content=\"fr_FR\" \/>\n<meta property=\"og:type\" content=\"article\" \/>\n<meta property=\"og:title\" content=\"Digital Trade &amp; Supply Chain Solutions for Buyers\" \/>\n<meta property=\"og:description\" content=\"Nos solutions permettent aux entreprises de se d\u00e9velopper en mettant en place une supply chain moderne et num\u00e9rique.\u00a0Nous vous aidons \u00e0 vous adapter en\" \/>\n<meta property=\"og:url\" content=\"https:\/\/tradeshift.com\/fr\/solutions-pour-la-supply-chain\/\" \/>\n<meta property=\"og:site_name\" content=\"Tradeshift\" \/>\n<meta property=\"article:publisher\" content=\"https:\/\/www.facebook.com\/Tradeshift\/\" \/>\n<meta property=\"article:modified_time\" content=\"2022-11-08T13:19:28+00:00\" \/>\n<meta name=\"twitter:card\" content=\"summary_large_image\" \/>\n<meta name=\"twitter:site\" content=\"@tradeshift\" \/>\n<script type=\"application\/ld+json\" class=\"yoast-schema-graph\">{\"@context\":\"https:\/\/schema.org\",\"@graph\":[{\"@type\":\"WebPage\",\"@id\":\"https:\/\/tradeshift.com\/fr\/solutions-pour-la-supply-chain\/\",\"url\":\"https:\/\/tradeshift.com\/fr\/solutions-pour-la-supply-chain\/\",\"name\":\"Solutions pour la supply chain | Tradeshift\",\"isPartOf\":{\"@id\":\"https:\/\/tradeshift.com\/fr\/#website\"},\"datePublished\":\"2020-08-16T04:34:47+00:00\",\"dateModified\":\"2022-11-08T13:19:28+00:00\",\"description\":\"Nos solutions permettent aux entreprises de se d\u00e9velopper en mettant en place une supply chain moderne et num\u00e9rique.\u00a0Nous vous aidons \u00e0 vous adapter en\",\"breadcrumb\":{\"@id\":\"https:\/\/tradeshift.com\/fr\/solutions-pour-la-supply-chain\/#breadcrumb\"},\"inLanguage\":\"fr-FR\",\"potentialAction\":[{\"@type\":\"ReadAction\",\"target\":[\"https:\/\/tradeshift.com\/fr\/solutions-pour-la-supply-chain\/\"]}]},{\"@type\":\"BreadcrumbList\",\"@id\":\"https:\/\/tradeshift.com\/fr\/solutions-pour-la-supply-chain\/#breadcrumb\",\"itemListElement\":[{\"@type\":\"ListItem\",\"position\":1,\"name\":\"Home\",\"item\":\"https:\/\/tradeshift.com\/fr\/\"},{\"@type\":\"ListItem\",\"position\":2,\"name\":\"Digital Trade &amp; Supply Chain Solutions for Buyers\"}]},{\"@type\":\"WebSite\",\"@id\":\"https:\/\/tradeshift.com\/fr\/#website\",\"url\":\"https:\/\/tradeshift.com\/fr\/\",\"name\":\"Tradeshift\",\"description\":\"B2B Network for Supply Chain Purchasing, B2B Payments &amp; Apps\",\"publisher\":{\"@id\":\"https:\/\/tradeshift.com\/fr\/#organization\"},\"potentialAction\":[{\"@type\":\"SearchAction\",\"target\":{\"@type\":\"EntryPoint\",\"urlTemplate\":\"https:\/\/tradeshift.com\/fr\/?s={search_term_string}\"},\"query-input\":{\"@type\":\"PropertyValueSpecification\",\"valueRequired\":true,\"valueName\":\"search_term_string\"}}],\"inLanguage\":\"fr-FR\"},{\"@type\":\"Organization\",\"@id\":\"https:\/\/tradeshift.com\/fr\/#organization\",\"name\":\"Tradeshift\",\"url\":\"https:\/\/tradeshift.com\/fr\/\",\"logo\":{\"@type\":\"ImageObject\",\"inLanguage\":\"fr-FR\",\"@id\":\"https:\/\/tradeshift.com\/fr\/#\/schema\/logo\/image\/\",\"url\":\"https:\/\/tradeshift.com\/wp-content\/uploads\/2021\/01\/Logo-symbol-white-on-blue-bg-@10x.png\",\"contentUrl\":\"https:\/\/tradeshift.com\/wp-content\/uploads\/2021\/01\/Logo-symbol-white-on-blue-bg-@10x.png\",\"width\":3920,\"height\":3920,\"caption\":\"Tradeshift\"},\"image\":{\"@id\":\"https:\/\/tradeshift.com\/fr\/#\/schema\/logo\/image\/\"},\"sameAs\":[\"https:\/\/www.facebook.com\/Tradeshift\/\",\"https:\/\/x.com\/tradeshift\",\"https:\/\/www.linkedin.com\/company\/tradeshift\",\"https:\/\/www.youtube.com\/channel\/UCaUy07yFxZAf22xwWjTahng\",\"https:\/\/en.wikipedia.org\/wiki\/Tradeshift\"]}]}<\/script>\n<!-- \/ Yoast SEO Premium plugin. -->","yoast_head_json":{"title":"Solutions pour la supply chain | Tradeshift","description":"Nos solutions permettent aux entreprises de se d\u00e9velopper en mettant en place une supply chain moderne et num\u00e9rique.\u00a0Nous vous aidons \u00e0 vous adapter en","robots":{"index":"index","follow":"follow","max-snippet":"max-snippet:-1","max-image-preview":"max-image-preview:large","max-video-preview":"max-video-preview:-1"},"canonical":"https:\/\/tradeshift.com\/fr\/solutions-pour-la-supply-chain\/","og_locale":"fr_FR","og_type":"article","og_title":"Digital Trade &amp; Supply Chain Solutions for Buyers","og_description":"Nos solutions permettent aux entreprises de se d\u00e9velopper en mettant en place une supply chain moderne et num\u00e9rique.\u00a0Nous vous aidons \u00e0 vous adapter en","og_url":"https:\/\/tradeshift.com\/fr\/solutions-pour-la-supply-chain\/","og_site_name":"Tradeshift","article_publisher":"https:\/\/www.facebook.com\/Tradeshift\/","article_modified_time":"2022-11-08T13:19:28+00:00","twitter_card":"summary_large_image","twitter_site":"@tradeshift","schema":{"@context":"https:\/\/schema.org","@graph":[{"@type":"WebPage","@id":"https:\/\/tradeshift.com\/fr\/solutions-pour-la-supply-chain\/","url":"https:\/\/tradeshift.com\/fr\/solutions-pour-la-supply-chain\/","name":"Solutions pour la supply chain | Tradeshift","isPartOf":{"@id":"https:\/\/tradeshift.com\/fr\/#website"},"datePublished":"2020-08-16T04:34:47+00:00","dateModified":"2022-11-08T13:19:28+00:00","description":"Nos solutions permettent aux entreprises de se d\u00e9velopper en mettant en place une supply chain moderne et num\u00e9rique.\u00a0Nous vous aidons \u00e0 vous adapter en","breadcrumb":{"@id":"https:\/\/tradeshift.com\/fr\/solutions-pour-la-supply-chain\/#breadcrumb"},"inLanguage":"fr-FR","potentialAction":[{"@type":"ReadAction","target":["https:\/\/tradeshift.com\/fr\/solutions-pour-la-supply-chain\/"]}]},{"@type":"BreadcrumbList","@id":"https:\/\/tradeshift.com\/fr\/solutions-pour-la-supply-chain\/#breadcrumb","itemListElement":[{"@type":"ListItem","position":1,"name":"Home","item":"https:\/\/tradeshift.com\/fr\/"},{"@type":"ListItem","position":2,"name":"Digital Trade &amp; Supply Chain Solutions for Buyers"}]},{"@type":"WebSite","@id":"https:\/\/tradeshift.com\/fr\/#website","url":"https:\/\/tradeshift.com\/fr\/","name":"Tradeshift","description":"B2B Network for Supply Chain Purchasing, B2B Payments &amp; Apps","publisher":{"@id":"https:\/\/tradeshift.com\/fr\/#organization"},"potentialAction":[{"@type":"SearchAction","target":{"@type":"EntryPoint","urlTemplate":"https:\/\/tradeshift.com\/fr\/?s={search_term_string}"},"query-input":{"@type":"PropertyValueSpecification","valueRequired":true,"valueName":"search_term_string"}}],"inLanguage":"fr-FR"},{"@type":"Organization","@id":"https:\/\/tradeshift.com\/fr\/#organization","name":"Tradeshift","url":"https:\/\/tradeshift.com\/fr\/","logo":{"@type":"ImageObject","inLanguage":"fr-FR","@id":"https:\/\/tradeshift.com\/fr\/#\/schema\/logo\/image\/","url":"https:\/\/tradeshift.com\/wp-content\/uploads\/2021\/01\/Logo-symbol-white-on-blue-bg-@10x.png","contentUrl":"https:\/\/tradeshift.com\/wp-content\/uploads\/2021\/01\/Logo-symbol-white-on-blue-bg-@10x.png","width":3920,"height":3920,"caption":"Tradeshift"},"image":{"@id":"https:\/\/tradeshift.com\/fr\/#\/schema\/logo\/image\/"},"sameAs":["https:\/\/www.facebook.com\/Tradeshift\/","https:\/\/x.com\/tradeshift","https:\/\/www.linkedin.com\/company\/tradeshift","https:\/\/www.youtube.com\/channel\/UCaUy07yFxZAf22xwWjTahng","https:\/\/en.wikipedia.org\/wiki\/Tradeshift"]}]}},"acf":[],"_links":{"self":[{"href":"https:\/\/tradeshift.com\/fr\/wp-json\/wp\/v2\/pages\/1267","targetHints":{"allow":["GET"]}}],"collection":[{"href":"https:\/\/tradeshift.com\/fr\/wp-json\/wp\/v2\/pages"}],"about":[{"href":"https:\/\/tradeshift.com\/fr\/wp-json\/wp\/v2\/types\/page"}],"author":[{"embeddable":true,"href":"https:\/\/tradeshift.com\/fr\/wp-json\/wp\/v2\/users\/59"}],"replies":[{"embeddable":true,"href":"https:\/\/tradeshift.com\/fr\/wp-json\/wp\/v2\/comments?post=1267"}],"version-history":[{"count":0,"href":"https:\/\/tradeshift.com\/fr\/wp-json\/wp\/v2\/pages\/1267\/revisions"}],"wp:attachment":[{"href":"https:\/\/tradeshift.com\/fr\/wp-json\/wp\/v2\/media?parent=1267"}],"curies":[{"name":"wp","href":"https:\/\/api.w.org\/{rel}","templated":true}]}}