{"id":23281,"date":"2020-08-21T21:57:32","date_gmt":"2020-08-22T04:57:32","guid":{"rendered":"https:\/\/tradeshift-old.local\/?page_id=23281"},"modified":"2025-05-21T06:53:48","modified_gmt":"2025-05-21T13:53:48","slug":"unsubscribe","status":"publish","type":"page","link":"https:\/\/tradeshift.com\/fr\/unsubscribe\/","title":{"rendered":"G\u00e9rez vos Pr\u00e9f\u00e9rences de Communication"},"content":{"rendered":"<div class=\"wpb-content-wrapper\"><p>[vc_row content_placement=\u00a0\u00bbmiddle\u00a0\u00bb el_class=\u00a0\u00bbtext-hero boxed-hero boxed-hero-tall\u00a0\u00bb css=\u00a0\u00bb.vc_custom_1667579162245{padding-top: 87px !important;padding-bottom: 46px !important;background-color: #0a37f0 !important;}\u00a0\u00bb][vc_column][vc_custom_heading text=\u00a0\u00bbG\u00e9rez vos Pr\u00e9f\u00e9rences de Communication\u00a0\u00bb font_container=\u00a0\u00bbtag:h1|font_size:60px|text_align:center|color:%23ffffff\u00a0\u00bb use_theme_fonts=\u00a0\u00bbyes\u00a0\u00bb css=\u00a0\u00bb.vc_custom_1667824906771{margin-top: 0px !important;margin-bottom: 24px !important;}\u00a0\u00bb el_class=\u00a0\u00bbh2&Prime;][vc_custom_heading text=\u00a0\u00bbVotre vie priv\u00e9e est importante et nous la prenons au s\u00e9rieux.\u00a0\u00bb font_container=\u00a0\u00bbtag:h3|text_align:center|color:%23ffffff\u00a0\u00bb use_theme_fonts=\u00a0\u00bbyes\u00a0\u00bb][\/vc_column][\/vc_row][vc_row equal_height=\u00a0\u00bbyes\u00a0\u00bb css=\u00a0\u00bb.vc_custom_1667578775422{padding-top: 50px !important;padding-bottom: 50px !important;}\u00a0\u00bb][vc_column width=\u00a0\u00bb1\/2&Prime;][vc_column_text]<\/p>\n<h3 class=\"heading heading--h3\" data-acf-name=\"please_choose\">Veuillez choisir vos pr\u00e9f\u00e9rences de communication marketing afin que nous puissions adapter nos communications \u00e0 vous.<\/h3>\n<ul class=\"list\">\n<li class=\"li li--ul\" data-acf-name=\"first_instruction\" data-acf-is-rich-text=\"true\">Indiquez votre adresse e-mail (veuillez noter que vos pr\u00e9f\u00e9rences de communication actuelles, le cas \u00e9ch\u00e9ant, ne seront pas affich\u00e9es.)<\/li>\n<li class=\"li li--ul\" data-acf-name=\"second_instruction\" data-acf-is-rich-text=\"true\">Effectuez vos s\u00e9lections.<\/li>\n<li class=\"li li--ul\" data-acf-name=\"third_instruction\" data-acf-is-rich-text=\"true\">Cliquez sur Mettre \u00e0 jour mes pr\u00e9f\u00e9rences.<\/li>\n<\/ul>\n<p class=\"paragraph\">Cliquez\u00a0<a class=\"link\" href=\"https:\/\/go.tradeshift.com\/fr\/login?currentScreen=0\">ici<\/a>\u00a0pour g\u00e9rer les notifications d\u2019activit\u00e9 que vous recevez des produits Tradeshift.<\/p>\n<p>[\/vc_column_text][\/vc_column][vc_column width=\u00a0\u00bb1\/2&Prime;]<script src=\"\/\/marketing.tradeshift.com\/js\/forms2\/js\/forms2.min.js\"><\/script><div class=\"marketo-form\"><h3 id=\"form_title_3340\" class=\"form_title\"><\/h3><div class=\"marketo-form-inner\"><form id=\"mktoForm_3340\"><\/form><p id=\"confirmform_3340\" class=\"confirmform\" style=\"display:none;padding-left:10px;border:0;\">Merci de mettre \u00e0 jour vos pr\u00e9f\u00e9rences.<\/p><\/div><\/div><script>\n\t\t\t\t\t\t\t\t\t\t\t\tMktoForms2.loadForm(\n\t\t\t\t\t\t\t\t\t\t\t\t\"\/\/marketing.tradeshift.com\",\n\t\t\t\t\t\t\t\t\t\t\t\t\"213-SPR-003\",\n\t\t\t\t\t\t\t\t\t\t\t\t3340,\n\t\t\t\t\t\t\t\t\t\t\t\t);\n\n\t\t\t\t\t\t\t\t\t\t\t\tvar program_id = \"\";\n\t\t\t\t\t\t\t\t\t\t\t\tvar marketing_resource_name = \"\";\n\t\t\t\t\t\t\t\t\t\t\t\tvar asset_type = \"\";\n\t\t\t\t\t\t\t\t\t\t\t\tvar form_link = \"\";\n\t\t\t\t\t\t\t\t\t\t\t\tvar form_target = \"_self\";\n\t\t\t\t\t\t\t\t\t\t\t\tvar success_title = \"\";\n\t\t\t\t\t\t\t\t\t\t\t\tvar success_message = \"Merci de mettre \u00e0 jour vos pr\u00e9f\u00e9rences.\";\n\t\t\t\t\t\t\t\t\t\t\t\tvar button_text = \"Mise \u00e0 jour\";\n\n\t\t\t\t\t\t\t\t\t\t\t\tMktoForms2.whenReady(function(mktoForm){\n\t\t\t\t\t\t\t\t\t\t\t\t\tif(program_id != \"\") {\n\t\t\t\t\t\t\t\t\t\t\t\t\t\tmktoForm.addHiddenFields({\n\t\t\t\t\t\t\t\t\t\t\t\t\t\t\tuniqueMKTOProgramID : program_id\n\t\t\t\t\t\t\t\t\t\t\t\t\t\t\t});\n\t\t\t\t\t\t\t\t\t\t\t\t\t\t}\n\t\t\t\t\t\t\t\t\t\t\t\t\t\tif(marketing_resource_name != \"\") {\n\t\t\t\t\t\t\t\t\t\t\t\t\t\t\tmktoForm.addHiddenFields({\n\t\t\t\t\t\t\t\t\t\t\t\t\t\t\t\tMarketing_Resource_Name__c : marketing_resource_name\n\t\t\t\t\t\t\t\t\t\t\t\t\t\t\t\t});\n\t\t\t\t\t\t\t\t\t\t\t\t\t\t\t}\n\t\t\t\t\t\t\t\t\t\t\t\t\t\t\tif(asset_type != \"\") {\n\t\t\t\t\t\t\t\t\t\t\t\t\t\t\t\tmktoForm.addHiddenFields({\n\t\t\t\t\t\t\t\t\t\t\t\t\t\t\t\t\tassetType : asset_type\n\t\t\t\t\t\t\t\t\t\t\t\t\t\t\t\t\t});\n\t\t\t\t\t\t\t\t\t\t\t\t\t\t\t\t}\n\t\t\t\t\t\t\t\t\t\t\t\t\t\t\t\tif(form_link != \"\") {\n\t\t\t\t\t\t\t\t\t\t\t\t\t\t\t\t\tmktoForm.onSuccess( function(values, followUpUrl) {\n\t\t\t\t\t\t\t\t\t\t\t\t\t\t\t\t\t\twindow.open(form_link, form_target);\n\t\t\t\t\/\/ Return false to prevent the submission handler continuing with its own processing\n\t\t\t\t\t\t\t\t\t\t\t\t\t\t\t\t\t\treturn false;\n\t\t\t\t\t\t\t\t\t\t\t\t\t\t\t\t\t\t});\n\t\t\t\t\t\t\t\t\t\t\t\t\t\t\t\t\t}\n\t\t\t\t\t\t\t\t\t\t\t\t\t\t\t\t\tif(success_title != \"\") {\n\t\t\t\t\t\t\t\t\t\t\t\t\t\t\t\t\t\tmktoForm.onSuccess( function(values, followUpUrl) {\n\t\t\t\t\t\t\t\t\t\t\t\t\t\t\t\t\t\t\tmktoForm.getFormElem().hide();\n\t\t\t\t\t\t\t\t\t\t\t\t\t\t\t\t\t\t\tdocument.getElementById(\"form_title_3340\").style.display = \"none\";\n\t\t\t\t\t\t\t\t\t\t\t\t\t\t\t\t\t\t\tdocument.getElementById(\"success_title_3340\").style.display = \"block\";\n\t\t\t\t\t\t\t\t\t\t\t\t\t\t\t\t\t\t\tif(form_link != \"\") {\n\t\t\t\t\t\/\/do nothing\n\t\t\t\t\t\t\t\t\t\t\t\t\t\t\t\t\t\t\t\t} else {\n\t\t\t\t\t\/\/ Return false to prevent the submission handler continuing with its own processing\n\t\t\t\t\t\t\t\t\t\t\t\t\t\t\t\t\t\t\t\t\treturn false;\n\t\t\t\t\t\t\t\t\t\t\t\t\t\t\t\t\t\t\t\t}\n\t\t\t\t\t\t\t\t\t\t\t\t\t\t\t\t\t\t\t\t});\n\t\t\t\t\t\t\t\t\t\t\t\t\t\t\t\t\t\t\t}\n\t\t\t\t\t\t\t\t\t\t\t\t\t\t\t\t\t\t\tif(success_message != \"\") {\n\t\t\t\t\t\t\t\t\t\t\t\t\t\t\t\t\t\t\t\tmktoForm.onSuccess( function(values, followUpUrl) {\n\t\t\t\t\t\t\t\t\t\t\t\t\t\t\t\t\t\t\t\t\tmktoForm.getFormElem().hide();\n\t\t\t\t\t\t\t\t\t\t\t\t\t\t\t\t\t\t\t\t\tdocument.getElementById(\"confirmform_3340\").style.display = \"block\";\n\t\t\t\t\t\t\t\t\t\t\t\t\t\t\t\t\t\t\t\t\tif(form_link != \"\") {\n\t\t\t\t\t\/\/do nothing\n\t\t\t\t\t\t\t\t\t\t\t\t\t\t\t\t\t\t\t\t\t\t} else {\n\t\t\t\t\t\/\/ Return false to prevent the submission handler continuing with its own processing\n\t\t\t\t\t\t\t\t\t\t\t\t\t\t\t\t\t\t\t\t\t\t\treturn false;\n\t\t\t\t\t\t\t\t\t\t\t\t\t\t\t\t\t\t\t\t\t\t}\n\t\t\t\t\t\t\t\t\t\t\t\t\t\t\t\t\t\t\t\t\t\t});\n\t\t\t\t\t\t\t\t\t\t\t\t\t\t\t\t\t\t\t\t\t}\n\t\t\t\t\t\t\t\t\t\t\t\t\t\t\t\t\t\t\t\t\tif(button_text != \"\") {\n\t\t\t\t\t\t\t\t\t\t\t\t\t\t\t\t\t\t\t\t\t\tlet btn_text = \"Mise \u00e0 jour\";\n\t\t\t\t\t\t\t\t\t\t\t\t\t\t\t\t\t\t\t\t\t\tjQuery(\"#mktoForm_3340 .mktoButton\").text(btn_text);\n\t\t\t\t\t\t\t\t\t\t\t\t\t\t\t\t\t\t\t\t\t}\n\t\t\t\t\t\t\t\t\t\t\t\t\t\t\t\t\t\t\t\t\t});\n\n\t\t\t\t\t\t\t\t\t\t\t\t\t\t\t\t\t\t\t\t\t<\/script>[\/vc_column][\/vc_row]<\/p>\n<\/div>","protected":false},"excerpt":{"rendered":"<p>[vc_row content_placement=\u00a0\u00bbmiddle\u00a0\u00bb el_class=\u00a0\u00bbtext-hero boxed-hero boxed-hero-tall\u00a0\u00bb css=\u00a0\u00bb.vc_custom_1667579162245{padding-top: 87px !important;padding-bottom: 46px !important;background-color: #0a37f0 !important;}\u00a0\u00bb][vc_column][vc_custom_heading text=\u00a0\u00bbG\u00e9rez vos Pr\u00e9f\u00e9rences de Communication\u00a0\u00bb font_container=\u00a0\u00bbtag:h1|font_size:60px|text_align:center|color:%23ffffff\u00a0\u00bb use_theme_fonts=\u00a0\u00bbyes\u00a0\u00bb css=\u00a0\u00bb.vc_custom_1667824906771{margin-top: 0px !important;margin-bottom: 24px !important;}\u00a0\u00bb el_class=\u00a0\u00bbh2&Prime;][vc_custom_heading text=\u00a0\u00bbVotre vie priv\u00e9e est importante et nous la prenons au s\u00e9rieux.\u00a0\u00bb font_container=\u00a0\u00bbtag:h3|text_align:center|color:%23ffffff\u00a0\u00bb use_theme_fonts=\u00a0\u00bbyes\u00a0\u00bb][\/vc_column][\/vc_row][vc_row equal_height=\u00a0\u00bbyes\u00a0\u00bb css=\u00a0\u00bb.vc_custom_1667578775422{padding-top: 50px !important;padding-bottom: 50px !important;}\u00a0\u00bb][vc_column width=\u00a0\u00bb1\/2&Prime;][vc_column_text] Veuillez choisir vos pr\u00e9f\u00e9rences de communication marketing afin que nous&#8230;  <a class=\"excerpt-read-more\" href=\"https:\/\/tradeshift.com\/fr\/unsubscribe\/\" title=\"LireG\u00e9rez vos Pr\u00e9f\u00e9rences de Communication\">Lire la suite &raquo;<\/a><\/p>\n","protected":false},"author":59,"featured_media":0,"parent":0,"menu_order":527,"comment_status":"closed","ping_status":"closed","template":"","meta":{"_acf_changed":false,"om_disable_all_campaigns":false,"inline_featured_image":false,"footnotes":""},"class_list":["post-23281","page","type-page","status-publish","hentry"],"yoast_head":"<!-- This site is optimized with the Yoast SEO Premium plugin v25.5 (Yoast SEO v25.5) - https:\/\/yoast.com\/wordpress\/plugins\/seo\/ -->\n<title>G\u00e9rez vos Pr\u00e9f\u00e9rences de Communication | Tradeshift<\/title>\n<meta name=\"description\" content=\"Veuillez choisir vos pr\u00e9f\u00e9rences de communication marketing afin que nous puissions adapter nos communications \u00e0 vous. Indiquez votre adresse e-mail\" \/>\n<meta name=\"robots\" content=\"index, follow, max-snippet:-1, max-image-preview:large, max-video-preview:-1\" \/>\n<link rel=\"canonical\" href=\"https:\/\/tradeshift.com\/fr\/unsubscribe\/\" \/>\n<meta property=\"og:locale\" content=\"fr_FR\" \/>\n<meta property=\"og:type\" content=\"article\" \/>\n<meta property=\"og:title\" content=\"G\u00e9rez vos Pr\u00e9f\u00e9rences de Communication\" \/>\n<meta property=\"og:description\" content=\"Veuillez choisir vos pr\u00e9f\u00e9rences de communication marketing afin que nous puissions adapter nos communications \u00e0 vous. Indiquez votre adresse e-mail\" \/>\n<meta property=\"og:url\" content=\"https:\/\/tradeshift.com\/fr\/unsubscribe\/\" \/>\n<meta property=\"og:site_name\" content=\"Tradeshift\" \/>\n<meta property=\"article:publisher\" content=\"https:\/\/www.facebook.com\/Tradeshift\/\" \/>\n<meta property=\"article:modified_time\" content=\"2025-05-21T13:53:48+00:00\" \/>\n<meta name=\"twitter:card\" content=\"summary_large_image\" \/>\n<meta name=\"twitter:site\" content=\"@tradeshift\" \/>\n<script type=\"application\/ld+json\" class=\"yoast-schema-graph\">{\"@context\":\"https:\/\/schema.org\",\"@graph\":[{\"@type\":\"WebPage\",\"@id\":\"https:\/\/tradeshift.com\/fr\/unsubscribe\/\",\"url\":\"https:\/\/tradeshift.com\/fr\/unsubscribe\/\",\"name\":\"G\u00e9rez vos Pr\u00e9f\u00e9rences de Communication | Tradeshift\",\"isPartOf\":{\"@id\":\"https:\/\/tradeshift.com\/fr\/#website\"},\"datePublished\":\"2020-08-22T04:57:32+00:00\",\"dateModified\":\"2025-05-21T13:53:48+00:00\",\"description\":\"Veuillez choisir vos pr\u00e9f\u00e9rences de communication marketing afin que nous puissions adapter nos communications \u00e0 vous. Indiquez votre adresse e-mail\",\"breadcrumb\":{\"@id\":\"https:\/\/tradeshift.com\/fr\/unsubscribe\/#breadcrumb\"},\"inLanguage\":\"fr-FR\",\"potentialAction\":[{\"@type\":\"ReadAction\",\"target\":[\"https:\/\/tradeshift.com\/fr\/unsubscribe\/\"]}]},{\"@type\":\"BreadcrumbList\",\"@id\":\"https:\/\/tradeshift.com\/fr\/unsubscribe\/#breadcrumb\",\"itemListElement\":[{\"@type\":\"ListItem\",\"position\":1,\"name\":\"Home\",\"item\":\"https:\/\/tradeshift.com\/fr\/\"},{\"@type\":\"ListItem\",\"position\":2,\"name\":\"G\u00e9rez vos Pr\u00e9f\u00e9rences de Communication\"}]},{\"@type\":\"WebSite\",\"@id\":\"https:\/\/tradeshift.com\/fr\/#website\",\"url\":\"https:\/\/tradeshift.com\/fr\/\",\"name\":\"Tradeshift\",\"description\":\"B2B Network for Supply Chain Purchasing, B2B Payments &amp; Apps\",\"publisher\":{\"@id\":\"https:\/\/tradeshift.com\/fr\/#organization\"},\"potentialAction\":[{\"@type\":\"SearchAction\",\"target\":{\"@type\":\"EntryPoint\",\"urlTemplate\":\"https:\/\/tradeshift.com\/fr\/?s={search_term_string}\"},\"query-input\":{\"@type\":\"PropertyValueSpecification\",\"valueRequired\":true,\"valueName\":\"search_term_string\"}}],\"inLanguage\":\"fr-FR\"},{\"@type\":\"Organization\",\"@id\":\"https:\/\/tradeshift.com\/fr\/#organization\",\"name\":\"Tradeshift\",\"url\":\"https:\/\/tradeshift.com\/fr\/\",\"logo\":{\"@type\":\"ImageObject\",\"inLanguage\":\"fr-FR\",\"@id\":\"https:\/\/tradeshift.com\/fr\/#\/schema\/logo\/image\/\",\"url\":\"https:\/\/tradeshift.com\/wp-content\/uploads\/2021\/01\/Logo-symbol-white-on-blue-bg-@10x.png\",\"contentUrl\":\"https:\/\/tradeshift.com\/wp-content\/uploads\/2021\/01\/Logo-symbol-white-on-blue-bg-@10x.png\",\"width\":3920,\"height\":3920,\"caption\":\"Tradeshift\"},\"image\":{\"@id\":\"https:\/\/tradeshift.com\/fr\/#\/schema\/logo\/image\/\"},\"sameAs\":[\"https:\/\/www.facebook.com\/Tradeshift\/\",\"https:\/\/x.com\/tradeshift\",\"https:\/\/www.linkedin.com\/company\/tradeshift\",\"https:\/\/www.youtube.com\/channel\/UCaUy07yFxZAf22xwWjTahng\",\"https:\/\/en.wikipedia.org\/wiki\/Tradeshift\"]}]}<\/script>\n<!-- \/ Yoast SEO Premium plugin. -->","yoast_head_json":{"title":"G\u00e9rez vos Pr\u00e9f\u00e9rences de Communication | Tradeshift","description":"Veuillez choisir vos pr\u00e9f\u00e9rences de communication marketing afin que nous puissions adapter nos communications \u00e0 vous. Indiquez votre adresse e-mail","robots":{"index":"index","follow":"follow","max-snippet":"max-snippet:-1","max-image-preview":"max-image-preview:large","max-video-preview":"max-video-preview:-1"},"canonical":"https:\/\/tradeshift.com\/fr\/unsubscribe\/","og_locale":"fr_FR","og_type":"article","og_title":"G\u00e9rez vos Pr\u00e9f\u00e9rences de Communication","og_description":"Veuillez choisir vos pr\u00e9f\u00e9rences de communication marketing afin que nous puissions adapter nos communications \u00e0 vous. Indiquez votre adresse e-mail","og_url":"https:\/\/tradeshift.com\/fr\/unsubscribe\/","og_site_name":"Tradeshift","article_publisher":"https:\/\/www.facebook.com\/Tradeshift\/","article_modified_time":"2025-05-21T13:53:48+00:00","twitter_card":"summary_large_image","twitter_site":"@tradeshift","schema":{"@context":"https:\/\/schema.org","@graph":[{"@type":"WebPage","@id":"https:\/\/tradeshift.com\/fr\/unsubscribe\/","url":"https:\/\/tradeshift.com\/fr\/unsubscribe\/","name":"G\u00e9rez vos Pr\u00e9f\u00e9rences de Communication | Tradeshift","isPartOf":{"@id":"https:\/\/tradeshift.com\/fr\/#website"},"datePublished":"2020-08-22T04:57:32+00:00","dateModified":"2025-05-21T13:53:48+00:00","description":"Veuillez choisir vos pr\u00e9f\u00e9rences de communication marketing afin que nous puissions adapter nos communications \u00e0 vous. Indiquez votre adresse e-mail","breadcrumb":{"@id":"https:\/\/tradeshift.com\/fr\/unsubscribe\/#breadcrumb"},"inLanguage":"fr-FR","potentialAction":[{"@type":"ReadAction","target":["https:\/\/tradeshift.com\/fr\/unsubscribe\/"]}]},{"@type":"BreadcrumbList","@id":"https:\/\/tradeshift.com\/fr\/unsubscribe\/#breadcrumb","itemListElement":[{"@type":"ListItem","position":1,"name":"Home","item":"https:\/\/tradeshift.com\/fr\/"},{"@type":"ListItem","position":2,"name":"G\u00e9rez vos Pr\u00e9f\u00e9rences de Communication"}]},{"@type":"WebSite","@id":"https:\/\/tradeshift.com\/fr\/#website","url":"https:\/\/tradeshift.com\/fr\/","name":"Tradeshift","description":"B2B Network for Supply Chain Purchasing, B2B Payments &amp; Apps","publisher":{"@id":"https:\/\/tradeshift.com\/fr\/#organization"},"potentialAction":[{"@type":"SearchAction","target":{"@type":"EntryPoint","urlTemplate":"https:\/\/tradeshift.com\/fr\/?s={search_term_string}"},"query-input":{"@type":"PropertyValueSpecification","valueRequired":true,"valueName":"search_term_string"}}],"inLanguage":"fr-FR"},{"@type":"Organization","@id":"https:\/\/tradeshift.com\/fr\/#organization","name":"Tradeshift","url":"https:\/\/tradeshift.com\/fr\/","logo":{"@type":"ImageObject","inLanguage":"fr-FR","@id":"https:\/\/tradeshift.com\/fr\/#\/schema\/logo\/image\/","url":"https:\/\/tradeshift.com\/wp-content\/uploads\/2021\/01\/Logo-symbol-white-on-blue-bg-@10x.png","contentUrl":"https:\/\/tradeshift.com\/wp-content\/uploads\/2021\/01\/Logo-symbol-white-on-blue-bg-@10x.png","width":3920,"height":3920,"caption":"Tradeshift"},"image":{"@id":"https:\/\/tradeshift.com\/fr\/#\/schema\/logo\/image\/"},"sameAs":["https:\/\/www.facebook.com\/Tradeshift\/","https:\/\/x.com\/tradeshift","https:\/\/www.linkedin.com\/company\/tradeshift","https:\/\/www.youtube.com\/channel\/UCaUy07yFxZAf22xwWjTahng","https:\/\/en.wikipedia.org\/wiki\/Tradeshift"]}]}},"acf":[],"_links":{"self":[{"href":"https:\/\/tradeshift.com\/fr\/wp-json\/wp\/v2\/pages\/23281","targetHints":{"allow":["GET"]}}],"collection":[{"href":"https:\/\/tradeshift.com\/fr\/wp-json\/wp\/v2\/pages"}],"about":[{"href":"https:\/\/tradeshift.com\/fr\/wp-json\/wp\/v2\/types\/page"}],"author":[{"embeddable":true,"href":"https:\/\/tradeshift.com\/fr\/wp-json\/wp\/v2\/users\/59"}],"replies":[{"embeddable":true,"href":"https:\/\/tradeshift.com\/fr\/wp-json\/wp\/v2\/comments?post=23281"}],"version-history":[{"count":0,"href":"https:\/\/tradeshift.com\/fr\/wp-json\/wp\/v2\/pages\/23281\/revisions"}],"wp:attachment":[{"href":"https:\/\/tradeshift.com\/fr\/wp-json\/wp\/v2\/media?parent=23281"}],"curies":[{"name":"wp","href":"https:\/\/api.w.org\/{rel}","templated":true}]}}