{"id":32371,"date":"2020-09-11T06:43:34","date_gmt":"2020-09-11T13:43:34","guid":{"rendered":"https:\/\/tradeshift-old.local\/?page_id=32371"},"modified":"2022-11-07T03:31:09","modified_gmt":"2022-11-07T11:31:09","slug":"systeme-de-gestion-des-fournisseurs","status":"publish","type":"page","link":"https:\/\/tradeshift.com\/fr\/systeme-de-gestion-des-fournisseurs\/","title":{"rendered":"Vendor management system"},"content":{"rendered":"<div class=\"wpb-content-wrapper\"><p>[vc_row el_class=\u00a0\u00bbtext-hero\u00a0\u00bb css=\u00a0\u00bb.vc_custom_1666033335779{padding-top: 87px !important;padding-bottom: 46px !important;background-color: #0a37f0 !important;}\u00a0\u00bb][vc_column width=\u00a0\u00bb1\/6&Prime;][\/vc_column][vc_column width=\u00a0\u00bb2\/3&Prime;][vc_custom_heading text=\u00a0\u00bbUn syst\u00e8me de gestion des prestataires qui vous apporte tous les avantages, et aucun des inconv\u00e9nients\u00a0\u00bb font_container=\u00a0\u00bbtag:h1|text_align:center|color:%23ffffff\u00a0\u00bb use_theme_fonts=\u00a0\u00bbyes\u00a0\u00bb css=\u00a0\u00bb.vc_custom_1667820450312{margin-top: 0px !important;margin-bottom: 24px !important;}\u00a0\u00bb][\/vc_column][vc_column width=\u00a0\u00bb1\/6&Prime;][\/vc_column][\/vc_row][vc_row equal_height=\u00a0\u00bbyes\u00a0\u00bb content_placement=\u00a0\u00bbmiddle\u00a0\u00bb css=\u00a0\u00bb.vc_custom_1666722741503{padding-top: 100px !important;padding-bottom: 50px !important;background-color: #f2f2f2 !important;}\u00a0\u00bb][vc_column width=\u00a0\u00bb1\/2&Prime;][vc_custom_heading text=\u00a0\u00bbSimplifiez et rendez plus transparente la gestion des sous-traitants, ind\u00e9pendants et externes\u00a0\u00bb use_theme_fonts=\u00a0\u00bbyes\u00a0\u00bb][vc_column_text]<\/p>\n<p class=\"paragraph\">De plus en plus d\u2019entreprises font appel \u00e0 des prestataires externes pour des projets courts. Mais la gestion de prestataires est-elle toujours un myst\u00e8re pour votre entreprise ? Dans de nombreuses organisations, les d\u00e9partements utilisateurs g\u00e8rent de mani\u00e8re autonome les ind\u00e9pendants et externalisent eux-m\u00eames leur travail, ce qui veut dire que les CV, contrats, accords et factures sont r\u00e9partis sur plusieurs bo\u00eetes mails et plusieurs serveurs. Vous avez donc moins de contr\u00f4le sur les d\u00e9penses de l\u2019organisation, les budgets sont moins transparents et vos fournisseurs peuvent aussi \u00eatre pay\u00e9s en retard.<\/p>\n<p class=\"paragraph\">Un logiciel de gestion des prestataires peut vous aider. En op\u00e9rant sur une plateforme unique, vous obtiendrez un aper\u00e7u clair sur toutes les informations concernant vos ind\u00e9pendants, votre personnel temporaire et votre travail externalis\u00e9. Vous pourrez voir quelle proportion du budget est consacr\u00e9e aux employ\u00e9s externes, n\u00e9gocier les contrats, g\u00e9rer les relations et consulter l\u2019\u00e9tat des paiements.<\/p>\n<p>[\/vc_column_text][\/vc_column][vc_column width=\u00a0\u00bb1\/2&Prime;][vc_single_image image=\u00a0\u00bb39962&Prime; img_size=\u00a0\u00bbfull\u00a0\u00bb alignment=\u00a0\u00bbcenter\u00a0\u00bb][\/vc_column][\/vc_row][vc_row equal_height=\u00a0\u00bbyes\u00a0\u00bb content_placement=\u00a0\u00bbmiddle\u00a0\u00bb css=\u00a0\u00bb.vc_custom_1666722754730{padding-top: 50px !important;padding-bottom: 50px !important;}\u00a0\u00bb][vc_column width=\u00a0\u00bb1\/2&Prime;][vc_single_image image=\u00a0\u00bb39971&Prime; img_size=\u00a0\u00bbfull\u00a0\u00bb alignment=\u00a0\u00bbcenter\u00a0\u00bb max_width=\u00a0\u00bb75%\u00a0\u00bb][\/vc_column][vc_column width=\u00a0\u00bb1\/2&Prime;][vc_custom_heading text=\u00a0\u00bbUn syst\u00e8me de gestion des prestataires renforce la transparence et le contr\u00f4le\u00a0\u00bb font_container=\u00a0\u00bbtag:h3|text_align:left\u00a0\u00bb use_theme_fonts=\u00a0\u00bbyes\u00a0\u00bb][vc_custom_heading text=\u00a0\u00bbVoici le probl\u00e8me avec les m\u00e9thodes de gestions classiques des prestataires:\u00a0\u00bb font_container=\u00a0\u00bbtag:h4|text_align:left\u00a0\u00bb use_theme_fonts=\u00a0\u00bbyes\u00a0\u00bb][vc_column_text]<\/p>\n<p class=\"paragraph\"><strong class=\"text text--bold\">Pas de transparence<\/strong><\/p>\n<p class=\"paragraph\">La gestion des factures, des contrats et des d\u00e9penses pour le personnel externe se fait ad hoc et de mani\u00e8re ind\u00e9pendante, ce qui fait que personne ne sait ce qui est d\u00e9pens\u00e9.<\/p>\n<p class=\"paragraph\"><strong class=\"text text--bold\">Efforts d\u2019externalisation en doublon<\/strong><\/p>\n<p class=\"paragraph\">Lorsque vous embauchez du personnel temporaire et ind\u00e9pendant, vos \u00e9quipes passent des heures \u00e0 chercher de nouveaux employ\u00e9s, alors que d\u2019autres d\u00e9partements pourraient d\u00e9j\u00e0 avoir un excellent partenaire.<\/p>\n<p class=\"paragraph\"><strong class=\"text text--bold\">Pas de contr\u00f4le des co\u00fbts<\/strong><\/p>\n<p class=\"paragraph\">Les d\u00e9partements financiers veulent contr\u00f4ler les d\u00e9penses pour les prestataires externes, mais ces honoraires sont souvent n\u00e9goci\u00e9s en l\u2019absence des personnes qui signent le ch\u00e8que.<\/p>\n<p class=\"paragraph\"><strong class=\"text text--bold\">Paiements en retard<\/strong><\/p>\n<p class=\"paragraph\">Lorsque la facture d\u2019un ind\u00e9pendant ou d\u2019un prestataire fait la navette entre vos syst\u00e8mes internes, elle peut facilement se perdre, ce qui met en danger vos relations.<\/p>\n<p>[\/vc_column_text][\/vc_column][\/vc_row][vc_row equal_height=\u00a0\u00bbyes\u00a0\u00bb content_placement=\u00a0\u00bbmiddle\u00a0\u00bb reverse_row=\u00a0\u00bbtrue\u00a0\u00bb css=\u00a0\u00bb.vc_custom_1666722763031{padding-top: 50px !important;padding-bottom: 50px !important;}\u00a0\u00bb][vc_column width=\u00a0\u00bb1\/2&Prime;][vc_single_image image=\u00a0\u00bb39980&Prime; img_size=\u00a0\u00bbfull\u00a0\u00bb alignment=\u00a0\u00bbcenter\u00a0\u00bb max_width=\u00a0\u00bb75%\u00a0\u00bb][\/vc_column][vc_column width=\u00a0\u00bb1\/2&Prime;][vc_custom_heading text=\u00a0\u00bbEt voil\u00e0 pourquoi un service de gestion en ligne des prestataires est utile :\u00a0\u00bb font_container=\u00a0\u00bbtag:h3|text_align:left\u00a0\u00bb use_theme_fonts=\u00a0\u00bbyes\u00a0\u00bb][vc_column_text]<\/p>\n<p class=\"paragraph\"><strong class=\"text text--bold\">Aper\u00e7u clair des d\u00e9penses<\/strong><\/p>\n<p class=\"paragraph\">Votre \u00e9quipe finance peut voir combien co\u00fbte le personnel externe, qui paie pour leurs services et si le budget est respect\u00e9.<\/p>\n<p class=\"paragraph\"><strong class=\"text text--bold\">Travail administratif simple<\/strong><\/p>\n<p class=\"paragraph\">Tous les documents li\u00e9s \u00e0 votre personnel externe est disponible sur une plateforme unique : plus de contrats manquants, plus de litiges, et plus d\u2019incompr\u00e9hensions.<\/p>\n<p class=\"paragraph\"><strong class=\"text text--bold\">Trouvez rapidement le bon partenaire<\/strong><\/p>\n<p class=\"paragraph\">Un portail pour les prestataires peut vous donner acc\u00e8s \u00e0 un portefeuille d\u2019ind\u00e9pendants et de prestataires, pour que vos \u00e9quipes aient un endroit o\u00f9 trouver des personnes de confiance, avec les bonnes comp\u00e9tences, et d\u00e9couvrir leurs honoraires imm\u00e9diatement.<\/p>\n<p class=\"paragraph\"><strong class=\"text text--bold\">Du personnel externe content<\/strong><\/p>\n<p class=\"paragraph\">Des factures r\u00e9gl\u00e9es rapidement, une communication continue et un mandat clair, votre personnel externe adorera travailler avec votre entreprise une fois que vous aurez adopt\u00e9 les services de gestion des prestataires.<\/p>\n<p>[\/vc_column_text][\/vc_column][\/vc_row][vc_row css=\u00a0\u00bb.vc_custom_1667594273830{padding-top: 50px !important;padding-bottom: 80px !important;background-color: #f2f2f2 !important;}\u00a0\u00bb][vc_column][vc_custom_heading text=\u00a0\u00bbDes solutions de gestion des prestataires compl\u00e8tes pour vous apporter un contr\u00f4le total\u00a0\u00bb font_container=\u00a0\u00bbtag:h2|text_align:center\u00a0\u00bb use_theme_fonts=\u00a0\u00bbyes\u00a0\u00bb][vc_column_text]<\/p>\n<p style=\"text-align: center\">Notre syst\u00e8me de gestion des prestataires a \u00e9t\u00e9 con\u00e7u pour qu\u2019il soit facile de trouver, d\u2019organiser et de payer des employ\u00e9s externes :<\/p>\n<p>[\/vc_column_text][vc_row_inner equal_height=\u00a0\u00bbyes\u00a0\u00bb css=\u00a0\u00bb.vc_custom_1667579771921{padding-top: 50px !important;}\u00a0\u00bb][vc_column_inner width=\u00a0\u00bb1\/2&Prime;][vc_column_text]<\/p>\n<h4 style=\"text-align: center\">Un march\u00e9 des prestataires centralis\u00e9 en ligne<\/h4>\n<p style=\"text-align: center\">Tous les partenaires externes de votre organisation peuvent \u00eatre ajout\u00e9s \u00e0 votre portail en ligne, o\u00f9 les prix sont \u00e9tablis, et o\u00f9 vous trouverez le bon personnel au bon moment.<\/p>\n<p>[\/vc_column_text][\/vc_column_inner][vc_column_inner width=\u00a0\u00bb1\/2&Prime;][vc_column_text]<\/p>\n<h4 style=\"text-align: center\">Ma\u00eetrise compl\u00e8te des d\u00e9penses<\/h4>\n<p style=\"text-align: center\">Tournez-vous vers le logiciel de gestion des prestataires de Tradeshift pour obtenir un aper\u00e7u clair des d\u00e9penses consacr\u00e9es au personnel externe, pour \u00e9tablir des limites budg\u00e9taires et pour n\u00e9gocier des prix.<\/p>\n<p>[\/vc_column_text][\/vc_column_inner][\/vc_row_inner][vc_row_inner equal_height=\u00a0\u00bbyes\u00a0\u00bb][vc_column_inner width=\u00a0\u00bb1\/2&Prime;][vc_column_text]<\/p>\n<h4 style=\"text-align: center\">Simple et sophistiqu\u00e9<\/h4>\n<p style=\"text-align: center\">Nous avons donn\u00e9 \u00e0 notre place de march\u00e9 prestataires une interface utilisateur simple, tout en vous permettant d\u2019instaurer vos propres r\u00e8gles et d\u2019int\u00e9grer des applications tierces.<\/p>\n<p>[\/vc_column_text][\/vc_column_inner][vc_column_inner width=\u00a0\u00bb1\/2&Prime;][vc_column_text]<\/p>\n<h4 style=\"text-align: center\">Un march\u00e9 pour prestataires<\/h4>\n<p style=\"text-align: center\">Votre personnel permanent appr\u00e9ciera combien il est simple \u00abd\u2019ajouter\u00bb des prestataires \u00e0 la place de march\u00e9, de s\u2019entendre sur les termes d\u2019un accord et de trouver des partenaires de travail de confiance.<\/p>\n<p>[\/vc_column_text][\/vc_column_inner][\/vc_row_inner][\/vc_column][\/vc_row][vc_row equal_height=\u00a0\u00bbyes\u00a0\u00bb content_placement=\u00a0\u00bbmiddle\u00a0\u00bb reverse_row=\u00a0\u00bbtrue\u00a0\u00bb css=\u00a0\u00bb.vc_custom_1664927607812{background-color: #0a37f0 !important;}\u00a0\u00bb el_class=\u00a0\u00bbpage-cta\u00a0\u00bb][vc_column css=\u00a0\u00bb.vc_custom_1664997819845{background-image: url(https:\/\/tradeshift.com\/wp-content\/uploads\/2022\/10\/full-width-cta.36a267b2.jpg?id=38853) !important;}\u00a0\u00bb offset=\u00a0\u00bbvc_col-md-6&Prime;][vc_single_image image=\u00a0\u00bb40849&Prime; img_size=\u00a0\u00bblarge\u00a0\u00bb alignment=\u00a0\u00bbright\u00a0\u00bb][\/vc_column][vc_column offset=\u00a0\u00bbvc_col-md-6&Prime;][vc_custom_heading text=\u00a0\u00bbConsultez notre blog\u00a0\u00bb font_container=\u00a0\u00bbtag:h2|text_align:left|color:%23ffffff\u00a0\u00bb use_theme_fonts=\u00a0\u00bbyes\u00a0\u00bb][vc_btn color=\u00a0\u00bbwhite\u00a0\u00bb title=\u00a0\u00bbEn savoir plus\u00a0\u00bb align=\u00a0\u00bbleft\u00a0\u00bb link=\u00a0\u00bburl:https%3A%2F%2Fcomwebdemo.wpengine.com\/hub%2F%3F_ga%3D2.148763255.1918591133.1667233543-1849028711.1666368208&Prime;][vc_custom_heading text=\u00a0\u00bb#shifthappens\u00a0\u00bb font_container=\u00a0\u00bbtag:h4|text_align:left|color:%23ffffff\u00a0\u00bb use_theme_fonts=\u00a0\u00bbyes\u00a0\u00bb][\/vc_column][\/vc_row]<\/p>\n<\/div>","protected":false},"excerpt":{"rendered":"<p>[vc_row el_class=\u00a0\u00bbtext-hero\u00a0\u00bb css=\u00a0\u00bb.vc_custom_1666033335779{padding-top: 87px !important;padding-bottom: 46px !important;background-color: #0a37f0 !important;}\u00a0\u00bb][vc_column width=\u00a0\u00bb1\/6&Prime;][\/vc_column][vc_column width=\u00a0\u00bb2\/3&Prime;][vc_custom_heading text=\u00a0\u00bbUn syst\u00e8me de gestion des prestataires qui vous apporte tous les avantages, et aucun des inconv\u00e9nients\u00a0\u00bb font_container=\u00a0\u00bbtag:h1|text_align:center|color:%23ffffff\u00a0\u00bb use_theme_fonts=\u00a0\u00bbyes\u00a0\u00bb css=\u00a0\u00bb.vc_custom_1667820450312{margin-top: 0px !important;margin-bottom: 24px !important;}\u00a0\u00bb][\/vc_column][vc_column width=\u00a0\u00bb1\/6&Prime;][\/vc_column][\/vc_row][vc_row equal_height=\u00a0\u00bbyes\u00a0\u00bb content_placement=\u00a0\u00bbmiddle\u00a0\u00bb css=\u00a0\u00bb.vc_custom_1666722741503{padding-top: 100px !important;padding-bottom: 50px !important;background-color: #f2f2f2 !important;}\u00a0\u00bb][vc_column width=\u00a0\u00bb1\/2&Prime;][vc_custom_heading text=\u00a0\u00bbSimplifiez et rendez plus transparente la gestion des sous-traitants, ind\u00e9pendants&#8230;  <a class=\"excerpt-read-more\" href=\"https:\/\/tradeshift.com\/fr\/systeme-de-gestion-des-fournisseurs\/\" title=\"LireVendor management system\">Lire la suite &raquo;<\/a><\/p>\n","protected":false},"author":6,"featured_media":0,"parent":0,"menu_order":376,"comment_status":"closed","ping_status":"closed","template":"","meta":{"_acf_changed":false,"om_disable_all_campaigns":false,"inline_featured_image":false,"footnotes":""},"class_list":["post-32371","page","type-page","status-publish","hentry"],"yoast_head":"<!-- This site is optimized with the Yoast SEO Premium plugin v25.5 (Yoast SEO v25.5) - https:\/\/yoast.com\/wordpress\/plugins\/seo\/ -->\n<title>Vendor management system | Tradeshift<\/title>\n<meta name=\"description\" content=\"De plus en plus d\u2019entreprises font appel \u00e0 des prestataires externes pour des projets courts. Mais la gestion de prestataires est-elle toujours un myst\u00e8re\" \/>\n<meta name=\"robots\" content=\"index, follow, max-snippet:-1, max-image-preview:large, max-video-preview:-1\" \/>\n<link rel=\"canonical\" href=\"https:\/\/tradeshift.com\/fr\/systeme-de-gestion-des-fournisseurs\/\" \/>\n<meta property=\"og:locale\" content=\"fr_FR\" \/>\n<meta property=\"og:type\" content=\"article\" \/>\n<meta property=\"og:title\" content=\"Vendor management system\" \/>\n<meta property=\"og:description\" content=\"De plus en plus d\u2019entreprises font appel \u00e0 des prestataires externes pour des projets courts. Mais la gestion de prestataires est-elle toujours un myst\u00e8re\" \/>\n<meta property=\"og:url\" content=\"https:\/\/tradeshift.com\/fr\/systeme-de-gestion-des-fournisseurs\/\" \/>\n<meta property=\"og:site_name\" content=\"Tradeshift\" \/>\n<meta property=\"article:publisher\" content=\"https:\/\/www.facebook.com\/Tradeshift\/\" \/>\n<meta property=\"article:modified_time\" content=\"2022-11-07T11:31:09+00:00\" \/>\n<meta name=\"twitter:card\" content=\"summary_large_image\" \/>\n<meta name=\"twitter:site\" content=\"@tradeshift\" \/>\n<script type=\"application\/ld+json\" class=\"yoast-schema-graph\">{\"@context\":\"https:\/\/schema.org\",\"@graph\":[{\"@type\":\"WebPage\",\"@id\":\"https:\/\/tradeshift.com\/fr\/systeme-de-gestion-des-fournisseurs\/\",\"url\":\"https:\/\/tradeshift.com\/fr\/systeme-de-gestion-des-fournisseurs\/\",\"name\":\"Vendor management system | Tradeshift\",\"isPartOf\":{\"@id\":\"https:\/\/tradeshift.com\/fr\/#website\"},\"datePublished\":\"2020-09-11T13:43:34+00:00\",\"dateModified\":\"2022-11-07T11:31:09+00:00\",\"description\":\"De plus en plus d\u2019entreprises font appel \u00e0 des prestataires externes pour des projets courts. Mais la gestion de prestataires est-elle toujours un myst\u00e8re\",\"breadcrumb\":{\"@id\":\"https:\/\/tradeshift.com\/fr\/systeme-de-gestion-des-fournisseurs\/#breadcrumb\"},\"inLanguage\":\"fr-FR\",\"potentialAction\":[{\"@type\":\"ReadAction\",\"target\":[\"https:\/\/tradeshift.com\/fr\/systeme-de-gestion-des-fournisseurs\/\"]}]},{\"@type\":\"BreadcrumbList\",\"@id\":\"https:\/\/tradeshift.com\/fr\/systeme-de-gestion-des-fournisseurs\/#breadcrumb\",\"itemListElement\":[{\"@type\":\"ListItem\",\"position\":1,\"name\":\"Home\",\"item\":\"https:\/\/tradeshift.com\/fr\/\"},{\"@type\":\"ListItem\",\"position\":2,\"name\":\"Vendor management system\"}]},{\"@type\":\"WebSite\",\"@id\":\"https:\/\/tradeshift.com\/fr\/#website\",\"url\":\"https:\/\/tradeshift.com\/fr\/\",\"name\":\"Tradeshift\",\"description\":\"B2B Network for Supply Chain Purchasing, B2B Payments &amp; Apps\",\"publisher\":{\"@id\":\"https:\/\/tradeshift.com\/fr\/#organization\"},\"potentialAction\":[{\"@type\":\"SearchAction\",\"target\":{\"@type\":\"EntryPoint\",\"urlTemplate\":\"https:\/\/tradeshift.com\/fr\/?s={search_term_string}\"},\"query-input\":{\"@type\":\"PropertyValueSpecification\",\"valueRequired\":true,\"valueName\":\"search_term_string\"}}],\"inLanguage\":\"fr-FR\"},{\"@type\":\"Organization\",\"@id\":\"https:\/\/tradeshift.com\/fr\/#organization\",\"name\":\"Tradeshift\",\"url\":\"https:\/\/tradeshift.com\/fr\/\",\"logo\":{\"@type\":\"ImageObject\",\"inLanguage\":\"fr-FR\",\"@id\":\"https:\/\/tradeshift.com\/fr\/#\/schema\/logo\/image\/\",\"url\":\"https:\/\/tradeshift.com\/wp-content\/uploads\/2021\/01\/Logo-symbol-white-on-blue-bg-@10x.png\",\"contentUrl\":\"https:\/\/tradeshift.com\/wp-content\/uploads\/2021\/01\/Logo-symbol-white-on-blue-bg-@10x.png\",\"width\":3920,\"height\":3920,\"caption\":\"Tradeshift\"},\"image\":{\"@id\":\"https:\/\/tradeshift.com\/fr\/#\/schema\/logo\/image\/\"},\"sameAs\":[\"https:\/\/www.facebook.com\/Tradeshift\/\",\"https:\/\/x.com\/tradeshift\",\"https:\/\/www.linkedin.com\/company\/tradeshift\",\"https:\/\/www.youtube.com\/channel\/UCaUy07yFxZAf22xwWjTahng\",\"https:\/\/en.wikipedia.org\/wiki\/Tradeshift\"]}]}<\/script>\n<!-- \/ Yoast SEO Premium plugin. -->","yoast_head_json":{"title":"Vendor management system | Tradeshift","description":"De plus en plus d\u2019entreprises font appel \u00e0 des prestataires externes pour des projets courts. Mais la gestion de prestataires est-elle toujours un myst\u00e8re","robots":{"index":"index","follow":"follow","max-snippet":"max-snippet:-1","max-image-preview":"max-image-preview:large","max-video-preview":"max-video-preview:-1"},"canonical":"https:\/\/tradeshift.com\/fr\/systeme-de-gestion-des-fournisseurs\/","og_locale":"fr_FR","og_type":"article","og_title":"Vendor management system","og_description":"De plus en plus d\u2019entreprises font appel \u00e0 des prestataires externes pour des projets courts. Mais la gestion de prestataires est-elle toujours un myst\u00e8re","og_url":"https:\/\/tradeshift.com\/fr\/systeme-de-gestion-des-fournisseurs\/","og_site_name":"Tradeshift","article_publisher":"https:\/\/www.facebook.com\/Tradeshift\/","article_modified_time":"2022-11-07T11:31:09+00:00","twitter_card":"summary_large_image","twitter_site":"@tradeshift","schema":{"@context":"https:\/\/schema.org","@graph":[{"@type":"WebPage","@id":"https:\/\/tradeshift.com\/fr\/systeme-de-gestion-des-fournisseurs\/","url":"https:\/\/tradeshift.com\/fr\/systeme-de-gestion-des-fournisseurs\/","name":"Vendor management system | Tradeshift","isPartOf":{"@id":"https:\/\/tradeshift.com\/fr\/#website"},"datePublished":"2020-09-11T13:43:34+00:00","dateModified":"2022-11-07T11:31:09+00:00","description":"De plus en plus d\u2019entreprises font appel \u00e0 des prestataires externes pour des projets courts. Mais la gestion de prestataires est-elle toujours un myst\u00e8re","breadcrumb":{"@id":"https:\/\/tradeshift.com\/fr\/systeme-de-gestion-des-fournisseurs\/#breadcrumb"},"inLanguage":"fr-FR","potentialAction":[{"@type":"ReadAction","target":["https:\/\/tradeshift.com\/fr\/systeme-de-gestion-des-fournisseurs\/"]}]},{"@type":"BreadcrumbList","@id":"https:\/\/tradeshift.com\/fr\/systeme-de-gestion-des-fournisseurs\/#breadcrumb","itemListElement":[{"@type":"ListItem","position":1,"name":"Home","item":"https:\/\/tradeshift.com\/fr\/"},{"@type":"ListItem","position":2,"name":"Vendor management system"}]},{"@type":"WebSite","@id":"https:\/\/tradeshift.com\/fr\/#website","url":"https:\/\/tradeshift.com\/fr\/","name":"Tradeshift","description":"B2B Network for Supply Chain Purchasing, B2B Payments &amp; Apps","publisher":{"@id":"https:\/\/tradeshift.com\/fr\/#organization"},"potentialAction":[{"@type":"SearchAction","target":{"@type":"EntryPoint","urlTemplate":"https:\/\/tradeshift.com\/fr\/?s={search_term_string}"},"query-input":{"@type":"PropertyValueSpecification","valueRequired":true,"valueName":"search_term_string"}}],"inLanguage":"fr-FR"},{"@type":"Organization","@id":"https:\/\/tradeshift.com\/fr\/#organization","name":"Tradeshift","url":"https:\/\/tradeshift.com\/fr\/","logo":{"@type":"ImageObject","inLanguage":"fr-FR","@id":"https:\/\/tradeshift.com\/fr\/#\/schema\/logo\/image\/","url":"https:\/\/tradeshift.com\/wp-content\/uploads\/2021\/01\/Logo-symbol-white-on-blue-bg-@10x.png","contentUrl":"https:\/\/tradeshift.com\/wp-content\/uploads\/2021\/01\/Logo-symbol-white-on-blue-bg-@10x.png","width":3920,"height":3920,"caption":"Tradeshift"},"image":{"@id":"https:\/\/tradeshift.com\/fr\/#\/schema\/logo\/image\/"},"sameAs":["https:\/\/www.facebook.com\/Tradeshift\/","https:\/\/x.com\/tradeshift","https:\/\/www.linkedin.com\/company\/tradeshift","https:\/\/www.youtube.com\/channel\/UCaUy07yFxZAf22xwWjTahng","https:\/\/en.wikipedia.org\/wiki\/Tradeshift"]}]}},"acf":[],"_links":{"self":[{"href":"https:\/\/tradeshift.com\/fr\/wp-json\/wp\/v2\/pages\/32371","targetHints":{"allow":["GET"]}}],"collection":[{"href":"https:\/\/tradeshift.com\/fr\/wp-json\/wp\/v2\/pages"}],"about":[{"href":"https:\/\/tradeshift.com\/fr\/wp-json\/wp\/v2\/types\/page"}],"author":[{"embeddable":true,"href":"https:\/\/tradeshift.com\/fr\/wp-json\/wp\/v2\/users\/6"}],"replies":[{"embeddable":true,"href":"https:\/\/tradeshift.com\/fr\/wp-json\/wp\/v2\/comments?post=32371"}],"version-history":[{"count":0,"href":"https:\/\/tradeshift.com\/fr\/wp-json\/wp\/v2\/pages\/32371\/revisions"}],"wp:attachment":[{"href":"https:\/\/tradeshift.com\/fr\/wp-json\/wp\/v2\/media?parent=32371"}],"curies":[{"name":"wp","href":"https:\/\/api.w.org\/{rel}","templated":true}]}}