{"id":32372,"date":"2020-09-11T07:00:18","date_gmt":"2020-09-11T14:00:18","guid":{"rendered":"https:\/\/tradeshift-old.local\/?page_id=32372"},"modified":"2022-11-14T10:52:21","modified_gmt":"2022-11-14T18:52:21","slug":"gestion-des-depenses-de-lentreprise","status":"publish","type":"page","link":"https:\/\/tradeshift.com\/fr\/gestion-des-depenses-de-lentreprise\/","title":{"rendered":"Gestion des d\u00e9penses de l&rsquo;entreprise"},"content":{"rendered":"<div class=\"wpb-content-wrapper\"><p>[vc_row el_class=\u00a0\u00bbtext-hero\u00a0\u00bb css=\u00a0\u00bb.vc_custom_1666033335779{padding-top: 87px !important;padding-bottom: 46px !important;background-color: #0a37f0 !important;}\u00a0\u00bb][vc_column][vc_custom_heading text=\u00a0\u00bbUne plateforme de d\u00e9penses d\u2019entreprise qui simplifie le reporting\u00a0\u00bb font_container=\u00a0\u00bbtag:h1|text_align:center|color:%23ffffff\u00a0\u00bb use_theme_fonts=\u00a0\u00bbyes\u00a0\u00bb css=\u00a0\u00bb.vc_custom_1667566367662{margin-top: 0px !important;margin-bottom: 24px !important;}\u00a0\u00bb][\/vc_column][\/vc_row][vc_row equal_height=\u00a0\u00bbyes\u00a0\u00bb content_placement=\u00a0\u00bbmiddle\u00a0\u00bb css=\u00a0\u00bb.vc_custom_1666722741503{padding-top: 100px !important;padding-bottom: 50px !important;background-color: #f2f2f2 !important;}\u00a0\u00bb][vc_column width=\u00a0\u00bb1\/2&Prime;][vc_custom_heading text=\u00a0\u00bbMa\u00eetrisez les d\u00e9penses, une bonne fois pour toutes\u00a0\u00bb font_container=\u00a0\u00bbtag:h3|text_align:left\u00a0\u00bb use_theme_fonts=\u00a0\u00bbyes\u00a0\u00bb][vc_column_text]<\/p>\n<p class=\"paragraph\">Vous connaissez le sc\u00e9nario. Vos dirigeants veulent une analyse compl\u00e8te des d\u00e9penses de l\u2019organisation, et pour dans une heure. Le probl\u00e8me, c\u2019est que vous avez plusieurs \u00e9quipes qui g\u00e8rent diff\u00e9rents aspects de l\u2019approbation des factures, et que les donn\u00e9es sont localis\u00e9es dans plusieurs b\u00e2timents. M\u00eame quand l\u2019analyse des d\u00e9penses est finalis\u00e9e, vous n\u2019avez qu\u2019un aper\u00e7u instantan\u00e9 des d\u00e9penses actuelles : dans six mois, la situation pourrait avoir totalement chang\u00e9.<\/p>\n<p class=\"paragraph\">Le logiciel de gestion des d\u00e9penses vise \u00e0 vous donner un aper\u00e7u complet des d\u00e9penses de votre entreprise, pour que vous puissiez constamment visualiser et \u00e9tudier les frais, consolider les d\u00e9penses et \u00e9viter le gaspillage.<\/p>\n<p>[\/vc_column_text][\/vc_column][vc_column width=\u00a0\u00bb1\/2&Prime;][vc_single_image image=\u00a0\u00bb39962&Prime; img_size=\u00a0\u00bbfull\u00a0\u00bb alignment=\u00a0\u00bbcenter\u00a0\u00bb][\/vc_column][\/vc_row][vc_row equal_height=\u00a0\u00bbyes\u00a0\u00bb content_placement=\u00a0\u00bbmiddle\u00a0\u00bb css=\u00a0\u00bb.vc_custom_1666722754730{padding-top: 50px !important;padding-bottom: 50px !important;}\u00a0\u00bb][vc_column width=\u00a0\u00bb1\/2&Prime;][vc_single_image image=\u00a0\u00bb39971&Prime; img_size=\u00a0\u00bbfull\u00a0\u00bb alignment=\u00a0\u00bbcenter\u00a0\u00bb max_width=\u00a0\u00bb75%\u00a0\u00bb][\/vc_column][vc_column width=\u00a0\u00bb1\/2&Prime;][vc_custom_heading text=\u00a0\u00bbUn logiciel d\u2019analyse des d\u00e9penses vous donne le contr\u00f4le complet\u00a0\u00bb font_container=\u00a0\u00bbtag:h3|text_align:left\u00a0\u00bb use_theme_fonts=\u00a0\u00bbyes\u00a0\u00bb][vc_custom_heading text=\u00a0\u00bbVoici le probl\u00e8me de la gestion classique des d\u00e9penses d\u2019entreprise :\u00a0\u00bb font_container=\u00a0\u00bbtag:h4|text_align:left\u00a0\u00bb use_theme_fonts=\u00a0\u00bbyes\u00a0\u00bb][vc_column_text]<\/p>\n<p class=\"paragraph\"><strong class=\"text text--bold\">L\u2019analyse des d\u00e9penses est tr\u00e8s compliqu\u00e9e<\/strong><\/p>\n<p class=\"paragraph\">De nombreux employ\u00e9s sont responsables des diff\u00e9rents aspects de votre syst\u00e8me d\u2019approbation des factures, il est donc difficile de consolider des informations aussi diverses.<\/p>\n<p class=\"paragraph\"><strong class=\"text text--bold\">Un fort risque de d\u00e9passement de budget<\/strong><\/p>\n<p class=\"paragraph\">Peu ou aucune clart\u00e9 concernant qui paie combien pour quoi : il y a de fortes chances que vous d\u00e9pensiez plus que vous n\u2019en avez besoin.<\/p>\n<p class=\"paragraph\"><strong class=\"text text--bold\">Des donn\u00e9es structur\u00e9es diff\u00e9remment<\/strong><\/p>\n<p class=\"paragraph\">Si les d\u00e9penses sont g\u00e9r\u00e9es de mani\u00e8re diff\u00e9rente dans chaque service, il sera compliqu\u00e9 d\u2019int\u00e9grer toutes ces informations lorsque vous voulez produire un rapport.<\/p>\n<p class=\"paragraph\"><strong class=\"text text--bold\">Pas de temps r\u00e9el<\/strong><\/p>\n<p class=\"paragraph\">Les analyses de d\u00e9penses classiques ne vous donnent qu\u2019un aper\u00e7u r\u00e9duit sur les d\u00e9penses pass\u00e9es, ce n\u2019est donc qu\u2019un reflet du pass\u00e9.<\/p>\n<p>[\/vc_column_text][\/vc_column][\/vc_row][vc_row equal_height=\u00a0\u00bbyes\u00a0\u00bb content_placement=\u00a0\u00bbmiddle\u00a0\u00bb reverse_row=\u00a0\u00bbtrue\u00a0\u00bb css=\u00a0\u00bb.vc_custom_1666722763031{padding-top: 50px !important;padding-bottom: 50px !important;}\u00a0\u00bb][vc_column width=\u00a0\u00bb1\/2&Prime;][vc_single_image image=\u00a0\u00bb39980&Prime; img_size=\u00a0\u00bbfull\u00a0\u00bb alignment=\u00a0\u00bbcenter\u00a0\u00bb max_width=\u00a0\u00bb75%\u00a0\u00bb][\/vc_column][vc_column width=\u00a0\u00bb1\/2&Prime;][vc_custom_heading text=\u00a0\u00bbEt voil\u00e0 comment un syst\u00e8me de gestion des d\u00e9penses moderne change la donne :\u00a0\u00bb font_container=\u00a0\u00bbtag:h3|text_align:left\u00a0\u00bb use_theme_fonts=\u00a0\u00bbyes\u00a0\u00bb][vc_column_text]<\/p>\n<p class=\"paragraph\"><strong class=\"text text--bold\">Des donn\u00e9es d\u00e9taill\u00e9es en direct<\/strong><\/p>\n<p class=\"paragraph\">Une fois que toutes vos d\u00e9penses sont sur une seule plateforme, vous obtenez des rapports d\u00e9taill\u00e9s et en direct sur vos d\u00e9penses, ce qui vous permet de r\u00e9aliser d\u2019importantes \u00e9conomies.<\/p>\n<p class=\"paragraph\"><strong class=\"text text--bold\">L\u2019identification des doublons et la consolidation des informations<\/strong><\/p>\n<p class=\"paragraph\">Assurez-vous de ne pas d\u00e9penser plus que vous ne devriez sur certains produits, ou de ne pas avoir recours \u00e0 deux fournisseurs lorsque vous ne devriez en employer qu\u2019un seul.<\/p>\n<p class=\"paragraph\"><strong class=\"text text--bold\">Une analyses avanc\u00e9es des d\u00e9penses<\/strong><\/p>\n<p class=\"paragraph\">Gr\u00e2ce \u00e0 un logiciel d\u2019analyse des d\u00e9penses, vous pouvez comprendre les domaines dans lesquels vous d\u00e9pensez de l\u2019argent, et combien vous payez vos fournisseurs, au centime pr\u00e8s. Meilleure compr\u00e9hension = meilleures d\u00e9cisions.<\/p>\n<p class=\"paragraph\"><strong class=\"text text--bold\">Une garantie du respect des contrat<\/strong><\/p>\n<p class=\"paragraph\">Lorsqu\u2019il est plus facile de voir si les factures sont bien trait\u00e9es, il est plus simple d\u2019\u00e9valuer si les contrats sont respect\u00e9s.<\/p>\n<p>[\/vc_column_text][\/vc_column][\/vc_row][vc_row css=\u00a0\u00bb.vc_custom_1666722793132{padding-top: 50px !important;padding-bottom: 50px !important;background-color: #f2f2f2 !important;}\u00a0\u00bb][vc_column][vc_custom_heading text=\u00a0\u00bbLes solutions compl\u00e8tes d\u2019approbation de factures et de gestion des d\u00e9penses de Tradeshift\u00a0\u00bb font_container=\u00a0\u00bbtag:h2|text_align:center\u00a0\u00bb use_theme_fonts=\u00a0\u00bbyes\u00a0\u00bb][vc_column_text]<\/p>\n<p style=\"text-align: center;\">Tradeshift vous propose une seule plateforme, intelligente et polyvalente : vous pouvez y enregistrer et analyser simplement toutes les d\u00e9penses de votre organisation. D\u00e9couvrez le nouveau monde des d\u00e9penses ma\u00eetris\u00e9es.<\/p>\n<p>[\/vc_column_text][vc_row_inner equal_height=\u00a0\u00bbyes\u00a0\u00bb][vc_column_inner width=\u00a0\u00bb1\/2&Prime;][vc_custom_heading text=\u00a0\u00bbDiff\u00e9rencier les d\u00e9penses\u00a0\u00bb font_container=\u00a0\u00bbtag:h4|text_align:center\u00a0\u00bb use_theme_fonts=\u00a0\u00bbyes\u00a0\u00bb][vc_column_text]<\/p>\n<p style=\"text-align: center;\">Tradeshift vous propose de puissants outils qui analysent les donn\u00e9es en profondeur, pour que vous puissiez comparer les d\u00e9penses selon leur type de co\u00fbt, le fournisseur et les acheteurs internes.<\/p>\n<p>[\/vc_column_text][\/vc_column_inner][vc_column_inner width=\u00a0\u00bb1\/2&Prime;][vc_custom_heading text=\u00a0\u00bbAnalyses automatis\u00e9es\u00a0\u00bb font_container=\u00a0\u00bbtag:h4|text_align:center\u00a0\u00bb use_theme_fonts=\u00a0\u00bbyes\u00a0\u00bb][vc_column_text]<\/p>\n<p style=\"text-align: center;\">Tradeshift a recours \u00e0 un logiciel de machine learning pour analyser vos d\u00e9penses, et vous aider \u00e0 trouver des mani\u00e8res d\u2019\u00e9conomiser auxquelles vous n\u2019aviez m\u00eame pas song\u00e9.<\/p>\n<p>[\/vc_column_text][\/vc_column_inner][\/vc_row_inner][vc_row_inner equal_height=\u00a0\u00bbyes\u00a0\u00bb][vc_column_inner width=\u00a0\u00bb1\/2&Prime;][vc_custom_heading text=\u00a0\u00bbAide pour suivre et surveiller les KPI\u00a0\u00bb font_container=\u00a0\u00bbtag:h4|text_align:center\u00a0\u00bb use_theme_fonts=\u00a0\u00bbyes\u00a0\u00bb][vc_column_text]<\/p>\n<p style=\"text-align: center;\">Tradeshift vous aide \u00e0 surveiller en permanence vos d\u00e9penses, et \u00e0 les comparer \u00e0 vos KPI. Le logiciel d\u00e9tecte automatiquement tout d\u00e9passement de budget potentiel pour que vous puissiez agir au plus vite.<\/p>\n<p>[\/vc_column_text][\/vc_column_inner][vc_column_inner width=\u00a0\u00bb1\/2&Prime;][vc_custom_heading text=\u00a0\u00bbProduction de rapports clairs\u00a0\u00bb font_container=\u00a0\u00bbtag:h4|text_align:center\u00a0\u00bb use_theme_fonts=\u00a0\u00bbyes\u00a0\u00bb][vc_column_text]<\/p>\n<p style=\"text-align: center;\">Gr\u00e2ce au tableau de bord utilisant des d\u2019outils intelligents, vous pouvez rapidement cr\u00e9er des rapports sur mesure pour mieux comprendre vos d\u00e9penses actuelles.<\/p>\n<p>[\/vc_column_text][\/vc_column_inner][\/vc_row_inner][\/vc_column][\/vc_row][vc_row equal_height=\u00a0\u00bbyes\u00a0\u00bb content_placement=\u00a0\u00bbmiddle\u00a0\u00bb reverse_row=\u00a0\u00bbtrue\u00a0\u00bb css=\u00a0\u00bb.vc_custom_1664927607812{background-color: #0a37f0 !important;}\u00a0\u00bb el_class=\u00a0\u00bbpage-cta\u00a0\u00bb][vc_column css=\u00a0\u00bb.vc_custom_1664997819845{background-image: url(https:\/\/tradeshift.com\/wp-content\/uploads\/2022\/10\/full-width-cta.36a267b2.jpg?id=38853) !important;}\u00a0\u00bb offset=\u00a0\u00bbvc_col-md-6&Prime;][vc_single_image image=\u00a0\u00bb40849&Prime; img_size=\u00a0\u00bblarge\u00a0\u00bb alignment=\u00a0\u00bbright\u00a0\u00bb][\/vc_column][vc_column offset=\u00a0\u00bbvc_col-md-6&Prime;][vc_custom_heading text=\u00a0\u00bbConsultez notre blog\u00a0\u00bb font_container=\u00a0\u00bbtag:h2|text_align:left|color:%23ffffff\u00a0\u00bb use_theme_fonts=\u00a0\u00bbyes\u00a0\u00bb][vc_btn color=\u00a0\u00bbwhite\u00a0\u00bb title=\u00a0\u00bbEn savoir plus\u00a0\u00bb align=\u00a0\u00bbleft\u00a0\u00bb link=\u00a0\u00bburl:https%3A%2F%2Fcomwebdemo.wpengine.com\/hub%2F%3F_ga%3D2.58809514.621428822.1666627203-1849028711.1666368208&Prime;][vc_custom_heading text=\u00a0\u00bb#shifthappens\u00a0\u00bb font_container=\u00a0\u00bbtag:h4|text_align:left|color:%23ffffff\u00a0\u00bb use_theme_fonts=\u00a0\u00bbyes\u00a0\u00bb][\/vc_column][\/vc_row]<\/p>\n<\/div>","protected":false},"excerpt":{"rendered":"<p>[vc_row el_class=\u00a0\u00bbtext-hero\u00a0\u00bb css=\u00a0\u00bb.vc_custom_1666033335779{padding-top: 87px !important;padding-bottom: 46px !important;background-color: #0a37f0 !important;}\u00a0\u00bb][vc_column][vc_custom_heading text=\u00a0\u00bbUne plateforme de d\u00e9penses d\u2019entreprise qui simplifie le reporting\u00a0\u00bb font_container=\u00a0\u00bbtag:h1|text_align:center|color:%23ffffff\u00a0\u00bb use_theme_fonts=\u00a0\u00bbyes\u00a0\u00bb css=\u00a0\u00bb.vc_custom_1667566367662{margin-top: 0px !important;margin-bottom: 24px !important;}\u00a0\u00bb][\/vc_column][\/vc_row][vc_row equal_height=\u00a0\u00bbyes\u00a0\u00bb content_placement=\u00a0\u00bbmiddle\u00a0\u00bb css=\u00a0\u00bb.vc_custom_1666722741503{padding-top: 100px !important;padding-bottom: 50px !important;background-color: #f2f2f2 !important;}\u00a0\u00bb][vc_column width=\u00a0\u00bb1\/2&Prime;][vc_custom_heading text=\u00a0\u00bbMa\u00eetrisez les d\u00e9penses, une bonne fois pour toutes\u00a0\u00bb font_container=\u00a0\u00bbtag:h3|text_align:left\u00a0\u00bb use_theme_fonts=\u00a0\u00bbyes\u00a0\u00bb][vc_column_text] Vous connaissez le sc\u00e9nario. Vos dirigeants veulent une analyse compl\u00e8te&#8230;  <a class=\"excerpt-read-more\" href=\"https:\/\/tradeshift.com\/fr\/gestion-des-depenses-de-lentreprise\/\" title=\"LireGestion des d\u00e9penses de l&rsquo;entreprise\">Lire la suite &raquo;<\/a><\/p>\n","protected":false},"author":6,"featured_media":0,"parent":0,"menu_order":373,"comment_status":"closed","ping_status":"closed","template":"","meta":{"_acf_changed":false,"inline_featured_image":false,"footnotes":""},"class_list":["post-32372","page","type-page","status-publish","hentry"],"yoast_head":"<!-- This site is optimized with the Yoast SEO Premium plugin v25.5 (Yoast SEO v25.5) - https:\/\/yoast.com\/wordpress\/plugins\/seo\/ -->\n<title>Gestion des d\u00e9penses de l&#039;entreprise | Tradeshift<\/title>\n<meta name=\"description\" content=\"Vous connaissez le sc\u00e9nario. Vos dirigeants veulent une analyse compl\u00e8te des d\u00e9penses de l\u2019organisation, et pour dans une heure. Le probl\u00e8me, c\u2019est que\" \/>\n<meta name=\"robots\" content=\"index, follow, max-snippet:-1, max-image-preview:large, max-video-preview:-1\" \/>\n<link rel=\"canonical\" href=\"https:\/\/tradeshift.com\/fr\/gestion-des-depenses-de-lentreprise\/\" \/>\n<meta property=\"og:locale\" content=\"fr_FR\" \/>\n<meta property=\"og:type\" content=\"article\" \/>\n<meta property=\"og:title\" content=\"Gestion des d\u00e9penses de l&#039;entreprise\" \/>\n<meta property=\"og:description\" content=\"Vous connaissez le sc\u00e9nario. Vos dirigeants veulent une analyse compl\u00e8te des d\u00e9penses de l\u2019organisation, et pour dans une heure. Le probl\u00e8me, c\u2019est que\" \/>\n<meta property=\"og:url\" content=\"https:\/\/tradeshift.com\/fr\/gestion-des-depenses-de-lentreprise\/\" \/>\n<meta property=\"og:site_name\" content=\"Tradeshift\" \/>\n<meta property=\"article:publisher\" content=\"https:\/\/www.facebook.com\/Tradeshift\/\" \/>\n<meta property=\"article:modified_time\" content=\"2022-11-14T18:52:21+00:00\" \/>\n<meta name=\"twitter:card\" content=\"summary_large_image\" \/>\n<meta name=\"twitter:site\" content=\"@tradeshift\" \/>\n<script type=\"application\/ld+json\" class=\"yoast-schema-graph\">{\"@context\":\"https:\/\/schema.org\",\"@graph\":[{\"@type\":\"WebPage\",\"@id\":\"https:\/\/tradeshift.com\/fr\/gestion-des-depenses-de-lentreprise\/\",\"url\":\"https:\/\/tradeshift.com\/fr\/gestion-des-depenses-de-lentreprise\/\",\"name\":\"Gestion des d\u00e9penses de l'entreprise | Tradeshift\",\"isPartOf\":{\"@id\":\"https:\/\/tradeshift.com\/fr\/#website\"},\"datePublished\":\"2020-09-11T14:00:18+00:00\",\"dateModified\":\"2022-11-14T18:52:21+00:00\",\"description\":\"Vous connaissez le sc\u00e9nario. Vos dirigeants veulent une analyse compl\u00e8te des d\u00e9penses de l\u2019organisation, et pour dans une heure. Le probl\u00e8me, c\u2019est que\",\"breadcrumb\":{\"@id\":\"https:\/\/tradeshift.com\/fr\/gestion-des-depenses-de-lentreprise\/#breadcrumb\"},\"inLanguage\":\"fr-FR\",\"potentialAction\":[{\"@type\":\"ReadAction\",\"target\":[\"https:\/\/tradeshift.com\/fr\/gestion-des-depenses-de-lentreprise\/\"]}]},{\"@type\":\"BreadcrumbList\",\"@id\":\"https:\/\/tradeshift.com\/fr\/gestion-des-depenses-de-lentreprise\/#breadcrumb\",\"itemListElement\":[{\"@type\":\"ListItem\",\"position\":1,\"name\":\"Home\",\"item\":\"https:\/\/tradeshift.com\/fr\/\"},{\"@type\":\"ListItem\",\"position\":2,\"name\":\"Gestion des d\u00e9penses de l&rsquo;entreprise\"}]},{\"@type\":\"WebSite\",\"@id\":\"https:\/\/tradeshift.com\/fr\/#website\",\"url\":\"https:\/\/tradeshift.com\/fr\/\",\"name\":\"Tradeshift\",\"description\":\"B2B Network for Supply Chain Purchasing, B2B Payments &amp; Apps\",\"publisher\":{\"@id\":\"https:\/\/tradeshift.com\/fr\/#organization\"},\"potentialAction\":[{\"@type\":\"SearchAction\",\"target\":{\"@type\":\"EntryPoint\",\"urlTemplate\":\"https:\/\/tradeshift.com\/fr\/?s={search_term_string}\"},\"query-input\":{\"@type\":\"PropertyValueSpecification\",\"valueRequired\":true,\"valueName\":\"search_term_string\"}}],\"inLanguage\":\"fr-FR\"},{\"@type\":\"Organization\",\"@id\":\"https:\/\/tradeshift.com\/fr\/#organization\",\"name\":\"Tradeshift\",\"url\":\"https:\/\/tradeshift.com\/fr\/\",\"logo\":{\"@type\":\"ImageObject\",\"inLanguage\":\"fr-FR\",\"@id\":\"https:\/\/tradeshift.com\/fr\/#\/schema\/logo\/image\/\",\"url\":\"https:\/\/tradeshift.com\/wp-content\/uploads\/2021\/01\/Logo-symbol-white-on-blue-bg-@10x.png\",\"contentUrl\":\"https:\/\/tradeshift.com\/wp-content\/uploads\/2021\/01\/Logo-symbol-white-on-blue-bg-@10x.png\",\"width\":3920,\"height\":3920,\"caption\":\"Tradeshift\"},\"image\":{\"@id\":\"https:\/\/tradeshift.com\/fr\/#\/schema\/logo\/image\/\"},\"sameAs\":[\"https:\/\/www.facebook.com\/Tradeshift\/\",\"https:\/\/x.com\/tradeshift\",\"https:\/\/www.linkedin.com\/company\/tradeshift\",\"https:\/\/www.youtube.com\/channel\/UCaUy07yFxZAf22xwWjTahng\",\"https:\/\/en.wikipedia.org\/wiki\/Tradeshift\"]}]}<\/script>\n<!-- \/ Yoast SEO Premium plugin. -->","yoast_head_json":{"title":"Gestion des d\u00e9penses de l'entreprise | Tradeshift","description":"Vous connaissez le sc\u00e9nario. Vos dirigeants veulent une analyse compl\u00e8te des d\u00e9penses de l\u2019organisation, et pour dans une heure. Le probl\u00e8me, c\u2019est que","robots":{"index":"index","follow":"follow","max-snippet":"max-snippet:-1","max-image-preview":"max-image-preview:large","max-video-preview":"max-video-preview:-1"},"canonical":"https:\/\/tradeshift.com\/fr\/gestion-des-depenses-de-lentreprise\/","og_locale":"fr_FR","og_type":"article","og_title":"Gestion des d\u00e9penses de l'entreprise","og_description":"Vous connaissez le sc\u00e9nario. Vos dirigeants veulent une analyse compl\u00e8te des d\u00e9penses de l\u2019organisation, et pour dans une heure. Le probl\u00e8me, c\u2019est que","og_url":"https:\/\/tradeshift.com\/fr\/gestion-des-depenses-de-lentreprise\/","og_site_name":"Tradeshift","article_publisher":"https:\/\/www.facebook.com\/Tradeshift\/","article_modified_time":"2022-11-14T18:52:21+00:00","twitter_card":"summary_large_image","twitter_site":"@tradeshift","schema":{"@context":"https:\/\/schema.org","@graph":[{"@type":"WebPage","@id":"https:\/\/tradeshift.com\/fr\/gestion-des-depenses-de-lentreprise\/","url":"https:\/\/tradeshift.com\/fr\/gestion-des-depenses-de-lentreprise\/","name":"Gestion des d\u00e9penses de l'entreprise | Tradeshift","isPartOf":{"@id":"https:\/\/tradeshift.com\/fr\/#website"},"datePublished":"2020-09-11T14:00:18+00:00","dateModified":"2022-11-14T18:52:21+00:00","description":"Vous connaissez le sc\u00e9nario. Vos dirigeants veulent une analyse compl\u00e8te des d\u00e9penses de l\u2019organisation, et pour dans une heure. Le probl\u00e8me, c\u2019est que","breadcrumb":{"@id":"https:\/\/tradeshift.com\/fr\/gestion-des-depenses-de-lentreprise\/#breadcrumb"},"inLanguage":"fr-FR","potentialAction":[{"@type":"ReadAction","target":["https:\/\/tradeshift.com\/fr\/gestion-des-depenses-de-lentreprise\/"]}]},{"@type":"BreadcrumbList","@id":"https:\/\/tradeshift.com\/fr\/gestion-des-depenses-de-lentreprise\/#breadcrumb","itemListElement":[{"@type":"ListItem","position":1,"name":"Home","item":"https:\/\/tradeshift.com\/fr\/"},{"@type":"ListItem","position":2,"name":"Gestion des d\u00e9penses de l&rsquo;entreprise"}]},{"@type":"WebSite","@id":"https:\/\/tradeshift.com\/fr\/#website","url":"https:\/\/tradeshift.com\/fr\/","name":"Tradeshift","description":"B2B Network for Supply Chain Purchasing, B2B Payments &amp; Apps","publisher":{"@id":"https:\/\/tradeshift.com\/fr\/#organization"},"potentialAction":[{"@type":"SearchAction","target":{"@type":"EntryPoint","urlTemplate":"https:\/\/tradeshift.com\/fr\/?s={search_term_string}"},"query-input":{"@type":"PropertyValueSpecification","valueRequired":true,"valueName":"search_term_string"}}],"inLanguage":"fr-FR"},{"@type":"Organization","@id":"https:\/\/tradeshift.com\/fr\/#organization","name":"Tradeshift","url":"https:\/\/tradeshift.com\/fr\/","logo":{"@type":"ImageObject","inLanguage":"fr-FR","@id":"https:\/\/tradeshift.com\/fr\/#\/schema\/logo\/image\/","url":"https:\/\/tradeshift.com\/wp-content\/uploads\/2021\/01\/Logo-symbol-white-on-blue-bg-@10x.png","contentUrl":"https:\/\/tradeshift.com\/wp-content\/uploads\/2021\/01\/Logo-symbol-white-on-blue-bg-@10x.png","width":3920,"height":3920,"caption":"Tradeshift"},"image":{"@id":"https:\/\/tradeshift.com\/fr\/#\/schema\/logo\/image\/"},"sameAs":["https:\/\/www.facebook.com\/Tradeshift\/","https:\/\/x.com\/tradeshift","https:\/\/www.linkedin.com\/company\/tradeshift","https:\/\/www.youtube.com\/channel\/UCaUy07yFxZAf22xwWjTahng","https:\/\/en.wikipedia.org\/wiki\/Tradeshift"]}]}},"acf":[],"_links":{"self":[{"href":"https:\/\/tradeshift.com\/fr\/wp-json\/wp\/v2\/pages\/32372","targetHints":{"allow":["GET"]}}],"collection":[{"href":"https:\/\/tradeshift.com\/fr\/wp-json\/wp\/v2\/pages"}],"about":[{"href":"https:\/\/tradeshift.com\/fr\/wp-json\/wp\/v2\/types\/page"}],"author":[{"embeddable":true,"href":"https:\/\/tradeshift.com\/fr\/wp-json\/wp\/v2\/users\/6"}],"replies":[{"embeddable":true,"href":"https:\/\/tradeshift.com\/fr\/wp-json\/wp\/v2\/comments?post=32372"}],"version-history":[{"count":0,"href":"https:\/\/tradeshift.com\/fr\/wp-json\/wp\/v2\/pages\/32372\/revisions"}],"wp:attachment":[{"href":"https:\/\/tradeshift.com\/fr\/wp-json\/wp\/v2\/media?parent=32372"}],"curies":[{"name":"wp","href":"https:\/\/api.w.org\/{rel}","templated":true}]}}