{"id":33099,"date":"2020-11-04T09:03:20","date_gmt":"2020-11-04T17:03:20","guid":{"rendered":"https:\/\/tradeshift-old.local\/?page_id=33099"},"modified":"2025-10-14T07:42:33","modified_gmt":"2025-10-14T14:42:33","slug":"cash","status":"publish","type":"page","link":"https:\/\/tradeshift.com\/fr\/solutions-fournisseurs\/cash\/","title":{"rendered":"Supplier Financing for Early Invoice Payments"},"content":{"rendered":"<div class=\"wpb-content-wrapper\"><p>[vc_row el_class=\u00a0\u00bbpage-hero product-hero\u00a0\u00bb css=\u00a0\u00bb.vc_custom_1667405354731{background: #210c7d url(https:\/\/tradeshift.com\/wp-content\/uploads\/2022\/11\/cash-for-sellers.94056363.svg?id=40641) !important;}\u00a0\u00bb][vc_column width=\u00a0\u00bb1\/2&Prime;][vc_column_text el_class=\u00a0\u00bbtext-white\u00a0\u00bb]<\/p>\n<p class=\"paragraph page-hero--product__subheading\">Fonds de roulement pour votre supply chain<\/p>\n<p>[\/vc_column_text][vc_row_inner][vc_column_inner][vc_single_image image=\u00a0\u00bb40635&Prime; img_size=\u00a0\u00bblarge\u00a0\u00bb max_width=\u00a0\u00bb90px\u00a0\u00bb][vc_custom_heading text=\u00a0\u00bbCash\u00a0\u00bb font_container=\u00a0\u00bbtag:h1|text_align:left|color:%23ffffff\u00a0\u00bb use_theme_fonts=\u00a0\u00bbyes\u00a0\u00bb][\/vc_column_inner][\/vc_row_inner][vc_custom_heading text=\u00a0\u00bbLes fournisseurs sont pay\u00e9s plus vite.\u00a0\u00bb font_container=\u00a0\u00bbtag:h1|text_align:left|color:%23ffffff\u00a0\u00bb use_theme_fonts=\u00a0\u00bbyes\u00a0\u00bb css=\u00a0\u00bb.vc_custom_1667906744229{margin-bottom: 24px !important;}\u00a0\u00bb][vc_column_text css=\u00a0\u00bb.vc_custom_1667906751133{margin-bottom: 24px !important;}\u00a0\u00bb el_class=\u00a0\u00bbtext-white\u00a0\u00bb]<\/p>\n<div class=\"page-hero page-hero--split page-hero--tall page-hero--product bg--purple page-hero--product--cash\" data-acf-class=\"background_color\">\n<div class=\"page-hero__container\">\n<div class=\"page-hero__container--cash\">\n<div class=\"wrapper wrapper--medium\">\n<div class=\"page-hero__content color--white \">\n<div class=\"rhythm page-hero__content--spanX-full color--white \">\n<div class=\"flex flex--no-gap\">\n<div class=\"flex primary primary--padded rhythm--large\">\n<p class=\"paragraph\">Vous pouvez d\u00e9sormais aider les fournisseurs avec lesquels vous aimez faire des affaires \u00e0 \u00eatre pay\u00e9s plus rapidement. Les autres solutions de paiement anticip\u00e9 fonctionnent de temps en temps, avec certains fournisseurs seulement. Tradeshift Cash est diff\u00e9rent : il s\u2019appuie sur la relation existante avec votre fournisseur.<\/p>\n<\/div>\n<\/div>\n<\/div>\n<\/div>\n<\/div>\n<\/div>\n<\/div>\n<\/div>\n<p>[\/vc_column_text][vc_btn color=\u00a0\u00bbpurple-white\u00a0\u00bb title=\u00a0\u00bbContactez-nous\u00a0\u00bb align=\u00a0\u00bbleft\u00a0\u00bb link=\u00a0\u00bburl:https%3A%2F%2Ftradeshift.com%2Ffr%2Fcontact%2F\u00a0\u00bb][\/vc_column][vc_column width=\u00a0\u00bb1\/2&Prime; css=\u00a0\u00bb.vc_custom_1667408735495{background-image: url(https:\/\/tradeshift.com\/wp-content\/uploads\/2022\/11\/cash-for-sellers-white.f3c4350b.svg?id=40686) !important;}\u00a0\u00bb][\/vc_column][\/vc_row][vc_row equal_height=\u00a0\u00bbyes\u00a0\u00bb css=\u00a0\u00bb.vc_custom_1667405649907{padding-top: 75px !important;padding-bottom: 75px !important;background-color: #f2f2f2 !important;}\u00a0\u00bb][vc_column width=\u00a0\u00bb1\/3&Prime; css=\u00a0\u00bb.vc_custom_1667405785889{padding-right: 30px !important;padding-left: 30px !important;}\u00a0\u00bb][vc_custom_heading text=\u00a0\u00bbUn financement bas\u00e9 sur les donn\u00e9es.\u00a0\u00bb font_container=\u00a0\u00bbtag:h3|text_align:center\u00a0\u00bb use_theme_fonts=\u00a0\u00bbyes\u00a0\u00bb][vc_column_text]<\/p>\n<p style=\"text-align: center;\">Cash utilise l\u2019historique des transactions avec vos fournisseurs pour permettre un paiement anticip\u00e9 de toutes les factures valid\u00e9es. Ainsi, les fournisseurs en qui vous avez confiance sont pay\u00e9s rapidement. En deux jours ou moins.<\/p>\n<p>[\/vc_column_text][\/vc_column][vc_column width=\u00a0\u00bb1\/3&Prime; css=\u00a0\u00bb.vc_custom_1667405796187{padding-right: 30px !important;padding-left: 30px !important;}\u00a0\u00bb][vc_custom_heading text=\u00a0\u00bbPr\u00e9visibilit\u00e9 24h\/24 et 7j\/7.\u00a0\u00bb font_container=\u00a0\u00bbtag:h3|text_align:center\u00a0\u00bb use_theme_fonts=\u00a0\u00bbyes\u00a0\u00bb][vc_column_text]<\/p>\n<p style=\"text-align: center;\">Cash fonctionne en permanence ; finies les interruptions de la supply chain. Vos fournisseurs obtiennent le cash-flow dont ils ont besoin pour faire tourner leur entreprise et vous avez une supply chain r\u00e9siliente.<\/p>\n<p>[\/vc_column_text][\/vc_column][vc_column width=\u00a0\u00bb1\/3&Prime; css=\u00a0\u00bb.vc_custom_1667405805821{padding-right: 30px !important;padding-left: 30px !important;}\u00a0\u00bb][vc_custom_heading text=\u00a0\u00bbLe paiement anticip\u00e9 pour tous.\u00a0\u00bb font_container=\u00a0\u00bbtag:h3|text_align:center\u00a0\u00bb use_theme_fonts=\u00a0\u00bbyes\u00a0\u00bb][vc_column_text]<\/p>\n<p style=\"text-align: center;\">Cash peut fonctionner avec votre ancienne solution de paiement anticip\u00e9, ou la remplacer enti\u00e8rement. Les syst\u00e8mes traditionnels de Dynamic Discounting et de financement de la Supply Chain fonctionnent seulement pour les fournisseurs d\u2019une certaine taille. Cash est con\u00e7u pour tous.<\/p>\n<p>[\/vc_column_text][\/vc_column][\/vc_row][vc_row equal_height=\u00a0\u00bbyes\u00a0\u00bb content_placement=\u00a0\u00bbmiddle\u00a0\u00bb reverse_row=\u00a0\u00bbtrue\u00a0\u00bb css=\u00a0\u00bb.vc_custom_1665862819699{background-color: #000000 !important;}\u00a0\u00bb el_class=\u00a0\u00bboversized-bg\u00a0\u00bb][vc_column width=\u00a0\u00bb1\/2&Prime; css=\u00a0\u00bb.vc_custom_1665779787331{background-image: url(https:\/\/tradeshift.com\/wp-content\/uploads\/2022\/10\/calc.b7fe9218.png?id=39030) !important;}\u00a0\u00bb][vc_single_image image=\u00a0\u00bb39033&Prime; img_size=\u00a0\u00bbfull\u00a0\u00bb][\/vc_column][vc_column width=\u00a0\u00bb1\/2&Prime;][vc_custom_heading text=\u00a0\u00bbSee the difference a network platform can make.\u00a0\u00bb font_container=\u00a0\u00bbtag:h2|text_align:left|color:%23ffffff\u00a0\u00bb use_theme_fonts=\u00a0\u00bbyes\u00a0\u00bb][vc_column_text el_class=\u00a0\u00bbtext-white\u00a0\u00bb]Value Assessment Calculator[\/vc_column_text][vc_btn color=\u00a0\u00bbwhite\u00a0\u00bb title=\u00a0\u00bbCalculate my savings\u00a0\u00bb align=\u00a0\u00bbleft\u00a0\u00bb link=\u00a0\u00bburl:%2Fcalculator\u00a0\u00bb][\/vc_column][\/vc_row][vc_row equal_height=\u00a0\u00bbyes\u00a0\u00bb content_placement=\u00a0\u00bbmiddle\u00a0\u00bb reverse_row=\u00a0\u00bbtrue\u00a0\u00bb el_class=\u00a0\u00bbimage-columns image-columns-alt\u00a0\u00bb css=\u00a0\u00bb.vc_custom_1667408014042{padding-top: 96px !important;padding-bottom: 64px !important;background-color: #f2f2f2 !important;}\u00a0\u00bb][vc_column width=\u00a0\u00bb1\/2&Prime;][vc_single_image image=\u00a0\u00bb41368&Prime; img_size=\u00a0\u00bbfull\u00a0\u00bb][\/vc_column][vc_column width=\u00a0\u00bb1\/2&Prime;][vc_custom_heading text=\u00a0\u00bbLa puissance du r\u00e9seau.\u00a0\u00bb use_theme_fonts=\u00a0\u00bbyes\u00a0\u00bb css=\u00a0\u00bb.vc_custom_1667906853832{margin-top: 0px !important;margin-bottom: 32px !important;}\u00a0\u00bb][vc_column_text css=\u00a0\u00bb.vc_custom_1667906858131{margin-bottom: 32px !important;}\u00a0\u00bb]<\/p>\n<div class=\"full-width-wrapper bg--gray-5 content-container content-container--gray\">\n<div class=\"wrapper wrapper--default\">\n<div class=\"media-object media-object--50-50 media-object--middle media-object--reverse\">\n<div class=\"media-object__body rhythm\">\n<p class=\"paragraph\">Sur le r\u00e9seau Tradeshift vous pouvez\u00a0enr\u00f4ler les fournisseurs rapidement en leur offrant des donn\u00e9es exploitables en r\u00e9seau, des analyses, et un financement plus rapide. Entretenez leur motivation avec\u00a0<i>Cash<\/i>\u00a0et la garantie de paiements rapides et pr\u00e9visibles. Plus vous g\u00e9n\u00e9raliserez la collaboration digitale avec vos fournisseurs, plus votre r\u00e9seau sera solide et mieux vous r\u00e9ussirez votre transformation num\u00e9rique. C\u2019est aussi simple que \u00e7a.<\/p>\n<\/div>\n<\/div>\n<\/div>\n<\/div>\n<div class=\"full-width-wrapper content-container\">\n<div class=\"wrapper wrapper--default\">\n<div class=\"media-object media-object--50-50 media-object--middle media-object--wrap-reverse\"><\/div>\n<\/div>\n<\/div>\n<p>[\/vc_column_text][\/vc_column][\/vc_row][vc_row equal_height=\u00a0\u00bbyes\u00a0\u00bb content_placement=\u00a0\u00bbmiddle\u00a0\u00bb el_class=\u00a0\u00bbimage-columns\u00a0\u00bb css=\u00a0\u00bb.vc_custom_1667408207880{padding-top: 96px !important;padding-bottom: 64px !important;background-color: #ffffff !important;}\u00a0\u00bb][vc_column width=\u00a0\u00bb1\/2&Prime;][vc_single_image image=\u00a0\u00bb40662&Prime; img_size=\u00a0\u00bbfull\u00a0\u00bb][\/vc_column][vc_column width=\u00a0\u00bb1\/2&Prime;][vc_custom_heading text=\u00a0\u00bbLa plateforme qui donne la premi\u00e8re place aux fournisseurs.\u00a0\u00bb use_theme_fonts=\u00a0\u00bbyes\u00a0\u00bb css=\u00a0\u00bb.vc_custom_1667906865448{margin-top: 0px !important;margin-bottom: 32px !important;}\u00a0\u00bb][vc_column_text css=\u00a0\u00bb.vc_custom_1667906878245{margin-bottom: 32px !important;}\u00a0\u00bb]<\/p>\n<div class=\"full-width-wrapper content-container\">\n<div class=\"wrapper wrapper--default\">\n<div class=\"media-object media-object--50-50 media-object--middle media-object--wrap-reverse\">\n<div class=\"media-object__body rhythm\">\n<p>Une entreprise sur quatre subit les cons\u00e9quences de la faillite d\u2019un fournisseur. Avec Cash, vous pouvez intervenir directement en payant plus vite vos fournisseurs pour qu\u2019ils aient toutes les chances de se maintenir \u00e0 flot. Et quand tous vos fournisseurs verront que vous \u00eates investi dans leur r\u00e9ussite, ils adopteront rapidement votre solution de facturation \u00e9lectronique. Quand vous cr\u00e9ez de la valeur pour vos fournisseurs, vous \u00eates gagnant vous aussi.<\/p>\n<\/div>\n<\/div>\n<\/div>\n<\/div>\n<p>[\/vc_column_text][\/vc_column][\/vc_row][vc_row css=\u00a0\u00bb.vc_custom_1667907028860{padding-top: 50px !important;padding-bottom: 50px !important;}\u00a0\u00bb][vc_column][vc_custom_heading text=\u00a0\u00bbNos clients\u00a0\u00bb font_container=\u00a0\u00bbtag:h2|text_align:center|color:%23ffffff\u00a0\u00bb use_theme_fonts=\u00a0\u00bbyes\u00a0\u00bb css=\u00a0\u00bb.vc_custom_1667907041874{padding-bottom: 16px !important;}\u00a0\u00bb][vc_row_inner][vc_column_inner width=\u00a0\u00bb1\/3&Prime;][vc_single_image image=\u00a0\u00bb41377&Prime; img_size=\u00a0\u00bbfull\u00a0\u00bb alignment=\u00a0\u00bbcenter\u00a0\u00bb][\/vc_column_inner][vc_column_inner width=\u00a0\u00bb1\/3&Prime;][vc_single_image image=\u00a0\u00bb41386&Prime; img_size=\u00a0\u00bbfull\u00a0\u00bb alignment=\u00a0\u00bbcenter\u00a0\u00bb][\/vc_column_inner][vc_column_inner width=\u00a0\u00bb1\/3&Prime;][vc_single_image image=\u00a0\u00bb41395&Prime; img_size=\u00a0\u00bbfull\u00a0\u00bb alignment=\u00a0\u00bbcenter\u00a0\u00bb][\/vc_column_inner][\/vc_row_inner][vc_row_inner][vc_column_inner width=\u00a0\u00bb1\/3&Prime;][vc_single_image image=\u00a0\u00bb41404&Prime; img_size=\u00a0\u00bbfull\u00a0\u00bb alignment=\u00a0\u00bbcenter\u00a0\u00bb][\/vc_column_inner][vc_column_inner width=\u00a0\u00bb1\/3&Prime;][vc_single_image image=\u00a0\u00bb41413&Prime; img_size=\u00a0\u00bbfull\u00a0\u00bb alignment=\u00a0\u00bbcenter\u00a0\u00bb][\/vc_column_inner][vc_column_inner width=\u00a0\u00bb1\/3&Prime;][vc_single_image image=\u00a0\u00bb41422&Prime; img_size=\u00a0\u00bbfull\u00a0\u00bb alignment=\u00a0\u00bbcenter\u00a0\u00bb][\/vc_column_inner][\/vc_row_inner][\/vc_column][\/vc_row]<\/p>\n<\/div>","protected":false},"excerpt":{"rendered":"<p>[vc_row el_class=\u00a0\u00bbpage-hero product-hero\u00a0\u00bb css=\u00a0\u00bb.vc_custom_1667405354731{background: #210c7d url(https:\/\/tradeshift.com\/wp-content\/uploads\/2022\/11\/cash-for-sellers.94056363.svg?id=40641) !important;}\u00a0\u00bb][vc_column width=\u00a0\u00bb1\/2&Prime;][vc_column_text el_class=\u00a0\u00bbtext-white\u00a0\u00bb] Fonds de roulement pour votre supply chain [\/vc_column_text][vc_row_inner][vc_column_inner][vc_single_image image=\u00a0\u00bb40635&Prime; img_size=\u00a0\u00bblarge\u00a0\u00bb max_width=\u00a0\u00bb90px\u00a0\u00bb][vc_custom_heading text=\u00a0\u00bbCash\u00a0\u00bb font_container=\u00a0\u00bbtag:h1|text_align:left|color:%23ffffff\u00a0\u00bb use_theme_fonts=\u00a0\u00bbyes\u00a0\u00bb][\/vc_column_inner][\/vc_row_inner][vc_custom_heading text=\u00a0\u00bbLes fournisseurs sont pay\u00e9s plus vite.\u00a0\u00bb font_container=\u00a0\u00bbtag:h1|text_align:left|color:%23ffffff\u00a0\u00bb use_theme_fonts=\u00a0\u00bbyes\u00a0\u00bb css=\u00a0\u00bb.vc_custom_1667906744229{margin-bottom: 24px !important;}\u00a0\u00bb][vc_column_text css=\u00a0\u00bb.vc_custom_1667906751133{margin-bottom: 24px !important;}\u00a0\u00bb el_class=\u00a0\u00bbtext-white\u00a0\u00bb] Vous pouvez d\u00e9sormais aider les fournisseurs avec lesquels vous aimez faire des affaires \u00e0 \u00eatre pay\u00e9s plus&#8230;  <a class=\"excerpt-read-more\" href=\"https:\/\/tradeshift.com\/fr\/solutions-fournisseurs\/cash\/\" title=\"LireSupplier Financing for Early Invoice Payments\">Lire la suite &raquo;<\/a><\/p>\n","protected":false},"author":82,"featured_media":0,"parent":1257,"menu_order":332,"comment_status":"closed","ping_status":"closed","template":"","meta":{"_acf_changed":false,"om_disable_all_campaigns":false,"inline_featured_image":false,"footnotes":""},"class_list":["post-33099","page","type-page","status-publish","hentry"],"yoast_head":"<!-- This site is optimized with the Yoast SEO Premium plugin v25.5 (Yoast SEO v25.5) - https:\/\/yoast.com\/wordpress\/plugins\/seo\/ -->\n<title>Solution de paiement anticip\u00e9 des factures des fournisseurs | Tradeshift<\/title>\n<meta name=\"description\" content=\"Fonds de roulement pour votre supply chain Vous pouvez d\u00e9sormais aider les fournisseurs avec lesquels vous aimez faire des affaires \u00e0 \u00eatre pay\u00e9s plus\" \/>\n<meta name=\"robots\" content=\"index, follow, max-snippet:-1, max-image-preview:large, max-video-preview:-1\" \/>\n<link rel=\"canonical\" href=\"https:\/\/tradeshift.com\/fr\/solutions-fournisseurs\/cash\/\" \/>\n<meta property=\"og:locale\" content=\"fr_FR\" \/>\n<meta property=\"og:type\" content=\"article\" \/>\n<meta property=\"og:title\" content=\"Supplier Financing for Early Invoice Payments\" \/>\n<meta property=\"og:description\" content=\"Fonds de roulement pour votre supply chain Vous pouvez d\u00e9sormais aider les fournisseurs avec lesquels vous aimez faire des affaires \u00e0 \u00eatre pay\u00e9s plus\" \/>\n<meta property=\"og:url\" content=\"https:\/\/tradeshift.com\/fr\/solutions-fournisseurs\/cash\/\" \/>\n<meta property=\"og:site_name\" content=\"Tradeshift\" \/>\n<meta property=\"article:publisher\" content=\"https:\/\/www.facebook.com\/Tradeshift\/\" \/>\n<meta property=\"article:modified_time\" content=\"2025-10-14T14:42:33+00:00\" \/>\n<meta name=\"twitter:card\" content=\"summary_large_image\" \/>\n<meta name=\"twitter:site\" content=\"@tradeshift\" \/>\n<script type=\"application\/ld+json\" class=\"yoast-schema-graph\">{\"@context\":\"https:\/\/schema.org\",\"@graph\":[{\"@type\":\"WebPage\",\"@id\":\"https:\/\/tradeshift.com\/fr\/solutions-fournisseurs\/cash\/\",\"url\":\"https:\/\/tradeshift.com\/fr\/solutions-fournisseurs\/cash\/\",\"name\":\"Solution de paiement anticip\u00e9 des factures des fournisseurs | Tradeshift\",\"isPartOf\":{\"@id\":\"https:\/\/tradeshift.com\/fr\/#website\"},\"datePublished\":\"2020-11-04T17:03:20+00:00\",\"dateModified\":\"2025-10-14T14:42:33+00:00\",\"description\":\"Fonds de roulement pour votre supply chain Vous pouvez d\u00e9sormais aider les fournisseurs avec lesquels vous aimez faire des affaires \u00e0 \u00eatre pay\u00e9s plus\",\"breadcrumb\":{\"@id\":\"https:\/\/tradeshift.com\/fr\/solutions-fournisseurs\/cash\/#breadcrumb\"},\"inLanguage\":\"fr-FR\",\"potentialAction\":[{\"@type\":\"ReadAction\",\"target\":[\"https:\/\/tradeshift.com\/fr\/solutions-fournisseurs\/cash\/\"]}]},{\"@type\":\"BreadcrumbList\",\"@id\":\"https:\/\/tradeshift.com\/fr\/solutions-fournisseurs\/cash\/#breadcrumb\",\"itemListElement\":[{\"@type\":\"ListItem\",\"position\":1,\"name\":\"Home\",\"item\":\"https:\/\/tradeshift.com\/fr\/\"},{\"@type\":\"ListItem\",\"position\":2,\"name\":\"Digital B2B Supplier Solutions | Tradeshift\",\"item\":\"https:\/\/tradeshift.com\/fr\/solutions-fournisseurs\/\"},{\"@type\":\"ListItem\",\"position\":3,\"name\":\"Supplier Financing for Early Invoice Payments\"}]},{\"@type\":\"WebSite\",\"@id\":\"https:\/\/tradeshift.com\/fr\/#website\",\"url\":\"https:\/\/tradeshift.com\/fr\/\",\"name\":\"Tradeshift\",\"description\":\"B2B Network for Supply Chain Purchasing, B2B Payments &amp; Apps\",\"publisher\":{\"@id\":\"https:\/\/tradeshift.com\/fr\/#organization\"},\"potentialAction\":[{\"@type\":\"SearchAction\",\"target\":{\"@type\":\"EntryPoint\",\"urlTemplate\":\"https:\/\/tradeshift.com\/fr\/?s={search_term_string}\"},\"query-input\":{\"@type\":\"PropertyValueSpecification\",\"valueRequired\":true,\"valueName\":\"search_term_string\"}}],\"inLanguage\":\"fr-FR\"},{\"@type\":\"Organization\",\"@id\":\"https:\/\/tradeshift.com\/fr\/#organization\",\"name\":\"Tradeshift\",\"url\":\"https:\/\/tradeshift.com\/fr\/\",\"logo\":{\"@type\":\"ImageObject\",\"inLanguage\":\"fr-FR\",\"@id\":\"https:\/\/tradeshift.com\/fr\/#\/schema\/logo\/image\/\",\"url\":\"https:\/\/tradeshift.com\/wp-content\/uploads\/2021\/01\/Logo-symbol-white-on-blue-bg-@10x.png\",\"contentUrl\":\"https:\/\/tradeshift.com\/wp-content\/uploads\/2021\/01\/Logo-symbol-white-on-blue-bg-@10x.png\",\"width\":3920,\"height\":3920,\"caption\":\"Tradeshift\"},\"image\":{\"@id\":\"https:\/\/tradeshift.com\/fr\/#\/schema\/logo\/image\/\"},\"sameAs\":[\"https:\/\/www.facebook.com\/Tradeshift\/\",\"https:\/\/x.com\/tradeshift\",\"https:\/\/www.linkedin.com\/company\/tradeshift\",\"https:\/\/www.youtube.com\/channel\/UCaUy07yFxZAf22xwWjTahng\",\"https:\/\/en.wikipedia.org\/wiki\/Tradeshift\"]}]}<\/script>\n<!-- \/ Yoast SEO Premium plugin. -->","yoast_head_json":{"title":"Solution de paiement anticip\u00e9 des factures des fournisseurs | Tradeshift","description":"Fonds de roulement pour votre supply chain Vous pouvez d\u00e9sormais aider les fournisseurs avec lesquels vous aimez faire des affaires \u00e0 \u00eatre pay\u00e9s plus","robots":{"index":"index","follow":"follow","max-snippet":"max-snippet:-1","max-image-preview":"max-image-preview:large","max-video-preview":"max-video-preview:-1"},"canonical":"https:\/\/tradeshift.com\/fr\/solutions-fournisseurs\/cash\/","og_locale":"fr_FR","og_type":"article","og_title":"Supplier Financing for Early Invoice Payments","og_description":"Fonds de roulement pour votre supply chain Vous pouvez d\u00e9sormais aider les fournisseurs avec lesquels vous aimez faire des affaires \u00e0 \u00eatre pay\u00e9s plus","og_url":"https:\/\/tradeshift.com\/fr\/solutions-fournisseurs\/cash\/","og_site_name":"Tradeshift","article_publisher":"https:\/\/www.facebook.com\/Tradeshift\/","article_modified_time":"2025-10-14T14:42:33+00:00","twitter_card":"summary_large_image","twitter_site":"@tradeshift","schema":{"@context":"https:\/\/schema.org","@graph":[{"@type":"WebPage","@id":"https:\/\/tradeshift.com\/fr\/solutions-fournisseurs\/cash\/","url":"https:\/\/tradeshift.com\/fr\/solutions-fournisseurs\/cash\/","name":"Solution de paiement anticip\u00e9 des factures des fournisseurs | Tradeshift","isPartOf":{"@id":"https:\/\/tradeshift.com\/fr\/#website"},"datePublished":"2020-11-04T17:03:20+00:00","dateModified":"2025-10-14T14:42:33+00:00","description":"Fonds de roulement pour votre supply chain Vous pouvez d\u00e9sormais aider les fournisseurs avec lesquels vous aimez faire des affaires \u00e0 \u00eatre pay\u00e9s plus","breadcrumb":{"@id":"https:\/\/tradeshift.com\/fr\/solutions-fournisseurs\/cash\/#breadcrumb"},"inLanguage":"fr-FR","potentialAction":[{"@type":"ReadAction","target":["https:\/\/tradeshift.com\/fr\/solutions-fournisseurs\/cash\/"]}]},{"@type":"BreadcrumbList","@id":"https:\/\/tradeshift.com\/fr\/solutions-fournisseurs\/cash\/#breadcrumb","itemListElement":[{"@type":"ListItem","position":1,"name":"Home","item":"https:\/\/tradeshift.com\/fr\/"},{"@type":"ListItem","position":2,"name":"Digital B2B Supplier Solutions | Tradeshift","item":"https:\/\/tradeshift.com\/fr\/solutions-fournisseurs\/"},{"@type":"ListItem","position":3,"name":"Supplier Financing for Early Invoice Payments"}]},{"@type":"WebSite","@id":"https:\/\/tradeshift.com\/fr\/#website","url":"https:\/\/tradeshift.com\/fr\/","name":"Tradeshift","description":"B2B Network for Supply Chain Purchasing, B2B Payments &amp; Apps","publisher":{"@id":"https:\/\/tradeshift.com\/fr\/#organization"},"potentialAction":[{"@type":"SearchAction","target":{"@type":"EntryPoint","urlTemplate":"https:\/\/tradeshift.com\/fr\/?s={search_term_string}"},"query-input":{"@type":"PropertyValueSpecification","valueRequired":true,"valueName":"search_term_string"}}],"inLanguage":"fr-FR"},{"@type":"Organization","@id":"https:\/\/tradeshift.com\/fr\/#organization","name":"Tradeshift","url":"https:\/\/tradeshift.com\/fr\/","logo":{"@type":"ImageObject","inLanguage":"fr-FR","@id":"https:\/\/tradeshift.com\/fr\/#\/schema\/logo\/image\/","url":"https:\/\/tradeshift.com\/wp-content\/uploads\/2021\/01\/Logo-symbol-white-on-blue-bg-@10x.png","contentUrl":"https:\/\/tradeshift.com\/wp-content\/uploads\/2021\/01\/Logo-symbol-white-on-blue-bg-@10x.png","width":3920,"height":3920,"caption":"Tradeshift"},"image":{"@id":"https:\/\/tradeshift.com\/fr\/#\/schema\/logo\/image\/"},"sameAs":["https:\/\/www.facebook.com\/Tradeshift\/","https:\/\/x.com\/tradeshift","https:\/\/www.linkedin.com\/company\/tradeshift","https:\/\/www.youtube.com\/channel\/UCaUy07yFxZAf22xwWjTahng","https:\/\/en.wikipedia.org\/wiki\/Tradeshift"]}]}},"acf":[],"_links":{"self":[{"href":"https:\/\/tradeshift.com\/fr\/wp-json\/wp\/v2\/pages\/33099","targetHints":{"allow":["GET"]}}],"collection":[{"href":"https:\/\/tradeshift.com\/fr\/wp-json\/wp\/v2\/pages"}],"about":[{"href":"https:\/\/tradeshift.com\/fr\/wp-json\/wp\/v2\/types\/page"}],"author":[{"embeddable":true,"href":"https:\/\/tradeshift.com\/fr\/wp-json\/wp\/v2\/users\/82"}],"replies":[{"embeddable":true,"href":"https:\/\/tradeshift.com\/fr\/wp-json\/wp\/v2\/comments?post=33099"}],"version-history":[{"count":0,"href":"https:\/\/tradeshift.com\/fr\/wp-json\/wp\/v2\/pages\/33099\/revisions"}],"up":[{"embeddable":true,"href":"https:\/\/tradeshift.com\/fr\/wp-json\/wp\/v2\/pages\/1257"}],"wp:attachment":[{"href":"https:\/\/tradeshift.com\/fr\/wp-json\/wp\/v2\/media?parent=33099"}],"curies":[{"name":"wp","href":"https:\/\/api.w.org\/{rel}","templated":true}]}}