{"id":33175,"date":"2020-11-11T03:23:24","date_gmt":"2020-11-11T11:23:24","guid":{"rendered":"https:\/\/tradeshift-old.local\/?page_id=33175"},"modified":"2022-11-15T09:17:50","modified_gmt":"2022-11-15T17:17:50","slug":"demarrer","status":"publish","type":"page","link":"https:\/\/tradeshift.com\/fr\/demarrer\/","title":{"rendered":"D\u00e9marrer"},"content":{"rendered":"<div class=\"wpb-content-wrapper\"><p>[vc_row el_class=\u00a0\u00bbpage-hero boxed-hero\u00a0\u00bb css=\u00a0\u00bb.vc_custom_1666817527693{background-image: url(https:\/\/tradeshift.com\/wp-content\/uploads\/2022\/10\/getstarted_hero.e9fb47db-scaled.jpg?id=40004) !important;}\u00a0\u00bb][vc_column width=\u00a0\u00bb5\/12&Prime;][vc_custom_heading text=\u00a0\u00bbD\u00e9marrer\u00a0\u00bb font_container=\u00a0\u00bbtag:h4|text_align:left|color:%23ffffff\u00a0\u00bb use_theme_fonts=\u00a0\u00bbyes\u00a0\u00bb el_class=\u00a0\u00bbsubhead\u00a0\u00bb][vc_custom_heading text=\u00a0\u00bbEnvoyez des factures num\u00e9riques \u00e0 votre client en suivant ces 5 \u00e9tapes simples\u00a0\u00bb font_container=\u00a0\u00bbtag:h1|text_align:left|color:%23ffffff\u00a0\u00bb use_theme_fonts=\u00a0\u00bbyes\u00a0\u00bb el_class=\u00a0\u00bbsubhea\u00a0\u00bb][vc_column_text el_class=\u00a0\u00bbtext-white\u00a0\u00bb]En utilisant Tradeshift pour vos transactions avec vos acheteurs, vous avez l\u2019assurance de pouvoir continuer \u00e0 faire des affaires \u2013 o\u00f9 qu\u2019ils se trouvent et quelles que soient les impr\u00e9vus que l\u2019avenir vous r\u00e9serve. Suivez les instructions ci-dessous pour commencer \u00e0 effectuer des transactions num\u00e9riques gratuitement d\u00e8s aujourd\u2019hui.[\/vc_column_text][\/vc_column][vc_column width=\u00a0\u00bb7\/12&Prime;][\/vc_column][\/vc_row][vc_row][vc_column width=\u00a0\u00bb1\/6&Prime;][\/vc_column][vc_column width=\u00a0\u00bb2\/3&Prime; css=\u00a0\u00bb.vc_custom_1666817628361{padding-bottom: 100px !important;}\u00a0\u00bb][vc_custom_heading text=\u00a0\u00bb1.<br \/>\nRemplissez le formulaire pour recevoir votre lien d\u2019activation vers Tradeshift\u00a0\u00bb font_container=\u00a0\u00bbtag:h2|text_align:center\u00a0\u00bb use_theme_fonts=\u00a0\u00bbyes\u00a0\u00bb css=\u00a0\u00bb.vc_custom_1668058857437{padding-top: 75px !important;padding-bottom: 25px !important;}\u00a0\u00bb][vc_custom_heading text=\u00a0\u00bb2.<br \/>\nFinalisez l\u2019enregistrement aupr\u00e8s de Tradeshift\u00a0\u00bb font_container=\u00a0\u00bbtag:h2|text_align:center\u00a0\u00bb use_theme_fonts=\u00a0\u00bbyes\u00a0\u00bb css=\u00a0\u00bb.vc_custom_1668058878066{padding-top: 75px !important;padding-bottom: 25px !important;}\u00a0\u00bb][vc_column_text]<\/p>\n<p style=\"text-align: center;\">Lorsque vous recevrez une notification d\u2019activation de compte de la part de Tradeshift, cliquez sur le lien inclus dans l\u2019e-mail et terminez la cr\u00e9ation de votre compte Tradeshift.<\/p>\n<p>[\/vc_column_text][vc_custom_heading text=\u00a0\u00bb3.<br \/>\nEnvoyez votre premi\u00e8re facture sur Tradeshift \u00e0 votre acheteur\u00a0\u00bb font_container=\u00a0\u00bbtag:h2|text_align:center\u00a0\u00bb use_theme_fonts=\u00a0\u00bbyes\u00a0\u00bb css=\u00a0\u00bb.vc_custom_1668058886614{padding-top: 75px !important;padding-bottom: 25px !important;}\u00a0\u00bb][vc_column_text]<\/p>\n<p class=\"paragraph\" style=\"text-align: center;\">Apr\u00e8s vous \u00eatre connect\u00e9(e) \u00e0 Tradeshift et avoir ouvert l\u2019application de cr\u00e9ation de documents\u00a0<a class=\"link\" href=\"https:\/\/support.tradeshift.com\/knowledgebase\/article\/206369664?locale=fr#CreateDocuments\" target=\"_blank\" rel=\"noreferrer noopener\" aria-label=\"\u00ab\u00a0Create Documents\u00a0\u00bb (opens in a new tab)\">\u00ab Create Documents \u00bb<\/a>\u00a0dans la barre de navigation \u00e0 gauche, s\u00e9lectionnez \u00ab Invoice \u00bb pour cr\u00e9er votre facture. Remplissez les informations sp\u00e9cifiques \u00e0 votre facture (par exemple, le num\u00e9ro de la facture, la date d\u2019\u00e9mission, la date d\u2019\u00e9ch\u00e9ance de paiement, etc.). Envoyez la facture \u00e0 votre acheteur une fois que vous avez termin\u00e9. (Consultez depuis le lanceur la rubrique d\u2019Assistance\u00a0<a class=\"link\" href=\"https:\/\/support.tradeshift.com\/knowledgebase\/category\/200669904\" target=\"_blank\" rel=\"noreferrer noopener\" aria-label=\"\u00ab\u00a0Facturation et documents&quot; (opens in a new tab)\">\u00ab Facturation et documents<\/a>\u00a0\u00bb sur Tradeshift, si n\u00e9cessaire.)<\/p>\n<p>[\/vc_column_text][vc_custom_heading text=\u00a0\u00bb4.<br \/>\nUtilisez Tradeshift pour envoyer les prochaines factures \u00e0 votre acheteur\u00a0\u00bb font_container=\u00a0\u00bbtag:h2|text_align:center\u00a0\u00bb use_theme_fonts=\u00a0\u00bbyes\u00a0\u00bb css=\u00a0\u00bb.vc_custom_1668058916648{padding-top: 75px !important;padding-bottom: 25px !important;}\u00a0\u00bb][vc_column_text]<\/p>\n<p style=\"text-align: center;\">Maintenant que vous avez envoy\u00e9 une premi\u00e8re facture via Tradeshift, vous pouvez r\u00e9utiliser cette facture comme mod\u00e8le pour les suivantes. Et, si vous recevez des bons de commande de votre acheteur sur Tradeshift, vous pouvez simplement \u00ab convertir \u00bb le bon de commande lorsque vous \u00eates pr\u00eat(e) \u00e0 \u00eatre pay\u00e9(e), en le transformant automatiquement en facture. (Plus d\u2019infos dans les rubriques\u00a0<a class=\"link\" href=\"https:\/\/support.tradeshift.com\/knowledgebase\/article\/206369664#Draft\" target=\"_blank\" rel=\"noreferrer noopener\" aria-label=\"\u00ab Utiliser une facture existante comme mod\u00e8le \u00bb (opens in a new tab)\">\u00ab Utiliser une facture existante comme mod\u00e8le \u00bb<\/a>\u00a0et\u00a0<a class=\"link\" href=\"https:\/\/support.tradeshift.com\/knowledgebase\/article\/206369664#POflip\" target=\"_blank\" rel=\"noreferrer noopener\" aria-label=\"\u00ab Convertir un bon de commande en facture \u00bb (opens in a new tab)\">\u00ab Convertir un bon de commande en facture \u00bb<\/a>\u00a0de l\u2019article\u00a0<a class=\"link\" href=\"https:\/\/support.tradeshift.com\/knowledgebase\/article\/206369664#Network\" target=\"_blank\" rel=\"noreferrer noopener\" aria-label=\"\u00ab Comment cr\u00e9er une facture\u00a0? \u00bb (opens in a new tab)\">\u00ab Comment cr\u00e9er une facture ? \u00bb<\/a> sur l\u2019assistance de Tradeshift).<\/p>\n<p style=\"text-align: center;\">Pour consulter des vid\u00e9os destin\u00e9es \u00e0 vous aider \u00e0 bien d\u00e9marrer avec Tradeshift, consultez la rubrique \u00ab <strong class=\"text text--bold\">Getting Started<\/strong>\u00a0(D\u00e9marrer) \u00bb sur\u00a0<a class=\"link\" href=\"https:\/\/go.tradeshift.com\/#\/Tradeshift.University\" target=\"_blank\" rel=\"noreferrer noopener\" aria-label=\"Tradeshift University (opens in a new tab)\">Tradeshift University<\/a>.<\/p>\n<p>[\/vc_column_text][vc_custom_heading text=\u00a0\u00bb5.<br \/>\nAutomatisez l\u2019envoi de factures via Tradeshift\u00a0\u00bb font_container=\u00a0\u00bbtag:h2|text_align:center\u00a0\u00bb use_theme_fonts=\u00a0\u00bbyes\u00a0\u00bb css=\u00a0\u00bb.vc_custom_1668058994133{padding-top: 75px !important;padding-bottom: 25px !important;}\u00a0\u00bb][vc_column_text]<\/p>\n<p style=\"text-align: center;\">Si votre entreprise dispose d\u2019un ERP ou d\u2019un syst\u00e8me comptable informatis\u00e9, l\u2019envoi de factures automatis\u00e9es via Tradeshift est rapide et simple. Nous vous aiderons m\u00eame \u00e0 le faire gratuitement. Il vous suffit de remplir le formulaire ci-dessous et un expert en int\u00e9gration vous proposera une premi\u00e8re consultation dans un d\u00e9lai de 1 \u00e0 2 jours ouvrables.<\/p>\n<p style=\"text-align: center;\"><em>Remarque : vous devrez activer votre compte Tradeshift (\u00e9tapes 1-2 ci-dessus) avant de rencontrer votre expert en int\u00e9gration Tradeshift :<\/em><\/p>\n<p>[\/vc_column_text][\/vc_column][vc_column width=\u00a0\u00bb1\/6&Prime;][\/vc_column][\/vc_row]<\/p>\n<\/div>","protected":false},"excerpt":{"rendered":"<p>[vc_row el_class=\u00a0\u00bbpage-hero boxed-hero\u00a0\u00bb css=\u00a0\u00bb.vc_custom_1666817527693{background-image: url(https:\/\/tradeshift.com\/wp-content\/uploads\/2022\/10\/getstarted_hero.e9fb47db-scaled.jpg?id=40004) !important;}\u00a0\u00bb][vc_column width=\u00a0\u00bb5\/12&Prime;][vc_custom_heading text=\u00a0\u00bbD\u00e9marrer\u00a0\u00bb font_container=\u00a0\u00bbtag:h4|text_align:left|color:%23ffffff\u00a0\u00bb use_theme_fonts=\u00a0\u00bbyes\u00a0\u00bb el_class=\u00a0\u00bbsubhead\u00a0\u00bb][vc_custom_heading text=\u00a0\u00bbEnvoyez des factures num\u00e9riques \u00e0 votre client en suivant ces 5 \u00e9tapes simples\u00a0\u00bb font_container=\u00a0\u00bbtag:h1|text_align:left|color:%23ffffff\u00a0\u00bb use_theme_fonts=\u00a0\u00bbyes\u00a0\u00bb el_class=\u00a0\u00bbsubhea\u00a0\u00bb][vc_column_text el_class=\u00a0\u00bbtext-white\u00a0\u00bb]En utilisant Tradeshift pour vos transactions avec vos acheteurs, vous avez l\u2019assurance de pouvoir continuer \u00e0 faire des affaires \u2013 o\u00f9 qu\u2019ils se trouvent et quelles que soient&#8230;  <a class=\"excerpt-read-more\" href=\"https:\/\/tradeshift.com\/fr\/demarrer\/\" title=\"LireD\u00e9marrer\">Lire la suite &raquo;<\/a><\/p>\n","protected":false},"author":6,"featured_media":0,"parent":0,"menu_order":488,"comment_status":"closed","ping_status":"closed","template":"","meta":{"_acf_changed":false,"om_disable_all_campaigns":false,"inline_featured_image":false,"footnotes":""},"class_list":["post-33175","page","type-page","status-publish","hentry"],"yoast_head":"<!-- This site is optimized with the Yoast SEO Premium plugin v25.5 (Yoast SEO v25.5) - https:\/\/yoast.com\/wordpress\/plugins\/seo\/ -->\n<title>D\u00e9marrer | Tradeshift<\/title>\n<meta name=\"description\" content=\"En utilisant Tradeshift pour vos transactions avec vos acheteurs, vous avez l\u2019assurance de pouvoir continuer \u00e0 faire des affaires \u2013 o\u00f9 qu\u2019ils se trouvent\" \/>\n<meta name=\"robots\" content=\"index, follow, max-snippet:-1, max-image-preview:large, max-video-preview:-1\" \/>\n<link rel=\"canonical\" href=\"https:\/\/tradeshift.com\/fr\/demarrer\/\" \/>\n<meta property=\"og:locale\" content=\"fr_FR\" \/>\n<meta property=\"og:type\" content=\"article\" \/>\n<meta property=\"og:title\" content=\"D\u00e9marrer\" \/>\n<meta property=\"og:description\" content=\"En utilisant Tradeshift pour vos transactions avec vos acheteurs, vous avez l\u2019assurance de pouvoir continuer \u00e0 faire des affaires \u2013 o\u00f9 qu\u2019ils se trouvent\" \/>\n<meta property=\"og:url\" content=\"https:\/\/tradeshift.com\/fr\/demarrer\/\" \/>\n<meta property=\"og:site_name\" content=\"Tradeshift\" \/>\n<meta property=\"article:publisher\" content=\"https:\/\/www.facebook.com\/Tradeshift\/\" \/>\n<meta property=\"article:modified_time\" content=\"2022-11-15T17:17:50+00:00\" \/>\n<meta name=\"twitter:card\" content=\"summary_large_image\" \/>\n<meta name=\"twitter:site\" content=\"@tradeshift\" \/>\n<script type=\"application\/ld+json\" class=\"yoast-schema-graph\">{\"@context\":\"https:\/\/schema.org\",\"@graph\":[{\"@type\":\"WebPage\",\"@id\":\"https:\/\/tradeshift.com\/fr\/demarrer\/\",\"url\":\"https:\/\/tradeshift.com\/fr\/demarrer\/\",\"name\":\"D\u00e9marrer | Tradeshift\",\"isPartOf\":{\"@id\":\"https:\/\/tradeshift.com\/fr\/#website\"},\"datePublished\":\"2020-11-11T11:23:24+00:00\",\"dateModified\":\"2022-11-15T17:17:50+00:00\",\"description\":\"En utilisant Tradeshift pour vos transactions avec vos acheteurs, vous avez l\u2019assurance de pouvoir continuer \u00e0 faire des affaires \u2013 o\u00f9 qu\u2019ils se trouvent\",\"breadcrumb\":{\"@id\":\"https:\/\/tradeshift.com\/fr\/demarrer\/#breadcrumb\"},\"inLanguage\":\"fr-FR\",\"potentialAction\":[{\"@type\":\"ReadAction\",\"target\":[\"https:\/\/tradeshift.com\/fr\/demarrer\/\"]}]},{\"@type\":\"BreadcrumbList\",\"@id\":\"https:\/\/tradeshift.com\/fr\/demarrer\/#breadcrumb\",\"itemListElement\":[{\"@type\":\"ListItem\",\"position\":1,\"name\":\"Home\",\"item\":\"https:\/\/tradeshift.com\/fr\/\"},{\"@type\":\"ListItem\",\"position\":2,\"name\":\"D\u00e9marrer\"}]},{\"@type\":\"WebSite\",\"@id\":\"https:\/\/tradeshift.com\/fr\/#website\",\"url\":\"https:\/\/tradeshift.com\/fr\/\",\"name\":\"Tradeshift\",\"description\":\"B2B Network for Supply Chain Purchasing, B2B Payments &amp; Apps\",\"publisher\":{\"@id\":\"https:\/\/tradeshift.com\/fr\/#organization\"},\"potentialAction\":[{\"@type\":\"SearchAction\",\"target\":{\"@type\":\"EntryPoint\",\"urlTemplate\":\"https:\/\/tradeshift.com\/fr\/?s={search_term_string}\"},\"query-input\":{\"@type\":\"PropertyValueSpecification\",\"valueRequired\":true,\"valueName\":\"search_term_string\"}}],\"inLanguage\":\"fr-FR\"},{\"@type\":\"Organization\",\"@id\":\"https:\/\/tradeshift.com\/fr\/#organization\",\"name\":\"Tradeshift\",\"url\":\"https:\/\/tradeshift.com\/fr\/\",\"logo\":{\"@type\":\"ImageObject\",\"inLanguage\":\"fr-FR\",\"@id\":\"https:\/\/tradeshift.com\/fr\/#\/schema\/logo\/image\/\",\"url\":\"https:\/\/tradeshift.com\/wp-content\/uploads\/2021\/01\/Logo-symbol-white-on-blue-bg-@10x.png\",\"contentUrl\":\"https:\/\/tradeshift.com\/wp-content\/uploads\/2021\/01\/Logo-symbol-white-on-blue-bg-@10x.png\",\"width\":3920,\"height\":3920,\"caption\":\"Tradeshift\"},\"image\":{\"@id\":\"https:\/\/tradeshift.com\/fr\/#\/schema\/logo\/image\/\"},\"sameAs\":[\"https:\/\/www.facebook.com\/Tradeshift\/\",\"https:\/\/x.com\/tradeshift\",\"https:\/\/www.linkedin.com\/company\/tradeshift\",\"https:\/\/www.youtube.com\/channel\/UCaUy07yFxZAf22xwWjTahng\",\"https:\/\/en.wikipedia.org\/wiki\/Tradeshift\"]}]}<\/script>\n<!-- \/ Yoast SEO Premium plugin. -->","yoast_head_json":{"title":"D\u00e9marrer | Tradeshift","description":"En utilisant Tradeshift pour vos transactions avec vos acheteurs, vous avez l\u2019assurance de pouvoir continuer \u00e0 faire des affaires \u2013 o\u00f9 qu\u2019ils se trouvent","robots":{"index":"index","follow":"follow","max-snippet":"max-snippet:-1","max-image-preview":"max-image-preview:large","max-video-preview":"max-video-preview:-1"},"canonical":"https:\/\/tradeshift.com\/fr\/demarrer\/","og_locale":"fr_FR","og_type":"article","og_title":"D\u00e9marrer","og_description":"En utilisant Tradeshift pour vos transactions avec vos acheteurs, vous avez l\u2019assurance de pouvoir continuer \u00e0 faire des affaires \u2013 o\u00f9 qu\u2019ils se trouvent","og_url":"https:\/\/tradeshift.com\/fr\/demarrer\/","og_site_name":"Tradeshift","article_publisher":"https:\/\/www.facebook.com\/Tradeshift\/","article_modified_time":"2022-11-15T17:17:50+00:00","twitter_card":"summary_large_image","twitter_site":"@tradeshift","schema":{"@context":"https:\/\/schema.org","@graph":[{"@type":"WebPage","@id":"https:\/\/tradeshift.com\/fr\/demarrer\/","url":"https:\/\/tradeshift.com\/fr\/demarrer\/","name":"D\u00e9marrer | Tradeshift","isPartOf":{"@id":"https:\/\/tradeshift.com\/fr\/#website"},"datePublished":"2020-11-11T11:23:24+00:00","dateModified":"2022-11-15T17:17:50+00:00","description":"En utilisant Tradeshift pour vos transactions avec vos acheteurs, vous avez l\u2019assurance de pouvoir continuer \u00e0 faire des affaires \u2013 o\u00f9 qu\u2019ils se trouvent","breadcrumb":{"@id":"https:\/\/tradeshift.com\/fr\/demarrer\/#breadcrumb"},"inLanguage":"fr-FR","potentialAction":[{"@type":"ReadAction","target":["https:\/\/tradeshift.com\/fr\/demarrer\/"]}]},{"@type":"BreadcrumbList","@id":"https:\/\/tradeshift.com\/fr\/demarrer\/#breadcrumb","itemListElement":[{"@type":"ListItem","position":1,"name":"Home","item":"https:\/\/tradeshift.com\/fr\/"},{"@type":"ListItem","position":2,"name":"D\u00e9marrer"}]},{"@type":"WebSite","@id":"https:\/\/tradeshift.com\/fr\/#website","url":"https:\/\/tradeshift.com\/fr\/","name":"Tradeshift","description":"B2B Network for Supply Chain Purchasing, B2B Payments &amp; Apps","publisher":{"@id":"https:\/\/tradeshift.com\/fr\/#organization"},"potentialAction":[{"@type":"SearchAction","target":{"@type":"EntryPoint","urlTemplate":"https:\/\/tradeshift.com\/fr\/?s={search_term_string}"},"query-input":{"@type":"PropertyValueSpecification","valueRequired":true,"valueName":"search_term_string"}}],"inLanguage":"fr-FR"},{"@type":"Organization","@id":"https:\/\/tradeshift.com\/fr\/#organization","name":"Tradeshift","url":"https:\/\/tradeshift.com\/fr\/","logo":{"@type":"ImageObject","inLanguage":"fr-FR","@id":"https:\/\/tradeshift.com\/fr\/#\/schema\/logo\/image\/","url":"https:\/\/tradeshift.com\/wp-content\/uploads\/2021\/01\/Logo-symbol-white-on-blue-bg-@10x.png","contentUrl":"https:\/\/tradeshift.com\/wp-content\/uploads\/2021\/01\/Logo-symbol-white-on-blue-bg-@10x.png","width":3920,"height":3920,"caption":"Tradeshift"},"image":{"@id":"https:\/\/tradeshift.com\/fr\/#\/schema\/logo\/image\/"},"sameAs":["https:\/\/www.facebook.com\/Tradeshift\/","https:\/\/x.com\/tradeshift","https:\/\/www.linkedin.com\/company\/tradeshift","https:\/\/www.youtube.com\/channel\/UCaUy07yFxZAf22xwWjTahng","https:\/\/en.wikipedia.org\/wiki\/Tradeshift"]}]}},"acf":[],"_links":{"self":[{"href":"https:\/\/tradeshift.com\/fr\/wp-json\/wp\/v2\/pages\/33175","targetHints":{"allow":["GET"]}}],"collection":[{"href":"https:\/\/tradeshift.com\/fr\/wp-json\/wp\/v2\/pages"}],"about":[{"href":"https:\/\/tradeshift.com\/fr\/wp-json\/wp\/v2\/types\/page"}],"author":[{"embeddable":true,"href":"https:\/\/tradeshift.com\/fr\/wp-json\/wp\/v2\/users\/6"}],"replies":[{"embeddable":true,"href":"https:\/\/tradeshift.com\/fr\/wp-json\/wp\/v2\/comments?post=33175"}],"version-history":[{"count":0,"href":"https:\/\/tradeshift.com\/fr\/wp-json\/wp\/v2\/pages\/33175\/revisions"}],"wp:attachment":[{"href":"https:\/\/tradeshift.com\/fr\/wp-json\/wp\/v2\/media?parent=33175"}],"curies":[{"name":"wp","href":"https:\/\/api.w.org\/{rel}","templated":true}]}}