{"id":35181,"date":"2021-08-26T06:35:04","date_gmt":"2021-08-26T13:35:04","guid":{"rendered":"https:\/\/tradeshift-old.local\/?page_id=35181"},"modified":"2024-07-30T12:29:24","modified_gmt":"2024-07-30T19:29:24","slug":"transport-et-logistique","status":"publish","type":"page","link":"https:\/\/tradeshift.com\/fr\/industrie\/transport-et-logistique\/","title":{"rendered":"Transport et logistique"},"content":{"rendered":"<div class=\"wpb-content-wrapper\"><p>[vc_row equal_height=\u00a0\u00bbyes\u00a0\u00bb content_placement=\u00a0\u00bbmiddle\u00a0\u00bb el_class=\u00a0\u00bbpage-hero image-hero\u00a0\u00bb css=\u00a0\u00bb.vc_custom_1665965334463{background-color: #0a37f0 !important;}\u00a0\u00bb][vc_column width=\u00a0\u00bb1\/2&Prime;][vc_custom_heading text=\u00a0\u00bbBoostez votre entreprise de transport et de logistique avec le leader de l\u2019automatisation des processus comptables et de la supply chain<br \/>\n\u00c9voluez avec Tradeshift\u00a0\u00bb font_container=\u00a0\u00bbtag:h1|text_align:left|color:%23ffffff\u00a0\u00bb use_theme_fonts=\u00a0\u00bbyes\u00a0\u00bb el_class=\u00a0\u00bbh3&Prime;][\/vc_column][vc_column width=\u00a0\u00bb1\/2&Prime; css=\u00a0\u00bb.vc_custom_1665950960050{background-image: url(https:\/\/tradeshift.com\/wp-content\/uploads\/2021\/07\/T_and_L_Industry_Page-6c4a03e6f665e5ae300bb37c83fdd029.jpg?id=34974) !important;}\u00a0\u00bb][\/vc_column][\/vc_row][vc_row css=\u00a0\u00bb.vc_custom_1665951117611{padding-top: 48px !important;padding-bottom: 48px !important;background-color: #f2f2f2 !important;}\u00a0\u00bb el_class=\u00a0\u00bbnarrow-container\u00a0\u00bb][vc_column][vc_custom_heading text=\u00a0\u00bbChez Tradeshift, nous connaissons l\u2019importance vitale d\u2019une supply chain fiable et r\u00e9siliente\u00a0\u00bb font_container=\u00a0\u00bbtag:h3|text_align:left\u00a0\u00bb use_theme_fonts=\u00a0\u00bbyes\u00a0\u00bb centered=\u00a0\u00bbtrue\u00a0\u00bb max_width=\u00a0\u00bb816px\u00a0\u00bb][vc_column_text centered=\u00a0\u00bbtrue\u00a0\u00bb max_width=\u00a0\u00bb816px\u00a0\u00bb]<\/p>\n<div class=\"full-width-wrapper bg--gray-5 content-container content-container--narrow content-container--gray wp-block-nushift-content-container\">\n<div class=\"wrapper wrapper--small rhythm\">\n<p>Tradeshift permet aux professionnels du transport et de la logistique de se d\u00e9velopper en tissant un r\u00e9seau de supply chains B2B modernes et en num\u00e9risant leur \u00e9changes commerciaux. En combinant des outils num\u00e9riques et une personnalisation que les clients et les fournisseurs appr\u00e9cient, Tradeshift offre aux professionnels du secteur T+L les moyens de nouer des relations commerciales productives et fiables. Avec Tradeshift, votre entreprise \u00e9volue et s\u2019adapte a son rythme, en permanence.<\/p><\/div>\n<\/div>\n<p>[\/vc_column_text][\/vc_column][\/vc_row][vc_row css=\u00a0\u00bb.vc_custom_1665951472535{padding-top: 92px !important;padding-bottom: 12px !important;}\u00a0\u00bb][vc_column][vc_single_image image=\u00a0\u00bb39281&Prime; img_size=\u00a0\u00bblarge\u00a0\u00bb alignment=\u00a0\u00bbcenter\u00a0\u00bb css=\u00a0\u00bb.vc_custom_1665951763901{margin-bottom: 64px !important;}\u00a0\u00bb max_width=\u00a0\u00bb64px\u00a0\u00bb][vc_custom_heading text=\u00a0\u00bbUn solide r\u00e9seau de fournisseurs\u00a0\u00bb font_container=\u00a0\u00bbtag:h4|text_align:center\u00a0\u00bb use_theme_fonts=\u00a0\u00bbyes\u00a0\u00bb css=\u00a0\u00bb.vc_custom_1667901080149{margin-bottom: 32px !important;}\u00a0\u00bb][vc_column_text centered=\u00a0\u00bbtrue\u00a0\u00bb max_width=\u00a0\u00bb760px\u00a0\u00bb]<\/p>\n<p style=\"text-align: center\">Rejoindre le r\u00e9seau Tradeshift vous permet d\u2019acc\u00e9der \u00e0 notre base de donn\u00e9es de fournisseurs pr\u00e9s\u00e9lectionn\u00e9s. De plus, nos outils num\u00e9riques vous offrent un moyen simple et efficace d\u2019ajouter de nouveaux clients et fournisseurs \u00e0 votre r\u00e9seau, en permettant une exp\u00e9rience conviviale pour les deux parties. Avec ses milliers de produits et d\u2019offres sp\u00e9ciales disponibles via notre marketplace B2B, et son interface tr\u00e8s simple \u00e0 utiliser, Tradeshift Buy est un moyen ais\u00e9 et \u00e9conomique d\u2019effectuer vos achats inter-entreprises.<\/p>\n<p>[\/vc_column_text][\/vc_column][\/vc_row][vc_row css=\u00a0\u00bb.vc_custom_1665951498544{padding-top: 28px !important;padding-bottom: 12px !important;}\u00a0\u00bb][vc_column][vc_single_image image=\u00a0\u00bb39245&Prime; img_size=\u00a0\u00bblarge\u00a0\u00bb alignment=\u00a0\u00bbcenter\u00a0\u00bb css=\u00a0\u00bb.vc_custom_1665951536787{margin-bottom: 64px !important;}\u00a0\u00bb max_width=\u00a0\u00bb64px\u00a0\u00bb][vc_custom_heading text=\u00a0\u00bbAutomatiser pour gagner\u00a0\u00bb font_container=\u00a0\u00bbtag:h4|text_align:center\u00a0\u00bb use_theme_fonts=\u00a0\u00bbyes\u00a0\u00bb css=\u00a0\u00bb.vc_custom_1667901096896{margin-bottom: 32px !important;}\u00a0\u00bb][vc_column_text centered=\u00a0\u00bbtrue\u00a0\u00bb max_width=\u00a0\u00bb760px\u00a0\u00bb]<\/p>\n<p style=\"text-align: center\">L\u2019intelligence artificielle embarqu\u00e9e dans Tradeshift Pay permet \u00e0 votre organisation d\u2019automatiser les t\u00e2ches les plus fastidieuses et chronophages. Ceci lib\u00e8re du temps pour agir strat\u00e9giquement. En outre, notre tableau de bord d\u2019automatisation vous permet de personnaliser la d\u00e9l\u00e9gation \u00e0 nos solutions d\u2019IA dans vos processus, de fa\u00e7on adaptative en fonction de vos besoins.<\/p>\n<p>[\/vc_column_text][\/vc_column][\/vc_row][vc_row css=\u00a0\u00bb.vc_custom_1665951498544{padding-top: 28px !important;padding-bottom: 12px !important;}\u00a0\u00bb][vc_column][vc_single_image image=\u00a0\u00bb39254&Prime; img_size=\u00a0\u00bblarge\u00a0\u00bb alignment=\u00a0\u00bbcenter\u00a0\u00bb css=\u00a0\u00bb.vc_custom_1665951641218{margin-bottom: 64px !important;}\u00a0\u00bb max_width=\u00a0\u00bb64px\u00a0\u00bb][vc_custom_heading text=\u00a0\u00bbInstillez de la valeur dans toutes vos relations\u00a0\u00bb font_container=\u00a0\u00bbtag:h4|text_align:center\u00a0\u00bb use_theme_fonts=\u00a0\u00bbyes\u00a0\u00bb css=\u00a0\u00bb.vc_custom_1667849948108{margin-bottom: 32px !important;}\u00a0\u00bb][vc_column_text centered=\u00a0\u00bbtrue\u00a0\u00bb max_width=\u00a0\u00bb760px\u00a0\u00bb]<\/p>\n<p style=\"text-align: center\">En mati\u00e8re de commerce virtuel, tout est affaire de relations. Vos fournisseurs et vos clients ont besoin de percevoir la valeur de la relation business avec vous. Une composante forte est une relation solide, ax\u00e9e sur la confiance et le respect. Les processus d\u2019int\u00e9gration personnalis\u00e9s de Tradeshift Engage am\u00e8neront \u00e0 vos partenaires une r\u00e9elle valeur ajout\u00e9e perceptible d\u00e8s le premier \u00e9change. L\u2019acc\u00e8s \u00e0 des fonctionnalit\u00e9s collaboratives avanc\u00e9es et \u00e0 des outils num\u00e9riques puissants vous permet de nouer rapidement et efficacement des relations solides, transparentes et loyales avec tous vos partenaires commerciaux.<\/p>\n<p>[\/vc_column_text][\/vc_column][\/vc_row][vc_row css=\u00a0\u00bb.vc_custom_1665951832998{padding-top: 28px !important;padding-bottom: 76px !important;}\u00a0\u00bb][vc_column][vc_single_image image=\u00a0\u00bb39291&Prime; img_size=\u00a0\u00bblarge\u00a0\u00bb alignment=\u00a0\u00bbcenter\u00a0\u00bb css=\u00a0\u00bb.vc_custom_1665952084596{margin-bottom: 64px !important;}\u00a0\u00bb max_width=\u00a0\u00bb64px\u00a0\u00bb][vc_custom_heading text=\u00a0\u00bbInstillez de la valeur dans toutes vos relations\u00a0\u00bb font_container=\u00a0\u00bbtag:h4|text_align:center\u00a0\u00bb use_theme_fonts=\u00a0\u00bbyes\u00a0\u00bb css=\u00a0\u00bb.vc_custom_1667901113950{margin-bottom: 32px !important;}\u00a0\u00bb][vc_column_text centered=\u00a0\u00bbtrue\u00a0\u00bb max_width=\u00a0\u00bb760px\u00a0\u00bb]<\/p>\n<p style=\"text-align: center\">Nous le r\u00e9p\u00e9tons r\u00e9guli\u00e8rement, la philosophie de Tradeshift est de cr\u00e9er des solutions logicielles ax\u00e9es sur l\u2019adaptabilit\u00e9. Le r\u00e9seau et la gamme de produits Tradeshift visent \u00e0 s\u2019adapter \u00e0 votre business, en prenant en charge vos besoins et vos activit\u00e9s au fur et \u00e0 mesure de votre croissance. Tradeshift est une solution eu r\u00e9seau int\u00e9gr\u00e9e permettant aux professionnels du transport et de la logistique de g\u00e9rer leurs partenaires commerciaux. Il centralise vos informations de suivi des donn\u00e9es et commandes et consolide vos strat\u00e9gies de communication.<\/p>\n<p>[\/vc_column_text][\/vc_column][\/vc_row][vc_row equal_height=\u00a0\u00bbyes\u00a0\u00bb content_placement=\u00a0\u00bbmiddle\u00a0\u00bb reverse_row=\u00a0\u00bbtrue\u00a0\u00bb css=\u00a0\u00bb.vc_custom_1664927607812{background-color: #0a37f0 !important;}\u00a0\u00bb el_class=\u00a0\u00bbpage-cta\u00a0\u00bb][vc_column css=\u00a0\u00bb.vc_custom_1665952176520{background-image: url(https:\/\/tradeshift.com\/wp-content\/uploads\/2022\/10\/no-invoices-to-approve.221f916a.jpg?id=38998) !important;}\u00a0\u00bb offset=\u00a0\u00bbvc_col-md-6&Prime;][vc_single_image image=\u00a0\u00bb40849&Prime; img_size=\u00a0\u00bblarge\u00a0\u00bb alignment=\u00a0\u00bbright\u00a0\u00bb][\/vc_column][vc_column offset=\u00a0\u00bbvc_col-md-6&Prime;][vc_custom_heading text=\u00a0\u00bbEn savoir plus sur Tradeshift\u00a0\u00bb font_container=\u00a0\u00bbtag:h2|text_align:left|color:%23ffffff\u00a0\u00bb use_theme_fonts=\u00a0\u00bbyes\u00a0\u00bb][vc_column_text max_width=\u00a0\u00bb556px\u00a0\u00bb el_class=\u00a0\u00bbtext-white\u00a0\u00bb]<\/p>\n<p class=\"paragraph\">Demandez une d\u00e9mo maintenant<\/p>\n<p>[\/vc_column_text][vc_btn color=\u00a0\u00bbwhite\u00a0\u00bb title=\u00a0\u00bbContactez-nous\u00a0\u00bb align=\u00a0\u00bbleft\u00a0\u00bb link=\u00a0\u00bburl:https%3A%2F%2Ftradeshift.com%2Ffr%2Fdemander-une-demo%2F\u00a0\u00bb][vc_custom_heading text=\u00a0\u00bb#shifthappens\u00a0\u00bb font_container=\u00a0\u00bbtag:h4|text_align:left|color:%23ffffff\u00a0\u00bb use_theme_fonts=\u00a0\u00bbyes\u00a0\u00bb][\/vc_column][\/vc_row]<\/p>\n<\/div>","protected":false},"excerpt":{"rendered":"<p>[vc_row equal_height=\u00a0\u00bbyes\u00a0\u00bb content_placement=\u00a0\u00bbmiddle\u00a0\u00bb el_class=\u00a0\u00bbpage-hero image-hero\u00a0\u00bb css=\u00a0\u00bb.vc_custom_1665965334463{background-color: #0a37f0 !important;}\u00a0\u00bb][vc_column width=\u00a0\u00bb1\/2&Prime;][vc_custom_heading text=\u00a0\u00bbBoostez votre entreprise de transport et de logistique avec le leader de l\u2019automatisation des processus comptables et de la supply chain \u00c9voluez avec Tradeshift\u00a0\u00bb font_container=\u00a0\u00bbtag:h1|text_align:left|color:%23ffffff\u00a0\u00bb use_theme_fonts=\u00a0\u00bbyes\u00a0\u00bb el_class=\u00a0\u00bbh3&Prime;][\/vc_column][vc_column width=\u00a0\u00bb1\/2&Prime; css=\u00a0\u00bb.vc_custom_1665950960050{background-image: url(https:\/\/tradeshift.com\/wp-content\/uploads\/2021\/07\/T_and_L_Industry_Page-6c4a03e6f665e5ae300bb37c83fdd029.jpg?id=34974) !important;}\u00a0\u00bb][\/vc_column][\/vc_row][vc_row css=\u00a0\u00bb.vc_custom_1665951117611{padding-top: 48px !important;padding-bottom: 48px !important;background-color: #f2f2f2 !important;}\u00a0\u00bb el_class=\u00a0\u00bbnarrow-container\u00a0\u00bb][vc_column][vc_custom_heading text=\u00a0\u00bbChez Tradeshift, nous connaissons l\u2019importance vitale d\u2019une&#8230;  <a class=\"excerpt-read-more\" href=\"https:\/\/tradeshift.com\/fr\/industrie\/transport-et-logistique\/\" title=\"LireTransport et logistique\">Lire la suite &raquo;<\/a><\/p>\n","protected":false},"author":82,"featured_media":0,"parent":35190,"menu_order":245,"comment_status":"closed","ping_status":"closed","template":"","meta":{"_acf_changed":false,"om_disable_all_campaigns":false,"inline_featured_image":false,"footnotes":""},"class_list":["post-35181","page","type-page","status-publish","hentry"],"yoast_head":"<!-- This site is optimized with the Yoast SEO Premium plugin v25.5 (Yoast SEO v25.5) - https:\/\/yoast.com\/wordpress\/plugins\/seo\/ -->\n<title>Transport et logistique | Tradeshift<\/title>\n<meta name=\"description\" content=\"Tradeshift permet aux professionnels du transport et de la logistique de se d\u00e9velopper en tissant un r\u00e9seau de supply chains B2B modernes et en num\u00e9risant\" \/>\n<meta name=\"robots\" content=\"index, follow, max-snippet:-1, max-image-preview:large, max-video-preview:-1\" \/>\n<link rel=\"canonical\" href=\"https:\/\/tradeshift.com\/fr\/industrie\/transport-et-logistique\/\" \/>\n<meta property=\"og:locale\" content=\"fr_FR\" \/>\n<meta property=\"og:type\" content=\"article\" \/>\n<meta property=\"og:title\" content=\"Transport et logistique\" \/>\n<meta property=\"og:description\" content=\"Tradeshift permet aux professionnels du transport et de la logistique de se d\u00e9velopper en tissant un r\u00e9seau de supply chains B2B modernes et en num\u00e9risant\" \/>\n<meta property=\"og:url\" content=\"https:\/\/tradeshift.com\/fr\/industrie\/transport-et-logistique\/\" \/>\n<meta property=\"og:site_name\" content=\"Tradeshift\" \/>\n<meta property=\"article:publisher\" content=\"https:\/\/www.facebook.com\/Tradeshift\/\" \/>\n<meta property=\"article:modified_time\" content=\"2024-07-30T19:29:24+00:00\" \/>\n<meta name=\"twitter:card\" content=\"summary_large_image\" \/>\n<meta name=\"twitter:site\" content=\"@tradeshift\" \/>\n<script type=\"application\/ld+json\" class=\"yoast-schema-graph\">{\"@context\":\"https:\/\/schema.org\",\"@graph\":[{\"@type\":\"WebPage\",\"@id\":\"https:\/\/tradeshift.com\/fr\/industrie\/transport-et-logistique\/\",\"url\":\"https:\/\/tradeshift.com\/fr\/industrie\/transport-et-logistique\/\",\"name\":\"Transport et logistique | Tradeshift\",\"isPartOf\":{\"@id\":\"https:\/\/tradeshift.com\/fr\/#website\"},\"datePublished\":\"2021-08-26T13:35:04+00:00\",\"dateModified\":\"2024-07-30T19:29:24+00:00\",\"description\":\"Tradeshift permet aux professionnels du transport et de la logistique de se d\u00e9velopper en tissant un r\u00e9seau de supply chains B2B modernes et en num\u00e9risant\",\"breadcrumb\":{\"@id\":\"https:\/\/tradeshift.com\/fr\/industrie\/transport-et-logistique\/#breadcrumb\"},\"inLanguage\":\"fr-FR\",\"potentialAction\":[{\"@type\":\"ReadAction\",\"target\":[\"https:\/\/tradeshift.com\/fr\/industrie\/transport-et-logistique\/\"]}]},{\"@type\":\"BreadcrumbList\",\"@id\":\"https:\/\/tradeshift.com\/fr\/industrie\/transport-et-logistique\/#breadcrumb\",\"itemListElement\":[{\"@type\":\"ListItem\",\"position\":1,\"name\":\"Home\",\"item\":\"https:\/\/tradeshift.com\/fr\/\"},{\"@type\":\"ListItem\",\"position\":2,\"name\":\"Industrie\",\"item\":\"https:\/\/tradeshift.com\/fr\/industrie\/\"},{\"@type\":\"ListItem\",\"position\":3,\"name\":\"Transport et logistique\"}]},{\"@type\":\"WebSite\",\"@id\":\"https:\/\/tradeshift.com\/fr\/#website\",\"url\":\"https:\/\/tradeshift.com\/fr\/\",\"name\":\"Tradeshift\",\"description\":\"B2B Network for Supply Chain Purchasing, B2B Payments &amp; Apps\",\"publisher\":{\"@id\":\"https:\/\/tradeshift.com\/fr\/#organization\"},\"potentialAction\":[{\"@type\":\"SearchAction\",\"target\":{\"@type\":\"EntryPoint\",\"urlTemplate\":\"https:\/\/tradeshift.com\/fr\/?s={search_term_string}\"},\"query-input\":{\"@type\":\"PropertyValueSpecification\",\"valueRequired\":true,\"valueName\":\"search_term_string\"}}],\"inLanguage\":\"fr-FR\"},{\"@type\":\"Organization\",\"@id\":\"https:\/\/tradeshift.com\/fr\/#organization\",\"name\":\"Tradeshift\",\"url\":\"https:\/\/tradeshift.com\/fr\/\",\"logo\":{\"@type\":\"ImageObject\",\"inLanguage\":\"fr-FR\",\"@id\":\"https:\/\/tradeshift.com\/fr\/#\/schema\/logo\/image\/\",\"url\":\"https:\/\/tradeshift.com\/wp-content\/uploads\/2021\/01\/Logo-symbol-white-on-blue-bg-@10x.png\",\"contentUrl\":\"https:\/\/tradeshift.com\/wp-content\/uploads\/2021\/01\/Logo-symbol-white-on-blue-bg-@10x.png\",\"width\":3920,\"height\":3920,\"caption\":\"Tradeshift\"},\"image\":{\"@id\":\"https:\/\/tradeshift.com\/fr\/#\/schema\/logo\/image\/\"},\"sameAs\":[\"https:\/\/www.facebook.com\/Tradeshift\/\",\"https:\/\/x.com\/tradeshift\",\"https:\/\/www.linkedin.com\/company\/tradeshift\",\"https:\/\/www.youtube.com\/channel\/UCaUy07yFxZAf22xwWjTahng\",\"https:\/\/en.wikipedia.org\/wiki\/Tradeshift\"]}]}<\/script>\n<!-- \/ Yoast SEO Premium plugin. -->","yoast_head_json":{"title":"Transport et logistique | Tradeshift","description":"Tradeshift permet aux professionnels du transport et de la logistique de se d\u00e9velopper en tissant un r\u00e9seau de supply chains B2B modernes et en num\u00e9risant","robots":{"index":"index","follow":"follow","max-snippet":"max-snippet:-1","max-image-preview":"max-image-preview:large","max-video-preview":"max-video-preview:-1"},"canonical":"https:\/\/tradeshift.com\/fr\/industrie\/transport-et-logistique\/","og_locale":"fr_FR","og_type":"article","og_title":"Transport et logistique","og_description":"Tradeshift permet aux professionnels du transport et de la logistique de se d\u00e9velopper en tissant un r\u00e9seau de supply chains B2B modernes et en num\u00e9risant","og_url":"https:\/\/tradeshift.com\/fr\/industrie\/transport-et-logistique\/","og_site_name":"Tradeshift","article_publisher":"https:\/\/www.facebook.com\/Tradeshift\/","article_modified_time":"2024-07-30T19:29:24+00:00","twitter_card":"summary_large_image","twitter_site":"@tradeshift","schema":{"@context":"https:\/\/schema.org","@graph":[{"@type":"WebPage","@id":"https:\/\/tradeshift.com\/fr\/industrie\/transport-et-logistique\/","url":"https:\/\/tradeshift.com\/fr\/industrie\/transport-et-logistique\/","name":"Transport et logistique | Tradeshift","isPartOf":{"@id":"https:\/\/tradeshift.com\/fr\/#website"},"datePublished":"2021-08-26T13:35:04+00:00","dateModified":"2024-07-30T19:29:24+00:00","description":"Tradeshift permet aux professionnels du transport et de la logistique de se d\u00e9velopper en tissant un r\u00e9seau de supply chains B2B modernes et en num\u00e9risant","breadcrumb":{"@id":"https:\/\/tradeshift.com\/fr\/industrie\/transport-et-logistique\/#breadcrumb"},"inLanguage":"fr-FR","potentialAction":[{"@type":"ReadAction","target":["https:\/\/tradeshift.com\/fr\/industrie\/transport-et-logistique\/"]}]},{"@type":"BreadcrumbList","@id":"https:\/\/tradeshift.com\/fr\/industrie\/transport-et-logistique\/#breadcrumb","itemListElement":[{"@type":"ListItem","position":1,"name":"Home","item":"https:\/\/tradeshift.com\/fr\/"},{"@type":"ListItem","position":2,"name":"Industrie","item":"https:\/\/tradeshift.com\/fr\/industrie\/"},{"@type":"ListItem","position":3,"name":"Transport et logistique"}]},{"@type":"WebSite","@id":"https:\/\/tradeshift.com\/fr\/#website","url":"https:\/\/tradeshift.com\/fr\/","name":"Tradeshift","description":"B2B Network for Supply Chain Purchasing, B2B Payments &amp; Apps","publisher":{"@id":"https:\/\/tradeshift.com\/fr\/#organization"},"potentialAction":[{"@type":"SearchAction","target":{"@type":"EntryPoint","urlTemplate":"https:\/\/tradeshift.com\/fr\/?s={search_term_string}"},"query-input":{"@type":"PropertyValueSpecification","valueRequired":true,"valueName":"search_term_string"}}],"inLanguage":"fr-FR"},{"@type":"Organization","@id":"https:\/\/tradeshift.com\/fr\/#organization","name":"Tradeshift","url":"https:\/\/tradeshift.com\/fr\/","logo":{"@type":"ImageObject","inLanguage":"fr-FR","@id":"https:\/\/tradeshift.com\/fr\/#\/schema\/logo\/image\/","url":"https:\/\/tradeshift.com\/wp-content\/uploads\/2021\/01\/Logo-symbol-white-on-blue-bg-@10x.png","contentUrl":"https:\/\/tradeshift.com\/wp-content\/uploads\/2021\/01\/Logo-symbol-white-on-blue-bg-@10x.png","width":3920,"height":3920,"caption":"Tradeshift"},"image":{"@id":"https:\/\/tradeshift.com\/fr\/#\/schema\/logo\/image\/"},"sameAs":["https:\/\/www.facebook.com\/Tradeshift\/","https:\/\/x.com\/tradeshift","https:\/\/www.linkedin.com\/company\/tradeshift","https:\/\/www.youtube.com\/channel\/UCaUy07yFxZAf22xwWjTahng","https:\/\/en.wikipedia.org\/wiki\/Tradeshift"]}]}},"acf":[],"_links":{"self":[{"href":"https:\/\/tradeshift.com\/fr\/wp-json\/wp\/v2\/pages\/35181","targetHints":{"allow":["GET"]}}],"collection":[{"href":"https:\/\/tradeshift.com\/fr\/wp-json\/wp\/v2\/pages"}],"about":[{"href":"https:\/\/tradeshift.com\/fr\/wp-json\/wp\/v2\/types\/page"}],"author":[{"embeddable":true,"href":"https:\/\/tradeshift.com\/fr\/wp-json\/wp\/v2\/users\/82"}],"replies":[{"embeddable":true,"href":"https:\/\/tradeshift.com\/fr\/wp-json\/wp\/v2\/comments?post=35181"}],"version-history":[{"count":0,"href":"https:\/\/tradeshift.com\/fr\/wp-json\/wp\/v2\/pages\/35181\/revisions"}],"up":[{"embeddable":true,"href":"https:\/\/tradeshift.com\/fr\/wp-json\/wp\/v2\/pages\/35190"}],"wp:attachment":[{"href":"https:\/\/tradeshift.com\/fr\/wp-json\/wp\/v2\/media?parent=35181"}],"curies":[{"name":"wp","href":"https:\/\/api.w.org\/{rel}","templated":true}]}}