{"id":35185,"date":"2021-08-26T06:31:53","date_gmt":"2021-08-26T13:31:53","guid":{"rendered":"https:\/\/tradeshift-old.local\/?page_id=35185"},"modified":"2024-07-30T12:27:54","modified_gmt":"2024-07-30T19:27:54","slug":"commerce-de-detail","status":"publish","type":"page","link":"https:\/\/tradeshift.com\/fr\/industrie\/commerce-de-detail\/","title":{"rendered":"Commerce de d\u00e9tail"},"content":{"rendered":"<div class=\"wpb-content-wrapper\"><p>[vc_row equal_height=\u00a0\u00bbyes\u00a0\u00bb content_placement=\u00a0\u00bbmiddle\u00a0\u00bb el_class=\u00a0\u00bbpage-hero image-hero\u00a0\u00bb css=\u00a0\u00bb.vc_custom_1667411495113{background-color: #0a37f0 !important;}\u00a0\u00bb][vc_column width=\u00a0\u00bb1\/2&Prime;][vc_custom_heading text=\u00a0\u00bbDistributeurs, boostez votre comptabilit\u00e9 fournisseurs et modernisez votre supply chain.<br \/>\n\u00c9voluez avec Tradeshift.\u00a0\u00bb font_container=\u00a0\u00bbtag:h1|text_align:left|color:%23ffffff\u00a0\u00bb use_theme_fonts=\u00a0\u00bbyes\u00a0\u00bb el_class=\u00a0\u00bbh3&Prime;][\/vc_column][vc_column width=\u00a0\u00bb1\/2&Prime; css=\u00a0\u00bb.vc_custom_1666888356414{background-image: url(https:\/\/tradeshift.com\/wp-content\/uploads\/2022\/09\/Retail_Industry_page-2baec1de8d70ead67422f476163b7dce.jpg?id=38330) !important;}\u00a0\u00bb][\/vc_column][\/vc_row][vc_row css=\u00a0\u00bb.vc_custom_1666888418541{padding-top: 50px !important;padding-bottom: 50px !important;background-color: #f2f2f2 !important;}\u00a0\u00bb][vc_column width=\u00a0\u00bb1\/6&Prime;][\/vc_column][vc_column width=\u00a0\u00bb2\/3&Prime;][vc_custom_heading text=\u00a0\u00bbTradeshift permet aux d\u00e9taillants de se d\u00e9velopper en \u00e9tablissant un r\u00e9seau de supply chains B2B modernes et en num\u00e9risant leurs \u00e9changes commerciaux.\u00a0\u00bb font_container=\u00a0\u00bbtag:h3|text_align:left\u00a0\u00bb use_theme_fonts=\u00a0\u00bbyes\u00a0\u00bb][vc_column_text]En combinant des outils num\u00e9riques et une personnalisation que les clients et les fournisseurs appr\u00e9cient, Tradeshift offre aux professionnels du commerce de d\u00e9tail les moyens de nouer des relations commerciales productives et fiables. Au XXIe si\u00e8cle, les d\u00e9taillants doivent \u00eatre flexibles et par\u00e9s contre les incidents sur leur supply chain. Tradeshift permet aux d\u00e9taillants de s\u2019adapter en permanence pour suivre le rythme du changement.[\/vc_column_text][\/vc_column][vc_column width=\u00a0\u00bb1\/6&Prime;][\/vc_column][\/vc_row][vc_row css=\u00a0\u00bb.vc_custom_1666888108715{padding-top: 50px !important;padding-bottom: 50px !important;}\u00a0\u00bb][vc_column width=\u00a0\u00bb1\/6&Prime;][\/vc_column][vc_column width=\u00a0\u00bb2\/3&Prime;][vc_column_text]<\/p>\n<div class=\"card rhythm card--borderless icon-card rhythm--large icon-card--default wp-block-nushift-icon-card\">\n<h4 id=\"h-communicate-and-connect-on-a-new-level\" style=\"text-align: center\"><img loading=\"lazy\" decoding=\"async\" class=\"wp-image-39278 aligncenter\" src=\"https:\/\/tradeshift.com\/wp-content\/uploads\/2022\/10\/globe-2.svg\" alt=\"\" width=\"64\" height=\"64\" \/><\/h4>\n<p>&nbsp;<\/p>\n<h4 id=\"h-a-robust-network-of-vendors\" style=\"text-align: center\">Un solide r\u00e9seau de fournisseurs<\/h4>\n<p style=\"text-align: center\">Vos employ\u00e9s peuvent acheter facilement ce dont ils ont besoin \u00e0 des fournisseurs pr\u00e9s\u00e9lectionn\u00e9s sur le r\u00e9seau \u00e9tendu Tradeshift. Notre marketplace B2B dispose de milliers de produits et d\u2019offres sp\u00e9ciales \u00e0 prix n\u00e9goci\u00e9s. L\u2019interface simple de Tradeshift Buy permet \u00e0 vos fournisseurs de satisfaire ais\u00e9ment les besoins de vos employ\u00e9s. Notre solution offre un moyen simple et \u00e9conomique d\u2019effectuer vos achats B2B.<\/p>\n<\/div>\n<p>&nbsp;<\/p>\n<div class=\"card rhythm card--borderless icon-card rhythm--large icon-card--default wp-block-nushift-icon-card\" style=\"text-align: center\">\n<h4 id=\"h-focus-on-business-centric-tasks-give-the-rest-to-ai\" style=\"text-align: center\"><img decoding=\"async\" class=\"wp-image-39242 aligncenter\" src=\"https:\/\/tradeshift.com\/wp-content\/uploads\/2022\/10\/ada.svg\" alt=\"\" width=\"64\" \/><\/h4>\n<p>&nbsp;<\/p>\n<h4 id=\"h-automation-capabilities\">Capacit\u00e9s d\u2019automatisation<\/h4>\n<p>L\u2019intelligence artificielle de Tradeshift Pay accompagne votre \u00e9quipe en proposant les meilleures solutions logicielles de gestion de la supply chain. Gr\u00e2ce \u00e0 des fonctions d\u2019automatisation personnalisables, les managers peuvent d\u00e9l\u00e9guer les t\u00e2ches les plus fastidieuses et d\u00e9terminer le niveau d\u2019implication des solutions d\u2019IA au sein de leurs processus. De plus, nos puissants outils num\u00e9riques prennent en charge des cycles de commande et de paiement d\u00e9mat\u00e9rialis\u00e9s qui facilitent la vie de vos fournisseurs, r\u00e9duisent vos co\u00fbts et garantissent la satisfaction de vos dirigeants.<\/p><\/div>\n<p>&nbsp;<\/p>\n<div class=\"card rhythm card--borderless icon-card rhythm--large icon-card--default wp-block-nushift-icon-card\" style=\"text-align: center\">\n<h4 id=\"h-create-value-from-day-one\"><img loading=\"lazy\" decoding=\"async\" class=\"wp-image-39251 aligncenter\" src=\"https:\/\/tradeshift.com\/wp-content\/uploads\/2022\/10\/computer-graph.svg\" alt=\"\" width=\"64\" height=\"58\" \/><\/h4>\n<p>&nbsp;<\/p>\n<h4>Cr\u00e9ez de la valeur d\u00e8s le premier jour<\/h4>\n<p>Vos fournisseurs ne veulent pas \u00eatre contraints par un nouveau processus fastidieux qui ne leur procure aucun b\u00e9n\u00e9fice suppl\u00e9mentaire. Ils veulent percevoir la valeur de votre partenariat. Gr\u00e2ce aux processus d\u2019int\u00e9gration dynamiques et personnalis\u00e9s de Tradeshift Engage, les fournisseurs obtiennent une r\u00e9elle valeur ajout\u00e9e d\u00e8s leur premier contact. Engage vous donne acc\u00e8s \u00e0 des fonctionnalit\u00e9s collaboratives \u00e9tendues et \u00e0 de puissants outils num\u00e9riques pour vous aider \u00e0 am\u00e9liorer vos processus.<\/p><\/div>\n<p>&nbsp;<\/p>\n<div class=\"card rhythm card--borderless icon-card rhythm--large icon-card--default wp-block-nushift-icon-card\">\n<h4 id=\"h-get-paid-quicker\" style=\"text-align: center\"><img loading=\"lazy\" decoding=\"async\" class=\"wp-image-39288 aligncenter\" src=\"https:\/\/tradeshift.com\/wp-content\/uploads\/2022\/10\/calendar-1.svg\" alt=\"\" width=\"64\" height=\"74\" \/><\/h4>\n<p>&nbsp;<\/p>\n<h4 style=\"text-align: center\">Obtenez vos paiements plus rapidement<\/h4>\n<p style=\"text-align: center\">En se fondant sur l\u2019historique de facturation de votre r\u00e9seau plut\u00f4t que l\u2019historique de cr\u00e9dit de votre vendeur, Tradeshift Cash acc\u00e9l\u00e8re le refinancement pour les factures qualifi\u00e9es. De plus, gr\u00e2ce \u00e0 une accessibilit\u00e9 24 h\/24 et 7 j\/7, vous avez l\u2019assurance que votre supply chain ne subit aucun autre ralentissement. Les d\u00e9taillants peuvent exploiter Tradeshift Cash pour compl\u00e9ter leurs solutions de paiement anticip\u00e9 existantes, voire les remplacer enti\u00e8rement.<\/p>\n<\/div>\n<p>[\/vc_column_text][\/vc_column][vc_column width=\u00a0\u00bb1\/6&Prime;][\/vc_column][\/vc_row][vc_row equal_height=\u00a0\u00bbyes\u00a0\u00bb content_placement=\u00a0\u00bbmiddle\u00a0\u00bb reverse_row=\u00a0\u00bbtrue\u00a0\u00bb css=\u00a0\u00bb.vc_custom_1664927607812{background-color: #0a37f0 !important;}\u00a0\u00bb el_class=\u00a0\u00bbpage-cta\u00a0\u00bb][vc_column css=\u00a0\u00bb.vc_custom_1666887889503{background-image: url(https:\/\/tradeshift.com\/wp-content\/uploads\/2022\/10\/4.221f916a.jpg?id=40026) !important;}\u00a0\u00bb offset=\u00a0\u00bbvc_col-md-6&Prime;][vc_single_image image=\u00a0\u00bb40849&Prime; img_size=\u00a0\u00bblarge\u00a0\u00bb alignment=\u00a0\u00bbright\u00a0\u00bb][\/vc_column][vc_column offset=\u00a0\u00bbvc_col-md-6&Prime;][vc_custom_heading text=\u00a0\u00bbEn savoir plus sur Tradeshift\u00a0\u00bb font_container=\u00a0\u00bbtag:h2|text_align:left|color:%23ffffff\u00a0\u00bb use_theme_fonts=\u00a0\u00bbyes\u00a0\u00bb][vc_column_text max_width=\u00a0\u00bb556px\u00a0\u00bb el_class=\u00a0\u00bbtext-white\u00a0\u00bb]Demandez une d\u00e9monstration maintenant[\/vc_column_text][vc_btn color=\u00a0\u00bbwhite\u00a0\u00bb title=\u00a0\u00bbContactez-nous\u00a0\u00bb align=\u00a0\u00bbleft\u00a0\u00bb link=\u00a0\u00bburl:https%3A%2F%2Ftradeshift.com%2Ffr%2Fdemander-une-demo%2F\u00a0\u00bb][vc_custom_heading text=\u00a0\u00bb#shifthappens\u00a0\u00bb font_container=\u00a0\u00bbtag:h4|text_align:left|color:%23ffffff\u00a0\u00bb use_theme_fonts=\u00a0\u00bbyes\u00a0\u00bb][\/vc_column][\/vc_row]<\/p>\n<\/div>","protected":false},"excerpt":{"rendered":"<p>[vc_row equal_height=\u00a0\u00bbyes\u00a0\u00bb content_placement=\u00a0\u00bbmiddle\u00a0\u00bb el_class=\u00a0\u00bbpage-hero image-hero\u00a0\u00bb css=\u00a0\u00bb.vc_custom_1667411495113{background-color: #0a37f0 !important;}\u00a0\u00bb][vc_column width=\u00a0\u00bb1\/2&Prime;][vc_custom_heading text=\u00a0\u00bbDistributeurs, boostez votre comptabilit\u00e9 fournisseurs et modernisez votre supply chain. \u00c9voluez avec Tradeshift.\u00a0\u00bb font_container=\u00a0\u00bbtag:h1|text_align:left|color:%23ffffff\u00a0\u00bb use_theme_fonts=\u00a0\u00bbyes\u00a0\u00bb el_class=\u00a0\u00bbh3&Prime;][\/vc_column][vc_column width=\u00a0\u00bb1\/2&Prime; css=\u00a0\u00bb.vc_custom_1666888356414{background-image: url(https:\/\/tradeshift.com\/wp-content\/uploads\/2022\/09\/Retail_Industry_page-2baec1de8d70ead67422f476163b7dce.jpg?id=38330) !important;}\u00a0\u00bb][\/vc_column][\/vc_row][vc_row css=\u00a0\u00bb.vc_custom_1666888418541{padding-top: 50px !important;padding-bottom: 50px !important;background-color: #f2f2f2 !important;}\u00a0\u00bb][vc_column width=\u00a0\u00bb1\/6&Prime;][\/vc_column][vc_column width=\u00a0\u00bb2\/3&Prime;][vc_custom_heading text=\u00a0\u00bbTradeshift permet aux d\u00e9taillants de se d\u00e9velopper en \u00e9tablissant un r\u00e9seau de supply chains B2B modernes et&#8230;  <a class=\"excerpt-read-more\" href=\"https:\/\/tradeshift.com\/fr\/industrie\/commerce-de-detail\/\" title=\"LireCommerce de d\u00e9tail\">Lire la suite &raquo;<\/a><\/p>\n","protected":false},"author":82,"featured_media":0,"parent":35190,"menu_order":246,"comment_status":"closed","ping_status":"closed","template":"","meta":{"_acf_changed":false,"om_disable_all_campaigns":false,"inline_featured_image":false,"footnotes":""},"class_list":["post-35185","page","type-page","status-publish","hentry"],"yoast_head":"<!-- This site is optimized with the Yoast SEO Premium plugin v25.5 (Yoast SEO v25.5) - https:\/\/yoast.com\/wordpress\/plugins\/seo\/ -->\n<title>Commerce de d\u00e9tail | Tradeshift<\/title>\n<meta name=\"description\" content=\"En combinant des outils num\u00e9riques et une personnalisation que les clients et les fournisseurs appr\u00e9cient, Tradeshift offre aux professionnels du commerce\" \/>\n<meta name=\"robots\" content=\"index, follow, max-snippet:-1, max-image-preview:large, max-video-preview:-1\" \/>\n<link rel=\"canonical\" href=\"https:\/\/tradeshift.com\/fr\/industrie\/commerce-de-detail\/\" \/>\n<meta property=\"og:locale\" content=\"fr_FR\" \/>\n<meta property=\"og:type\" content=\"article\" \/>\n<meta property=\"og:title\" content=\"Commerce de d\u00e9tail\" \/>\n<meta property=\"og:description\" content=\"En combinant des outils num\u00e9riques et une personnalisation que les clients et les fournisseurs appr\u00e9cient, Tradeshift offre aux professionnels du commerce\" \/>\n<meta property=\"og:url\" content=\"https:\/\/tradeshift.com\/fr\/industrie\/commerce-de-detail\/\" \/>\n<meta property=\"og:site_name\" content=\"Tradeshift\" \/>\n<meta property=\"article:publisher\" content=\"https:\/\/www.facebook.com\/Tradeshift\/\" \/>\n<meta property=\"article:modified_time\" content=\"2024-07-30T19:27:54+00:00\" \/>\n<meta property=\"og:image\" content=\"https:\/\/tradeshift.com\/wp-content\/uploads\/2022\/10\/globe-2.svg\" \/>\n<meta name=\"twitter:card\" content=\"summary_large_image\" \/>\n<meta name=\"twitter:site\" content=\"@tradeshift\" \/>\n<script type=\"application\/ld+json\" class=\"yoast-schema-graph\">{\"@context\":\"https:\/\/schema.org\",\"@graph\":[{\"@type\":\"WebPage\",\"@id\":\"https:\/\/tradeshift.com\/fr\/industrie\/commerce-de-detail\/\",\"url\":\"https:\/\/tradeshift.com\/fr\/industrie\/commerce-de-detail\/\",\"name\":\"Commerce de d\u00e9tail | Tradeshift\",\"isPartOf\":{\"@id\":\"https:\/\/tradeshift.com\/fr\/#website\"},\"primaryImageOfPage\":{\"@id\":\"https:\/\/tradeshift.com\/fr\/industrie\/commerce-de-detail\/#primaryimage\"},\"image\":{\"@id\":\"https:\/\/tradeshift.com\/fr\/industrie\/commerce-de-detail\/#primaryimage\"},\"thumbnailUrl\":\"https:\/\/tradeshift.com\/wp-content\/uploads\/2022\/10\/globe-2.svg\",\"datePublished\":\"2021-08-26T13:31:53+00:00\",\"dateModified\":\"2024-07-30T19:27:54+00:00\",\"description\":\"En combinant des outils num\u00e9riques et une personnalisation que les clients et les fournisseurs appr\u00e9cient, Tradeshift offre aux professionnels du commerce\",\"breadcrumb\":{\"@id\":\"https:\/\/tradeshift.com\/fr\/industrie\/commerce-de-detail\/#breadcrumb\"},\"inLanguage\":\"fr-FR\",\"potentialAction\":[{\"@type\":\"ReadAction\",\"target\":[\"https:\/\/tradeshift.com\/fr\/industrie\/commerce-de-detail\/\"]}]},{\"@type\":\"ImageObject\",\"inLanguage\":\"fr-FR\",\"@id\":\"https:\/\/tradeshift.com\/fr\/industrie\/commerce-de-detail\/#primaryimage\",\"url\":\"https:\/\/tradeshift.com\/wp-content\/uploads\/2022\/10\/globe-2.svg\",\"contentUrl\":\"https:\/\/tradeshift.com\/wp-content\/uploads\/2022\/10\/globe-2.svg\"},{\"@type\":\"BreadcrumbList\",\"@id\":\"https:\/\/tradeshift.com\/fr\/industrie\/commerce-de-detail\/#breadcrumb\",\"itemListElement\":[{\"@type\":\"ListItem\",\"position\":1,\"name\":\"Home\",\"item\":\"https:\/\/tradeshift.com\/fr\/\"},{\"@type\":\"ListItem\",\"position\":2,\"name\":\"Industrie\",\"item\":\"https:\/\/tradeshift.com\/fr\/industrie\/\"},{\"@type\":\"ListItem\",\"position\":3,\"name\":\"Commerce de d\u00e9tail\"}]},{\"@type\":\"WebSite\",\"@id\":\"https:\/\/tradeshift.com\/fr\/#website\",\"url\":\"https:\/\/tradeshift.com\/fr\/\",\"name\":\"Tradeshift\",\"description\":\"B2B Network for Supply Chain Purchasing, B2B Payments &amp; Apps\",\"publisher\":{\"@id\":\"https:\/\/tradeshift.com\/fr\/#organization\"},\"potentialAction\":[{\"@type\":\"SearchAction\",\"target\":{\"@type\":\"EntryPoint\",\"urlTemplate\":\"https:\/\/tradeshift.com\/fr\/?s={search_term_string}\"},\"query-input\":{\"@type\":\"PropertyValueSpecification\",\"valueRequired\":true,\"valueName\":\"search_term_string\"}}],\"inLanguage\":\"fr-FR\"},{\"@type\":\"Organization\",\"@id\":\"https:\/\/tradeshift.com\/fr\/#organization\",\"name\":\"Tradeshift\",\"url\":\"https:\/\/tradeshift.com\/fr\/\",\"logo\":{\"@type\":\"ImageObject\",\"inLanguage\":\"fr-FR\",\"@id\":\"https:\/\/tradeshift.com\/fr\/#\/schema\/logo\/image\/\",\"url\":\"https:\/\/tradeshift.com\/wp-content\/uploads\/2021\/01\/Logo-symbol-white-on-blue-bg-@10x.png\",\"contentUrl\":\"https:\/\/tradeshift.com\/wp-content\/uploads\/2021\/01\/Logo-symbol-white-on-blue-bg-@10x.png\",\"width\":3920,\"height\":3920,\"caption\":\"Tradeshift\"},\"image\":{\"@id\":\"https:\/\/tradeshift.com\/fr\/#\/schema\/logo\/image\/\"},\"sameAs\":[\"https:\/\/www.facebook.com\/Tradeshift\/\",\"https:\/\/x.com\/tradeshift\",\"https:\/\/www.linkedin.com\/company\/tradeshift\",\"https:\/\/www.youtube.com\/channel\/UCaUy07yFxZAf22xwWjTahng\",\"https:\/\/en.wikipedia.org\/wiki\/Tradeshift\"]}]}<\/script>\n<!-- \/ Yoast SEO Premium plugin. -->","yoast_head_json":{"title":"Commerce de d\u00e9tail | Tradeshift","description":"En combinant des outils num\u00e9riques et une personnalisation que les clients et les fournisseurs appr\u00e9cient, Tradeshift offre aux professionnels du commerce","robots":{"index":"index","follow":"follow","max-snippet":"max-snippet:-1","max-image-preview":"max-image-preview:large","max-video-preview":"max-video-preview:-1"},"canonical":"https:\/\/tradeshift.com\/fr\/industrie\/commerce-de-detail\/","og_locale":"fr_FR","og_type":"article","og_title":"Commerce de d\u00e9tail","og_description":"En combinant des outils num\u00e9riques et une personnalisation que les clients et les fournisseurs appr\u00e9cient, Tradeshift offre aux professionnels du commerce","og_url":"https:\/\/tradeshift.com\/fr\/industrie\/commerce-de-detail\/","og_site_name":"Tradeshift","article_publisher":"https:\/\/www.facebook.com\/Tradeshift\/","article_modified_time":"2024-07-30T19:27:54+00:00","og_image":[{"url":"https:\/\/tradeshift.com\/wp-content\/uploads\/2022\/10\/globe-2.svg","type":"","width":"","height":""}],"twitter_card":"summary_large_image","twitter_site":"@tradeshift","schema":{"@context":"https:\/\/schema.org","@graph":[{"@type":"WebPage","@id":"https:\/\/tradeshift.com\/fr\/industrie\/commerce-de-detail\/","url":"https:\/\/tradeshift.com\/fr\/industrie\/commerce-de-detail\/","name":"Commerce de d\u00e9tail | Tradeshift","isPartOf":{"@id":"https:\/\/tradeshift.com\/fr\/#website"},"primaryImageOfPage":{"@id":"https:\/\/tradeshift.com\/fr\/industrie\/commerce-de-detail\/#primaryimage"},"image":{"@id":"https:\/\/tradeshift.com\/fr\/industrie\/commerce-de-detail\/#primaryimage"},"thumbnailUrl":"https:\/\/tradeshift.com\/wp-content\/uploads\/2022\/10\/globe-2.svg","datePublished":"2021-08-26T13:31:53+00:00","dateModified":"2024-07-30T19:27:54+00:00","description":"En combinant des outils num\u00e9riques et une personnalisation que les clients et les fournisseurs appr\u00e9cient, Tradeshift offre aux professionnels du commerce","breadcrumb":{"@id":"https:\/\/tradeshift.com\/fr\/industrie\/commerce-de-detail\/#breadcrumb"},"inLanguage":"fr-FR","potentialAction":[{"@type":"ReadAction","target":["https:\/\/tradeshift.com\/fr\/industrie\/commerce-de-detail\/"]}]},{"@type":"ImageObject","inLanguage":"fr-FR","@id":"https:\/\/tradeshift.com\/fr\/industrie\/commerce-de-detail\/#primaryimage","url":"https:\/\/tradeshift.com\/wp-content\/uploads\/2022\/10\/globe-2.svg","contentUrl":"https:\/\/tradeshift.com\/wp-content\/uploads\/2022\/10\/globe-2.svg"},{"@type":"BreadcrumbList","@id":"https:\/\/tradeshift.com\/fr\/industrie\/commerce-de-detail\/#breadcrumb","itemListElement":[{"@type":"ListItem","position":1,"name":"Home","item":"https:\/\/tradeshift.com\/fr\/"},{"@type":"ListItem","position":2,"name":"Industrie","item":"https:\/\/tradeshift.com\/fr\/industrie\/"},{"@type":"ListItem","position":3,"name":"Commerce de d\u00e9tail"}]},{"@type":"WebSite","@id":"https:\/\/tradeshift.com\/fr\/#website","url":"https:\/\/tradeshift.com\/fr\/","name":"Tradeshift","description":"B2B Network for Supply Chain Purchasing, B2B Payments &amp; Apps","publisher":{"@id":"https:\/\/tradeshift.com\/fr\/#organization"},"potentialAction":[{"@type":"SearchAction","target":{"@type":"EntryPoint","urlTemplate":"https:\/\/tradeshift.com\/fr\/?s={search_term_string}"},"query-input":{"@type":"PropertyValueSpecification","valueRequired":true,"valueName":"search_term_string"}}],"inLanguage":"fr-FR"},{"@type":"Organization","@id":"https:\/\/tradeshift.com\/fr\/#organization","name":"Tradeshift","url":"https:\/\/tradeshift.com\/fr\/","logo":{"@type":"ImageObject","inLanguage":"fr-FR","@id":"https:\/\/tradeshift.com\/fr\/#\/schema\/logo\/image\/","url":"https:\/\/tradeshift.com\/wp-content\/uploads\/2021\/01\/Logo-symbol-white-on-blue-bg-@10x.png","contentUrl":"https:\/\/tradeshift.com\/wp-content\/uploads\/2021\/01\/Logo-symbol-white-on-blue-bg-@10x.png","width":3920,"height":3920,"caption":"Tradeshift"},"image":{"@id":"https:\/\/tradeshift.com\/fr\/#\/schema\/logo\/image\/"},"sameAs":["https:\/\/www.facebook.com\/Tradeshift\/","https:\/\/x.com\/tradeshift","https:\/\/www.linkedin.com\/company\/tradeshift","https:\/\/www.youtube.com\/channel\/UCaUy07yFxZAf22xwWjTahng","https:\/\/en.wikipedia.org\/wiki\/Tradeshift"]}]}},"acf":[],"_links":{"self":[{"href":"https:\/\/tradeshift.com\/fr\/wp-json\/wp\/v2\/pages\/35185","targetHints":{"allow":["GET"]}}],"collection":[{"href":"https:\/\/tradeshift.com\/fr\/wp-json\/wp\/v2\/pages"}],"about":[{"href":"https:\/\/tradeshift.com\/fr\/wp-json\/wp\/v2\/types\/page"}],"author":[{"embeddable":true,"href":"https:\/\/tradeshift.com\/fr\/wp-json\/wp\/v2\/users\/82"}],"replies":[{"embeddable":true,"href":"https:\/\/tradeshift.com\/fr\/wp-json\/wp\/v2\/comments?post=35185"}],"version-history":[{"count":0,"href":"https:\/\/tradeshift.com\/fr\/wp-json\/wp\/v2\/pages\/35185\/revisions"}],"up":[{"embeddable":true,"href":"https:\/\/tradeshift.com\/fr\/wp-json\/wp\/v2\/pages\/35190"}],"wp:attachment":[{"href":"https:\/\/tradeshift.com\/fr\/wp-json\/wp\/v2\/media?parent=35185"}],"curies":[{"name":"wp","href":"https:\/\/api.w.org\/{rel}","templated":true}]}}