{"id":35581,"date":"2021-11-17T02:41:00","date_gmt":"2021-11-17T10:41:00","guid":{"rendered":"https:\/\/tradeshift-old.local\/?page_id=35581"},"modified":"2022-11-08T00:24:04","modified_gmt":"2022-11-08T08:24:04","slug":"integration","status":"publish","type":"page","link":"https:\/\/tradeshift.com\/fr\/integration\/","title":{"rendered":"Votre parcours d&rsquo;int\u00e9gration"},"content":{"rendered":"<div class=\"wpb-content-wrapper\"><p>[vc_row el_class=\u00a0\u00bbtext-hero\u00a0\u00bb css=\u00a0\u00bb.vc_custom_1666033335779{padding-top: 87px !important;padding-bottom: 46px !important;background-color: #0a37f0 !important;}\u00a0\u00bb][vc_column][vc_custom_heading text=\u00a0\u00bbVotre parcours d&rsquo;int\u00e9gration\u00a0\u00bb font_container=\u00a0\u00bbtag:h1|text_align:center|color:%23ffffff\u00a0\u00bb use_theme_fonts=\u00a0\u00bbyes\u00a0\u00bb css=\u00a0\u00bb.vc_custom_1667894519187{margin-top: 0px !important;margin-bottom: 24px !important;}\u00a0\u00bb][vc_custom_heading text=\u00a0\u00bbEnvoi de documents \u00e0 Tradeshift\u00a0\u00bb font_container=\u00a0\u00bbtag:h3|text_align:center|color:%23ffffff\u00a0\u00bb use_theme_fonts=\u00a0\u00bbyes\u00a0\u00bb css=\u00a0\u00bb.vc_custom_1667894526037{margin-top: 0px !important;margin-bottom: 0px !important;}\u00a0\u00bb][\/vc_column][\/vc_row][vc_row equal_height=\u00a0\u00bbyes\u00a0\u00bb css=\u00a0\u00bb.vc_custom_1666033876244{padding-top: 64px !important;padding-bottom: 64px !important;background-color: #f2f2f2 !important;}\u00a0\u00bb el_class=\u00a0\u00bbcards\u00a0\u00bb][vc_column offset=\u00a0\u00bbvc_col-md-4&Prime;][vc_custom_heading text=\u00a0\u00bbD\u00e9couvrir et d\u00e9finir\u00a0\u00bb font_container=\u00a0\u00bbtag:h3|text_align:left\u00a0\u00bb use_theme_fonts=\u00a0\u00bbyes\u00a0\u00bb][vc_column_text]<\/p>\n<ul>\n<li>Examen du contenu actuel<\/li>\n<li>Conseil sur les meilleures pratiques<\/li>\n<li>D\u00e9finir la m\u00e9thode d&rsquo;envoi<\/li>\n<\/ul>\n<p>[\/vc_column_text][\/vc_column][vc_column offset=\u00a0\u00bbvc_col-md-4&Prime;][vc_custom_heading text=\u00a0\u00bbConfigurer et tester\u00a0\u00bb font_container=\u00a0\u00bbtag:h3|text_align:left\u00a0\u00bb use_theme_fonts=\u00a0\u00bbyes\u00a0\u00bb][vc_column_text]<\/p>\n<ul>\n<li>Cr\u00e9er un compte Tradeshift<\/li>\n<li>Mettre en place l&rsquo;int\u00e9gration<\/li>\n<li>Tester le flux de documents dans l&rsquo;environnement de test<\/li>\n<\/ul>\n<p>[\/vc_column_text][\/vc_column][vc_column offset=\u00a0\u00bbvc_col-md-4&Prime;][vc_custom_heading text=\u00a0\u00bbLancement et hypercare\u00a0\u00bb font_container=\u00a0\u00bbtag:h3|text_align:left\u00a0\u00bb use_theme_fonts=\u00a0\u00bbyes\u00a0\u00bb][vc_column_text]<\/p>\n<ul>\n<li>Envoyer des documents en production<\/li>\n<li>Tradeshift contr\u00f4le et permet de r\u00e9soudre tous les probl\u00e8mes<\/li>\n<li>Consultation sur d&rsquo;autres int\u00e9grations et options de financement disponibles<\/li>\n<\/ul>\n<p>[\/vc_column_text][\/vc_column][\/vc_row][vc_row el_class=\u00a0\u00bbnarrow-dashed-row\u00a0\u00bb][vc_column][vc_custom_heading text=\u00a0\u00bbProtocoles de transfert\u00a0\u00bb font_container=\u00a0\u00bbtag:h3|text_align:left\u00a0\u00bb use_theme_fonts=\u00a0\u00bbyes\u00a0\u00bb css=\u00a0\u00bb.vc_custom_1667894611459{margin-bottom: 32px !important;}\u00a0\u00bb][vc_column_text]Le moyen le plus simple d\u2019int\u00e9grer Tradeshift est d\u2019ex\u00e9cuter l\u2019API Tradeshfit. L\u2019API Tradeshift est bas\u00e9e sur le repos, ce qui simplifie et acc\u00e9l\u00e8re la mise en \u0153uvre. Les documents peuvent \u00eatre envoy\u00e9s en une seule fois par le biais de l\u2019API. Des canaux d\u2019int\u00e9gration SFTP\/FTPS sont \u00e9galement disponibles. Pour effectuer l\u2019int\u00e9gration en passant par SFTP ou FTPS, vous devez veiller \u00e0 ce que la communication soit \u00e9tablie entre votre syst\u00e8me et Tradeshift. Si des r\u00e8gles de pare-feu sortant s\u2019appliquent \u00e0 votre serveur qui envoie des documents \u00e0 Tradeshift, consultez cet article dans\u00a0<a class=\"link\" href=\"https:\/\/support.tradeshift.com\/knowledgebase\/article\/206371204?locale=fr\">Tradeshift Knowledge Base<\/a>\u00a0afin d\u2019obtenir davantage d\u2019informations.[\/vc_column_text][\/vc_column][\/vc_row][vc_row el_class=\u00a0\u00bbnarrow-dashed-row\u00a0\u00bb][vc_column][vc_custom_heading text=\u00a0\u00bbFormats de document et dossier d&rsquo;informations\u00a0\u00bb font_container=\u00a0\u00bbtag:h3|text_align:left\u00a0\u00bb use_theme_fonts=\u00a0\u00bbyes\u00a0\u00bb css=\u00a0\u00bb.vc_custom_1667894627428{margin-bottom: 32px !important;}\u00a0\u00bb][vc_column_text]<\/p>\n<p class=\"paragraph\">Afin de vous aider, vous ou votre partenaire informatique, nous avons cr\u00e9\u00e9 un dossier d\u2019informations pour chaque format de document. Ce dossier comprend des informations d\u00e9taill\u00e9es sur les champs \u00e0 remplir, les listes de codes \u00e0 utiliser, les exemples de fichiers et d\u2019autres conseils utiles.<\/p>\n<p class=\"paragraph\">Tradeshift prend en charge l\u2019UBL de mani\u00e8re native et nous mettons en place des convertisseurs pour une liste \u00e9volutive de formats de documents commerciaux. Si votre syst\u00e8me enregistre ou exporte des factures dans l\u2019un des formats \u00e9num\u00e9r\u00e9s sur cette page, vous pouvez les t\u00e9l\u00e9charger sur Tradeshift.<\/p>\n<p>[\/vc_column_text][\/vc_column][\/vc_row][vc_row el_class=\u00a0\u00bbnarrow-dashed-row\u00a0\u00bb][vc_column][vc_custom_heading text=\u00a0\u00bbUBL\u00a0\u00bb font_container=\u00a0\u00bbtag:h3|text_align:left\u00a0\u00bb use_theme_fonts=\u00a0\u00bbyes\u00a0\u00bb css=\u00a0\u00bb.vc_custom_1667894670830{margin-bottom: 32px !important;}\u00a0\u00bb][vc_column_text css=\u00a0\u00bb.vc_custom_1667894678425{margin-bottom: 32px !important;}\u00a0\u00bb]L\u2019Universal Business Language (UBL) est une biblioth\u00e8que ouverte de documents commerciaux XML standard pour les achats et le transport, tels que les bons de commande, les factures, la logistique du transport et les connaissements. Elle a \u00e9t\u00e9 mise au point par OASIS, un comit\u00e9 technique, avec la participation de diverses organisations de normalisation des donn\u00e9es industrielles. L\u2019article \u00ab Qu\u2019est-ce que l\u2019UBL ? \u00bb donne une vue d\u2019ensemble d\u00e9taill\u00e9e de la personnalisation, de l\u2019extension et de la gouvernance, de la mod\u00e9lisation de l\u2019UBL et des r\u00e9flexions sur le d\u00e9ploiement de l\u2019UBL. Tradeshift utilise l\u2019Universal Business Language (UBL) comme langue de pr\u00e9dilection pour traiter les documents commerciaux. Ces derniers sont ainsi \u00e9chang\u00e9s avec les utilisateurs de Tradeshift au format UBL, et les concepts UBL tels que les sous-ensembles, les profils, les objets m\u00e9tier, les listes de codes, les extensions, la validation, etc., sont largement utilis\u00e9s lors du traitement des documents commerciaux chez Tradeshift.[\/vc_column_text][vc_row_inner el_class=\u00a0\u00bbinline-buttons\u00a0\u00bb][vc_column_inner][vc_btn title=\u00a0\u00bbGuide utilisateur\u00a0\u00bb link=\u00a0\u00bburl:https%3A%2F%2Fcomweb.wpenginepowered.com%2Fwp-content%2Fuploads%2FTradeshift-UBL-User-Guide.pdf\u00a0\u00bb css=\u00a0\u00bb.vc_custom_1667894697318{margin-right: 16px !important;}\u00a0\u00bb][vc_btn title=\u00a0\u00bbExemples de fichiers\u00a0\u00bb link=\u00a0\u00bburl:https%3A%2F%2Fcomweb.wpenginepowered.com%2Fwp-content%2Fuploads%2FTSUBL_20220511.zip\u00a0\u00bb][\/vc_column_inner][\/vc_row_inner][\/vc_column][\/vc_row][vc_row equal_height=\u00a0\u00bbyes\u00a0\u00bb content_placement=\u00a0\u00bbmiddle\u00a0\u00bb css=\u00a0\u00bb.vc_custom_1666043426622{padding-top: 104px !important;padding-bottom: 29px !important;}\u00a0\u00bb el_class=\u00a0\u00bbimage-columns\u00a0\u00bb][vc_column width=\u00a0\u00bb1\/2&Prime;][vc_single_image image=\u00a0\u00bb39364&Prime; img_size=\u00a0\u00bbfull\u00a0\u00bb][\/vc_column][vc_column width=\u00a0\u00bb1\/2&Prime;][vc_single_image image=\u00a0\u00bb39373&Prime; img_size=\u00a0\u00bblarge\u00a0\u00bb max_width=\u00a0\u00bb158.61px\u00a0\u00bb css=\u00a0\u00bb.vc_custom_1666034972178{margin-bottom: 32px !important;}\u00a0\u00bb][vc_column_text css=\u00a0\u00bb.vc_custom_1667894786732{margin-bottom: 32px !important;}\u00a0\u00bb]<\/p>\n<p class=\"paragraph\">D\u00e9couvrez les concepts fondamentaux de l\u2019int\u00e9gration avec Tradeshift, et o\u00f9 vous pouvez trouver les outils dont vous avez besoin pour vous lancer.<\/p>\n<p>[\/vc_column_text][vc_btn title=\u00a0\u00bbRegarder maintenant\u00a0\u00bb align=\u00a0\u00bbleft\u00a0\u00bb link=\u00a0\u00bburl:https%3A%2F%2Fgo.tradeshift.com%2F%3F%26_ga%3D2.82349331.448930049.1667728939-1954710492.1667542255%23%2FTradeshift.University\u00a0\u00bb][\/vc_column][\/vc_row]<\/p>\n<\/div>","protected":false},"excerpt":{"rendered":"<p>[vc_row el_class=\u00a0\u00bbtext-hero\u00a0\u00bb css=\u00a0\u00bb.vc_custom_1666033335779{padding-top: 87px !important;padding-bottom: 46px !important;background-color: #0a37f0 !important;}\u00a0\u00bb][vc_column][vc_custom_heading text=\u00a0\u00bbVotre parcours d&rsquo;int\u00e9gration\u00a0\u00bb font_container=\u00a0\u00bbtag:h1|text_align:center|color:%23ffffff\u00a0\u00bb use_theme_fonts=\u00a0\u00bbyes\u00a0\u00bb css=\u00a0\u00bb.vc_custom_1667894519187{margin-top: 0px !important;margin-bottom: 24px !important;}\u00a0\u00bb][vc_custom_heading text=\u00a0\u00bbEnvoi de documents \u00e0 Tradeshift\u00a0\u00bb font_container=\u00a0\u00bbtag:h3|text_align:center|color:%23ffffff\u00a0\u00bb use_theme_fonts=\u00a0\u00bbyes\u00a0\u00bb css=\u00a0\u00bb.vc_custom_1667894526037{margin-top: 0px !important;margin-bottom: 0px !important;}\u00a0\u00bb][\/vc_column][\/vc_row][vc_row equal_height=\u00a0\u00bbyes\u00a0\u00bb css=\u00a0\u00bb.vc_custom_1666033876244{padding-top: 64px !important;padding-bottom: 64px !important;background-color: #f2f2f2 !important;}\u00a0\u00bb el_class=\u00a0\u00bbcards\u00a0\u00bb][vc_column offset=\u00a0\u00bbvc_col-md-4&Prime;][vc_custom_heading text=\u00a0\u00bbD\u00e9couvrir et d\u00e9finir\u00a0\u00bb font_container=\u00a0\u00bbtag:h3|text_align:left\u00a0\u00bb use_theme_fonts=\u00a0\u00bbyes\u00a0\u00bb][vc_column_text] Examen du contenu actuel Conseil sur les meilleures pratiques&#8230;  <a class=\"excerpt-read-more\" href=\"https:\/\/tradeshift.com\/fr\/integration\/\" title=\"LireVotre parcours d&rsquo;int\u00e9gration\">Lire la suite &raquo;<\/a><\/p>\n","protected":false},"author":6,"featured_media":0,"parent":0,"menu_order":510,"comment_status":"closed","ping_status":"closed","template":"","meta":{"_acf_changed":false,"om_disable_all_campaigns":false,"inline_featured_image":false,"footnotes":""},"class_list":["post-35581","page","type-page","status-publish","hentry"],"yoast_head":"<!-- This site is optimized with the Yoast SEO Premium plugin v25.5 (Yoast SEO v25.5) - https:\/\/yoast.com\/wordpress\/plugins\/seo\/ -->\n<title>Votre parcours d&#039;int\u00e9gration | Tradeshift<\/title>\n<meta name=\"description\" content=\"Examen du contenu actuel Conseil sur les meilleures pratiques D\u00e9finir la m\u00e9thode d&#039;envoi Cr\u00e9er un compte Tradeshift Mettre en place l&#039;int\u00e9gration Tester\" \/>\n<meta name=\"robots\" content=\"index, follow, max-snippet:-1, max-image-preview:large, max-video-preview:-1\" \/>\n<link rel=\"canonical\" href=\"https:\/\/tradeshift.com\/fr\/integration\/\" \/>\n<meta property=\"og:locale\" content=\"fr_FR\" \/>\n<meta property=\"og:type\" content=\"article\" \/>\n<meta property=\"og:title\" content=\"Votre parcours d&#039;int\u00e9gration\" \/>\n<meta property=\"og:description\" content=\"Examen du contenu actuel Conseil sur les meilleures pratiques D\u00e9finir la m\u00e9thode d&#039;envoi Cr\u00e9er un compte Tradeshift Mettre en place l&#039;int\u00e9gration Tester\" \/>\n<meta property=\"og:url\" content=\"https:\/\/tradeshift.com\/fr\/integration\/\" \/>\n<meta property=\"og:site_name\" content=\"Tradeshift\" \/>\n<meta property=\"article:publisher\" content=\"https:\/\/www.facebook.com\/Tradeshift\/\" \/>\n<meta property=\"article:modified_time\" content=\"2022-11-08T08:24:04+00:00\" \/>\n<meta name=\"twitter:card\" content=\"summary_large_image\" \/>\n<meta name=\"twitter:site\" content=\"@tradeshift\" \/>\n<script type=\"application\/ld+json\" class=\"yoast-schema-graph\">{\"@context\":\"https:\/\/schema.org\",\"@graph\":[{\"@type\":\"WebPage\",\"@id\":\"https:\/\/tradeshift.com\/fr\/integration\/\",\"url\":\"https:\/\/tradeshift.com\/fr\/integration\/\",\"name\":\"Votre parcours d'int\u00e9gration | Tradeshift\",\"isPartOf\":{\"@id\":\"https:\/\/tradeshift.com\/fr\/#website\"},\"datePublished\":\"2021-11-17T10:41:00+00:00\",\"dateModified\":\"2022-11-08T08:24:04+00:00\",\"description\":\"Examen du contenu actuel Conseil sur les meilleures pratiques D\u00e9finir la m\u00e9thode d'envoi Cr\u00e9er un compte Tradeshift Mettre en place l'int\u00e9gration Tester\",\"breadcrumb\":{\"@id\":\"https:\/\/tradeshift.com\/fr\/integration\/#breadcrumb\"},\"inLanguage\":\"fr-FR\",\"potentialAction\":[{\"@type\":\"ReadAction\",\"target\":[\"https:\/\/tradeshift.com\/fr\/integration\/\"]}]},{\"@type\":\"BreadcrumbList\",\"@id\":\"https:\/\/tradeshift.com\/fr\/integration\/#breadcrumb\",\"itemListElement\":[{\"@type\":\"ListItem\",\"position\":1,\"name\":\"Home\",\"item\":\"https:\/\/tradeshift.com\/fr\/\"},{\"@type\":\"ListItem\",\"position\":2,\"name\":\"Votre parcours d&rsquo;int\u00e9gration\"}]},{\"@type\":\"WebSite\",\"@id\":\"https:\/\/tradeshift.com\/fr\/#website\",\"url\":\"https:\/\/tradeshift.com\/fr\/\",\"name\":\"Tradeshift\",\"description\":\"B2B Network for Supply Chain Purchasing, B2B Payments &amp; Apps\",\"publisher\":{\"@id\":\"https:\/\/tradeshift.com\/fr\/#organization\"},\"potentialAction\":[{\"@type\":\"SearchAction\",\"target\":{\"@type\":\"EntryPoint\",\"urlTemplate\":\"https:\/\/tradeshift.com\/fr\/?s={search_term_string}\"},\"query-input\":{\"@type\":\"PropertyValueSpecification\",\"valueRequired\":true,\"valueName\":\"search_term_string\"}}],\"inLanguage\":\"fr-FR\"},{\"@type\":\"Organization\",\"@id\":\"https:\/\/tradeshift.com\/fr\/#organization\",\"name\":\"Tradeshift\",\"url\":\"https:\/\/tradeshift.com\/fr\/\",\"logo\":{\"@type\":\"ImageObject\",\"inLanguage\":\"fr-FR\",\"@id\":\"https:\/\/tradeshift.com\/fr\/#\/schema\/logo\/image\/\",\"url\":\"https:\/\/tradeshift.com\/wp-content\/uploads\/2021\/01\/Logo-symbol-white-on-blue-bg-@10x.png\",\"contentUrl\":\"https:\/\/tradeshift.com\/wp-content\/uploads\/2021\/01\/Logo-symbol-white-on-blue-bg-@10x.png\",\"width\":3920,\"height\":3920,\"caption\":\"Tradeshift\"},\"image\":{\"@id\":\"https:\/\/tradeshift.com\/fr\/#\/schema\/logo\/image\/\"},\"sameAs\":[\"https:\/\/www.facebook.com\/Tradeshift\/\",\"https:\/\/x.com\/tradeshift\",\"https:\/\/www.linkedin.com\/company\/tradeshift\",\"https:\/\/www.youtube.com\/channel\/UCaUy07yFxZAf22xwWjTahng\",\"https:\/\/en.wikipedia.org\/wiki\/Tradeshift\"]}]}<\/script>\n<!-- \/ Yoast SEO Premium plugin. -->","yoast_head_json":{"title":"Votre parcours d'int\u00e9gration | Tradeshift","description":"Examen du contenu actuel Conseil sur les meilleures pratiques D\u00e9finir la m\u00e9thode d'envoi Cr\u00e9er un compte Tradeshift Mettre en place l'int\u00e9gration Tester","robots":{"index":"index","follow":"follow","max-snippet":"max-snippet:-1","max-image-preview":"max-image-preview:large","max-video-preview":"max-video-preview:-1"},"canonical":"https:\/\/tradeshift.com\/fr\/integration\/","og_locale":"fr_FR","og_type":"article","og_title":"Votre parcours d'int\u00e9gration","og_description":"Examen du contenu actuel Conseil sur les meilleures pratiques D\u00e9finir la m\u00e9thode d'envoi Cr\u00e9er un compte Tradeshift Mettre en place l'int\u00e9gration Tester","og_url":"https:\/\/tradeshift.com\/fr\/integration\/","og_site_name":"Tradeshift","article_publisher":"https:\/\/www.facebook.com\/Tradeshift\/","article_modified_time":"2022-11-08T08:24:04+00:00","twitter_card":"summary_large_image","twitter_site":"@tradeshift","schema":{"@context":"https:\/\/schema.org","@graph":[{"@type":"WebPage","@id":"https:\/\/tradeshift.com\/fr\/integration\/","url":"https:\/\/tradeshift.com\/fr\/integration\/","name":"Votre parcours d'int\u00e9gration | Tradeshift","isPartOf":{"@id":"https:\/\/tradeshift.com\/fr\/#website"},"datePublished":"2021-11-17T10:41:00+00:00","dateModified":"2022-11-08T08:24:04+00:00","description":"Examen du contenu actuel Conseil sur les meilleures pratiques D\u00e9finir la m\u00e9thode d'envoi Cr\u00e9er un compte Tradeshift Mettre en place l'int\u00e9gration Tester","breadcrumb":{"@id":"https:\/\/tradeshift.com\/fr\/integration\/#breadcrumb"},"inLanguage":"fr-FR","potentialAction":[{"@type":"ReadAction","target":["https:\/\/tradeshift.com\/fr\/integration\/"]}]},{"@type":"BreadcrumbList","@id":"https:\/\/tradeshift.com\/fr\/integration\/#breadcrumb","itemListElement":[{"@type":"ListItem","position":1,"name":"Home","item":"https:\/\/tradeshift.com\/fr\/"},{"@type":"ListItem","position":2,"name":"Votre parcours d&rsquo;int\u00e9gration"}]},{"@type":"WebSite","@id":"https:\/\/tradeshift.com\/fr\/#website","url":"https:\/\/tradeshift.com\/fr\/","name":"Tradeshift","description":"B2B Network for Supply Chain Purchasing, B2B Payments &amp; Apps","publisher":{"@id":"https:\/\/tradeshift.com\/fr\/#organization"},"potentialAction":[{"@type":"SearchAction","target":{"@type":"EntryPoint","urlTemplate":"https:\/\/tradeshift.com\/fr\/?s={search_term_string}"},"query-input":{"@type":"PropertyValueSpecification","valueRequired":true,"valueName":"search_term_string"}}],"inLanguage":"fr-FR"},{"@type":"Organization","@id":"https:\/\/tradeshift.com\/fr\/#organization","name":"Tradeshift","url":"https:\/\/tradeshift.com\/fr\/","logo":{"@type":"ImageObject","inLanguage":"fr-FR","@id":"https:\/\/tradeshift.com\/fr\/#\/schema\/logo\/image\/","url":"https:\/\/tradeshift.com\/wp-content\/uploads\/2021\/01\/Logo-symbol-white-on-blue-bg-@10x.png","contentUrl":"https:\/\/tradeshift.com\/wp-content\/uploads\/2021\/01\/Logo-symbol-white-on-blue-bg-@10x.png","width":3920,"height":3920,"caption":"Tradeshift"},"image":{"@id":"https:\/\/tradeshift.com\/fr\/#\/schema\/logo\/image\/"},"sameAs":["https:\/\/www.facebook.com\/Tradeshift\/","https:\/\/x.com\/tradeshift","https:\/\/www.linkedin.com\/company\/tradeshift","https:\/\/www.youtube.com\/channel\/UCaUy07yFxZAf22xwWjTahng","https:\/\/en.wikipedia.org\/wiki\/Tradeshift"]}]}},"acf":[],"_links":{"self":[{"href":"https:\/\/tradeshift.com\/fr\/wp-json\/wp\/v2\/pages\/35581","targetHints":{"allow":["GET"]}}],"collection":[{"href":"https:\/\/tradeshift.com\/fr\/wp-json\/wp\/v2\/pages"}],"about":[{"href":"https:\/\/tradeshift.com\/fr\/wp-json\/wp\/v2\/types\/page"}],"author":[{"embeddable":true,"href":"https:\/\/tradeshift.com\/fr\/wp-json\/wp\/v2\/users\/6"}],"replies":[{"embeddable":true,"href":"https:\/\/tradeshift.com\/fr\/wp-json\/wp\/v2\/comments?post=35581"}],"version-history":[{"count":0,"href":"https:\/\/tradeshift.com\/fr\/wp-json\/wp\/v2\/pages\/35581\/revisions"}],"wp:attachment":[{"href":"https:\/\/tradeshift.com\/fr\/wp-json\/wp\/v2\/media?parent=35581"}],"curies":[{"name":"wp","href":"https:\/\/api.w.org\/{rel}","templated":true}]}}