{"id":36393,"date":"2022-01-31T03:04:30","date_gmt":"2022-01-31T11:04:30","guid":{"rendered":"https:\/\/tradeshift-old.local\/?page_id=36393"},"modified":"2023-02-10T12:33:16","modified_gmt":"2023-02-10T20:33:16","slug":"conformite-fiscale-mondiale","status":"publish","type":"page","link":"https:\/\/tradeshift.com\/fr\/pourquoi-tradeshift\/conformite-fiscale-mondiale\/","title":{"rendered":"Conformit\u00e9 fiscale mondiale avec Tradeshift"},"content":{"rendered":"<div class=\"wpb-content-wrapper\"><p>[vc_row equal_height=\u00a0\u00bbyes\u00a0\u00bb content_placement=\u00a0\u00bbmiddle\u00a0\u00bb el_class=\u00a0\u00bbpage-hero image-hero image-hero-tall\u00a0\u00bb css=\u00a0\u00bb.vc_custom_1667580221715{background-color: #0a37f0 !important;}\u00a0\u00bb][vc_column width=\u00a0\u00bb1\/2&Prime;][vc_custom_heading text=\u00a0\u00bbe-Invoicing Compliance\u00a0\u00bb font_container=\u00a0\u00bbtag:h1|text_align:left|color:%23ffffff\u00a0\u00bb use_theme_fonts=\u00a0\u00bbyes\u00a0\u00bb][vc_custom_heading text=\u00a0\u00bbSupercharge your e-invoicing compliance capabilities, globally.\u00a0\u00bb font_container=\u00a0\u00bbtag:h3|text_align:left|color:%23ffffff\u00a0\u00bb use_theme_fonts=\u00a0\u00bbyes\u00a0\u00bb max_width=\u00a0\u00bb400px\u00a0\u00bb][\/vc_column][vc_column width=\u00a0\u00bb1\/2&Prime; css=\u00a0\u00bb.vc_custom_1667580104278{background-image: url(https:\/\/tradeshift.com\/wp-content\/uploads\/2020\/01\/Network_Event-page-1-1-1920&#215;450-1.jpg?id=30803) !important;}\u00a0\u00bb][\/vc_column][\/vc_row][vc_row css=\u00a0\u00bb.vc_custom_1667580920880{padding-top: 50px !important;padding-bottom: 50px !important;}\u00a0\u00bb][vc_column width=\u00a0\u00bb1\/12&Prime;][\/vc_column][vc_column width=\u00a0\u00bb5\/6&Prime;][vc_custom_heading text=\u00a0\u00bbMaster global e-invoice compliance no matter where you do business.\u00a0\u00bb use_theme_fonts=\u00a0\u00bbyes\u00a0\u00bb][vc_column_text]Tradeshift enables organizations to conduct business with suppliers worldwide because we support global <a href=\"https:\/\/tradeshift.com\/solutions\/e-invoicing-platform\/\">e-invoicing<\/a> and tax regulatory compliance with coverage of\u00a0 50+ countries&#8211;all on one platform&#8211;including both post-audit and clearance models.<\/p>\n<p>Through a library of validators that are customized for each country\u2019s unique rules and updated as regulations change, Tradeshift ensures that your e-invoices have the legally required data, tax information, and correct format.\u00a0 In countries with clearance models, Tradeshift can streamline external validation with government authorities worldwide <strong>before<\/strong> invoices enter your system.[\/vc_column_text][vc_row_inner css=\u00a0\u00bb.vc_custom_1667580301442{background-color: #f2f2f2 !important;}\u00a0\u00bb][vc_column_inner css=\u00a0\u00bb.vc_custom_1667581028418{padding-top: 75px !important;padding-right: 50px !important;padding-bottom: 50px !important;padding-left: 50px !important;}\u00a0\u00bb][vc_column_text]<strong>Tradeshift provides country-specific compliant e-invoice processing in 50+ countries<\/strong> by helping customers address all requirements needed to do business. The current list of\u00a0 countries that we cover is kept up-to-date and is available <a href=\"https:\/\/tradeshift.com\/resources\/accounts-payable\/tradeshift-supports-compliance-in-these-countries\/\">here.<\/a>[\/vc_column_text][\/vc_column_inner][\/vc_row_inner][vc_column_text]Tradeshift recently announced the first-of-its-kind\u00a0<a href=\"https:\/\/tradeshift.com\/e-invoicing\/\">e-invoicing<\/a>\u00a0capabilities that help companies doing business in China send and receive electronic purchase orders and invoices with cross-border trade partners. In doing so, they link one of the world\u2019s largest economies to the rest of the world across the Tradeshift network.[\/vc_column_text][\/vc_column][vc_column width=\u00a0\u00bb1\/12&Prime;][\/vc_column][\/vc_row][vc_row equal_height=\u00a0\u00bbyes\u00a0\u00bb content_placement=\u00a0\u00bbmiddle\u00a0\u00bb reverse_row=\u00a0\u00bbtrue\u00a0\u00bb css=\u00a0\u00bb.vc_custom_1664927607812{background-color: #0a37f0 !important;}\u00a0\u00bb el_class=\u00a0\u00bbpage-cta\u00a0\u00bb][vc_column css=\u00a0\u00bb.vc_custom_1667580490745{background-image: url(https:\/\/tradeshift.com\/wp-content\/uploads\/2022\/10\/4.221f916a.jpg?id=40026) !important;}\u00a0\u00bb offset=\u00a0\u00bbvc_col-md-6&Prime;][vc_single_image image=\u00a0\u00bb40849&Prime; img_size=\u00a0\u00bblarge\u00a0\u00bb alignment=\u00a0\u00bbright\u00a0\u00bb][\/vc_column][vc_column offset=\u00a0\u00bbvc_col-md-6&Prime;][vc_custom_heading text=\u00a0\u00bbLearn more about e-invoice Regulation &amp; Compliance\u00a0\u00bb font_container=\u00a0\u00bbtag:h2|text_align:left|color:%23ffffff\u00a0\u00bb use_theme_fonts=\u00a0\u00bbyes\u00a0\u00bb][vc_btn color=\u00a0\u00bbwhite\u00a0\u00bb title=\u00a0\u00bbVisit our content stream\u00a0\u00bb align=\u00a0\u00bbleft\u00a0\u00bb link=\u00a0\u00bburl:https%3A%2F%2Fcomwebdemo.wpengine.com\/hub%2Fregulation-compliance%2F%3F_ga%3D2.175271591.448930049.1667728939-1954710492.1667542255|\u00a0\u00bb][vc_custom_heading text=\u00a0\u00bb#shifthappens\u00a0\u00bb font_container=\u00a0\u00bbtag:h4|text_align:left|color:%23ffffff\u00a0\u00bb use_theme_fonts=\u00a0\u00bbyes\u00a0\u00bb][\/vc_column][\/vc_row][vc_row css=\u00a0\u00bb.vc_custom_1667580933267{padding-top: 50px !important;padding-bottom: 50px !important;background-color: #f2f2f2 !important;}\u00a0\u00bb][vc_column][vc_custom_heading text=\u00a0\u00bbHow Tradeshift keeps your e-invoicing compliant\u00a0\u00bb font_container=\u00a0\u00bbtag:h2|text_align:center\u00a0\u00bb use_theme_fonts=\u00a0\u00bbyes\u00a0\u00bb css=\u00a0\u00bb.vc_custom_1670871022719{padding-bottom: 50px !important;}\u00a0\u00bb][vc_row_inner equal_height=\u00a0\u00bbyes\u00a0\u00bb][vc_column_inner width=\u00a0\u00bb1\/3&Prime;][vc_single_image image=\u00a0\u00bb40902&Prime; img_size=\u00a0\u00bblarge\u00a0\u00bb alignment=\u00a0\u00bbcenter\u00a0\u00bb max_width=\u00a0\u00bb64px\u00a0\u00bb][vc_custom_heading text=\u00a0\u00bbDocument validations\u00a0\u00bb font_container=\u00a0\u00bbtag:h3|text_align:center\u00a0\u00bb use_theme_fonts=\u00a0\u00bbyes\u00a0\u00bb][vc_column_text]Tradeshift\u2019s e-invoicing document validations are configured individually for each customer and are used to confirm that all required information is included in every inbound document. By making certain information mandatory, authenticity can be addressed.[\/vc_column_text][\/vc_column_inner][vc_column_inner width=\u00a0\u00bb1\/3&Prime;][vc_single_image image=\u00a0\u00bb39326&Prime; img_size=\u00a0\u00bblarge\u00a0\u00bb alignment=\u00a0\u00bbcenter\u00a0\u00bb max_width=\u00a0\u00bb64px\u00a0\u00bb][vc_custom_heading text=\u00a0\u00bbConnection model\u00a0\u00bb font_container=\u00a0\u00bbtag:h3|text_align:center\u00a0\u00bb use_theme_fonts=\u00a0\u00bbyes\u00a0\u00bb][vc_column_text]<\/p>\n<p class=\"has-text-align-left\">To connect buyers with suppliers and take full advantage of the Tradeshift service mutual acceptance by both parties is required. Before any invoices can be sent from a supplier to a buyer the buyer must accept the supplier connection on the Tradeshift platform.<\/p>\n<p class=\"has-text-align-left\">During this step, a buyer can put business controls in place to prevent invitations out to, or acceptance of connections with, suppliers that have not been validated as meeting the buyer\u2019s compliance requirements.<\/p>\n<p>[\/vc_column_text][\/vc_column_inner][vc_column_inner width=\u00a0\u00bb1\/3&Prime;][vc_single_image image=\u00a0\u00bb39245&Prime; img_size=\u00a0\u00bblarge\u00a0\u00bb alignment=\u00a0\u00bbcenter\u00a0\u00bb max_width=\u00a0\u00bb64px\u00a0\u00bb][vc_custom_heading text=\u00a0\u00bbWorkflow and matching\u00a0\u00bb font_container=\u00a0\u00bbtag:h3|text_align:center\u00a0\u00bb use_theme_fonts=\u00a0\u00bbyes\u00a0\u00bb][vc_column_text]<\/p>\n<p class=\"has-text-align-left\">Customers may elect to utilize the <a href=\"https:\/\/tradeshift.com\/products\/ap-automation-software\/\">Tradeshift Pay<\/a> workflow and matching features as an additional step to address validity.<\/p>\n<p class=\"has-text-align-left\">Tradeshift\u2019s workflow matching solution performs a step whereby all incoming invoices are matched with issued purchase orders and\/or goods receipt documents from the Buyers\u2019 systems.<\/p>\n<p>[\/vc_column_text][\/vc_column_inner][\/vc_row_inner][\/vc_column][\/vc_row][vc_row equal_height=\u00a0\u00bbyes\u00a0\u00bb content_placement=\u00a0\u00bbmiddle\u00a0\u00bb reverse_row=\u00a0\u00bbtrue\u00a0\u00bb css=\u00a0\u00bb.vc_custom_1664927607812{background-color: #0a37f0 !important;}\u00a0\u00bb el_class=\u00a0\u00bbpage-cta\u00a0\u00bb][vc_column css=\u00a0\u00bb.vc_custom_1664997819845{background-image: url(https:\/\/tradeshift.com\/wp-content\/uploads\/2022\/10\/full-width-cta.36a267b2.jpg?id=38853) !important;}\u00a0\u00bb offset=\u00a0\u00bbvc_col-md-6&Prime;][vc_single_image image=\u00a0\u00bb40849&Prime; img_size=\u00a0\u00bblarge\u00a0\u00bb alignment=\u00a0\u00bbright\u00a0\u00bb][\/vc_column][vc_column offset=\u00a0\u00bbvc_col-md-6&Prime;][vc_custom_heading text=\u00a0\u00bbE-invoicing compliance with Tradeshift\u00a0\u00bb font_container=\u00a0\u00bbtag:h2|text_align:left|color:%23ffffff\u00a0\u00bb use_theme_fonts=\u00a0\u00bbyes\u00a0\u00bb][vc_column_text max_width=\u00a0\u00bb556px\u00a0\u00bb el_class=\u00a0\u00bbtext-white\u00a0\u00bb]<\/p>\n<p class=\"paragraph\">Get a demo now<\/p>\n<p>[\/vc_column_text][vc_btn color=\u00a0\u00bbwhite\u00a0\u00bb title=\u00a0\u00bbTalk to us\u00a0\u00bb align=\u00a0\u00bbleft\u00a0\u00bb link=\u00a0\u00bburl:https%3A%2F%2Ftradeshift.com%2Ffr%2Fdemander-une-demo%2F|\u00a0\u00bb][vc_custom_heading text=\u00a0\u00bb#shifthappens\u00a0\u00bb font_container=\u00a0\u00bbtag:h4|text_align:left|color:%23ffffff\u00a0\u00bb use_theme_fonts=\u00a0\u00bbyes\u00a0\u00bb][\/vc_column][\/vc_row]<\/p>\n<\/div>","protected":false},"excerpt":{"rendered":"<p>[vc_row equal_height=\u00a0\u00bbyes\u00a0\u00bb content_placement=\u00a0\u00bbmiddle\u00a0\u00bb el_class=\u00a0\u00bbpage-hero image-hero image-hero-tall\u00a0\u00bb css=\u00a0\u00bb.vc_custom_1667580221715{background-color: #0a37f0 !important;}\u00a0\u00bb][vc_column width=\u00a0\u00bb1\/2&Prime;][vc_custom_heading text=\u00a0\u00bbe-Invoicing Compliance\u00a0\u00bb font_container=\u00a0\u00bbtag:h1|text_align:left|color:%23ffffff\u00a0\u00bb use_theme_fonts=\u00a0\u00bbyes\u00a0\u00bb][vc_custom_heading text=\u00a0\u00bbSupercharge your e-invoicing compliance capabilities, globally.\u00a0\u00bb font_container=\u00a0\u00bbtag:h3|text_align:left|color:%23ffffff\u00a0\u00bb use_theme_fonts=\u00a0\u00bbyes\u00a0\u00bb max_width=\u00a0\u00bb400px\u00a0\u00bb][\/vc_column][vc_column width=\u00a0\u00bb1\/2&Prime; css=\u00a0\u00bb.vc_custom_1667580104278{background-image: url(https:\/\/tradeshift.com\/wp-content\/uploads\/2020\/01\/Network_Event-page-1-1-1920&#215;450-1.jpg?id=30803) !important;}\u00a0\u00bb][\/vc_column][\/vc_row][vc_row css=\u00a0\u00bb.vc_custom_1667580920880{padding-top: 50px !important;padding-bottom: 50px !important;}\u00a0\u00bb][vc_column width=\u00a0\u00bb1\/12&Prime;][\/vc_column][vc_column width=\u00a0\u00bb5\/6&Prime;][vc_custom_heading text=\u00a0\u00bbMaster global e-invoice compliance no matter where you do business.\u00a0\u00bb use_theme_fonts=\u00a0\u00bbyes\u00a0\u00bb][vc_column_text]Tradeshift enables organizations to conduct business with suppliers worldwide because we&#8230;  <a class=\"excerpt-read-more\" href=\"https:\/\/tradeshift.com\/fr\/pourquoi-tradeshift\/conformite-fiscale-mondiale\/\" title=\"LireConformit\u00e9 fiscale mondiale avec Tradeshift\">Lire la suite &raquo;<\/a><\/p>\n","protected":false},"author":6,"featured_media":0,"parent":1268,"menu_order":213,"comment_status":"closed","ping_status":"closed","template":"","meta":{"_acf_changed":false,"om_disable_all_campaigns":false,"inline_featured_image":false,"footnotes":""},"class_list":["post-36393","page","type-page","status-publish","hentry"],"yoast_head":"<!-- This site is optimized with the Yoast SEO Premium plugin v25.5 (Yoast SEO v25.5) - https:\/\/yoast.com\/wordpress\/plugins\/seo\/ -->\n<title>Conformit\u00e9 fiscale mondiale avec Tradeshift | Tradeshift<\/title>\n<meta name=\"description\" content=\"Tradeshift permet aux entreprises de travailler avec des fournisseurs dans le monde entier, en prenant en charge globalement la facturation \u00e9lectronique et la conformit\u00e9 aux r\u00e9glementations fiscales. C&#039;est une plateforme unique qui prend en charge les mod\u00e8les post-audit et clearance, dans plus de 50\u00a0pays.\u00a0\" \/>\n<meta name=\"robots\" content=\"index, follow, max-snippet:-1, max-image-preview:large, max-video-preview:-1\" \/>\n<link rel=\"canonical\" href=\"https:\/\/tradeshift.com\/fr\/pourquoi-tradeshift\/conformite-fiscale-mondiale\/\" \/>\n<meta property=\"og:locale\" content=\"fr_FR\" \/>\n<meta property=\"og:type\" content=\"article\" \/>\n<meta property=\"og:title\" content=\"Conformit\u00e9 fiscale mondiale avec Tradeshift\" \/>\n<meta property=\"og:description\" content=\"Tradeshift permet aux entreprises de travailler avec des fournisseurs dans le monde entier, en prenant en charge globalement la facturation \u00e9lectronique et la conformit\u00e9 aux r\u00e9glementations fiscales. C&#039;est une plateforme unique qui prend en charge les mod\u00e8les post-audit et clearance, dans plus de 50\u00a0pays.\u00a0\" \/>\n<meta property=\"og:url\" content=\"https:\/\/tradeshift.com\/fr\/pourquoi-tradeshift\/conformite-fiscale-mondiale\/\" \/>\n<meta property=\"og:site_name\" content=\"Tradeshift\" \/>\n<meta property=\"article:publisher\" content=\"https:\/\/www.facebook.com\/Tradeshift\/\" \/>\n<meta property=\"article:modified_time\" content=\"2023-02-10T20:33:16+00:00\" \/>\n<meta name=\"twitter:card\" content=\"summary_large_image\" \/>\n<meta name=\"twitter:site\" content=\"@tradeshift\" \/>\n<script type=\"application\/ld+json\" class=\"yoast-schema-graph\">{\"@context\":\"https:\/\/schema.org\",\"@graph\":[{\"@type\":\"WebPage\",\"@id\":\"https:\/\/tradeshift.com\/fr\/pourquoi-tradeshift\/conformite-fiscale-mondiale\/\",\"url\":\"https:\/\/tradeshift.com\/fr\/pourquoi-tradeshift\/conformite-fiscale-mondiale\/\",\"name\":\"Conformit\u00e9 fiscale mondiale avec Tradeshift | Tradeshift\",\"isPartOf\":{\"@id\":\"https:\/\/tradeshift.com\/fr\/#website\"},\"datePublished\":\"2022-01-31T11:04:30+00:00\",\"dateModified\":\"2023-02-10T20:33:16+00:00\",\"description\":\"Tradeshift permet aux entreprises de travailler avec des fournisseurs dans le monde entier, en prenant en charge globalement la facturation \u00e9lectronique et la conformit\u00e9 aux r\u00e9glementations fiscales. C'est une plateforme unique qui prend en charge les mod\u00e8les post-audit et clearance, dans plus de 50\u00a0pays.\u00a0\",\"breadcrumb\":{\"@id\":\"https:\/\/tradeshift.com\/fr\/pourquoi-tradeshift\/conformite-fiscale-mondiale\/#breadcrumb\"},\"inLanguage\":\"fr-FR\",\"potentialAction\":[{\"@type\":\"ReadAction\",\"target\":[\"https:\/\/tradeshift.com\/fr\/pourquoi-tradeshift\/conformite-fiscale-mondiale\/\"]}]},{\"@type\":\"BreadcrumbList\",\"@id\":\"https:\/\/tradeshift.com\/fr\/pourquoi-tradeshift\/conformite-fiscale-mondiale\/#breadcrumb\",\"itemListElement\":[{\"@type\":\"ListItem\",\"position\":1,\"name\":\"Home\",\"item\":\"https:\/\/tradeshift.com\/fr\/\"},{\"@type\":\"ListItem\",\"position\":2,\"name\":\"Why Tradeshift\",\"item\":\"https:\/\/tradeshift.com\/fr\/pourquoi-tradeshift\/\"},{\"@type\":\"ListItem\",\"position\":3,\"name\":\"Conformit\u00e9 fiscale mondiale avec Tradeshift\"}]},{\"@type\":\"WebSite\",\"@id\":\"https:\/\/tradeshift.com\/fr\/#website\",\"url\":\"https:\/\/tradeshift.com\/fr\/\",\"name\":\"Tradeshift\",\"description\":\"B2B Network for Supply Chain Purchasing, B2B Payments &amp; Apps\",\"publisher\":{\"@id\":\"https:\/\/tradeshift.com\/fr\/#organization\"},\"potentialAction\":[{\"@type\":\"SearchAction\",\"target\":{\"@type\":\"EntryPoint\",\"urlTemplate\":\"https:\/\/tradeshift.com\/fr\/?s={search_term_string}\"},\"query-input\":{\"@type\":\"PropertyValueSpecification\",\"valueRequired\":true,\"valueName\":\"search_term_string\"}}],\"inLanguage\":\"fr-FR\"},{\"@type\":\"Organization\",\"@id\":\"https:\/\/tradeshift.com\/fr\/#organization\",\"name\":\"Tradeshift\",\"url\":\"https:\/\/tradeshift.com\/fr\/\",\"logo\":{\"@type\":\"ImageObject\",\"inLanguage\":\"fr-FR\",\"@id\":\"https:\/\/tradeshift.com\/fr\/#\/schema\/logo\/image\/\",\"url\":\"https:\/\/tradeshift.com\/wp-content\/uploads\/2021\/01\/Logo-symbol-white-on-blue-bg-@10x.png\",\"contentUrl\":\"https:\/\/tradeshift.com\/wp-content\/uploads\/2021\/01\/Logo-symbol-white-on-blue-bg-@10x.png\",\"width\":3920,\"height\":3920,\"caption\":\"Tradeshift\"},\"image\":{\"@id\":\"https:\/\/tradeshift.com\/fr\/#\/schema\/logo\/image\/\"},\"sameAs\":[\"https:\/\/www.facebook.com\/Tradeshift\/\",\"https:\/\/x.com\/tradeshift\",\"https:\/\/www.linkedin.com\/company\/tradeshift\",\"https:\/\/www.youtube.com\/channel\/UCaUy07yFxZAf22xwWjTahng\",\"https:\/\/en.wikipedia.org\/wiki\/Tradeshift\"]}]}<\/script>\n<!-- \/ Yoast SEO Premium plugin. -->","yoast_head_json":{"title":"Conformit\u00e9 fiscale mondiale avec Tradeshift | Tradeshift","description":"Tradeshift permet aux entreprises de travailler avec des fournisseurs dans le monde entier, en prenant en charge globalement la facturation \u00e9lectronique et la conformit\u00e9 aux r\u00e9glementations fiscales. C'est une plateforme unique qui prend en charge les mod\u00e8les post-audit et clearance, dans plus de 50\u00a0pays.\u00a0","robots":{"index":"index","follow":"follow","max-snippet":"max-snippet:-1","max-image-preview":"max-image-preview:large","max-video-preview":"max-video-preview:-1"},"canonical":"https:\/\/tradeshift.com\/fr\/pourquoi-tradeshift\/conformite-fiscale-mondiale\/","og_locale":"fr_FR","og_type":"article","og_title":"Conformit\u00e9 fiscale mondiale avec Tradeshift","og_description":"Tradeshift permet aux entreprises de travailler avec des fournisseurs dans le monde entier, en prenant en charge globalement la facturation \u00e9lectronique et la conformit\u00e9 aux r\u00e9glementations fiscales. C'est une plateforme unique qui prend en charge les mod\u00e8les post-audit et clearance, dans plus de 50\u00a0pays.\u00a0","og_url":"https:\/\/tradeshift.com\/fr\/pourquoi-tradeshift\/conformite-fiscale-mondiale\/","og_site_name":"Tradeshift","article_publisher":"https:\/\/www.facebook.com\/Tradeshift\/","article_modified_time":"2023-02-10T20:33:16+00:00","twitter_card":"summary_large_image","twitter_site":"@tradeshift","schema":{"@context":"https:\/\/schema.org","@graph":[{"@type":"WebPage","@id":"https:\/\/tradeshift.com\/fr\/pourquoi-tradeshift\/conformite-fiscale-mondiale\/","url":"https:\/\/tradeshift.com\/fr\/pourquoi-tradeshift\/conformite-fiscale-mondiale\/","name":"Conformit\u00e9 fiscale mondiale avec Tradeshift | Tradeshift","isPartOf":{"@id":"https:\/\/tradeshift.com\/fr\/#website"},"datePublished":"2022-01-31T11:04:30+00:00","dateModified":"2023-02-10T20:33:16+00:00","description":"Tradeshift permet aux entreprises de travailler avec des fournisseurs dans le monde entier, en prenant en charge globalement la facturation \u00e9lectronique et la conformit\u00e9 aux r\u00e9glementations fiscales. C'est une plateforme unique qui prend en charge les mod\u00e8les post-audit et clearance, dans plus de 50\u00a0pays.\u00a0","breadcrumb":{"@id":"https:\/\/tradeshift.com\/fr\/pourquoi-tradeshift\/conformite-fiscale-mondiale\/#breadcrumb"},"inLanguage":"fr-FR","potentialAction":[{"@type":"ReadAction","target":["https:\/\/tradeshift.com\/fr\/pourquoi-tradeshift\/conformite-fiscale-mondiale\/"]}]},{"@type":"BreadcrumbList","@id":"https:\/\/tradeshift.com\/fr\/pourquoi-tradeshift\/conformite-fiscale-mondiale\/#breadcrumb","itemListElement":[{"@type":"ListItem","position":1,"name":"Home","item":"https:\/\/tradeshift.com\/fr\/"},{"@type":"ListItem","position":2,"name":"Why Tradeshift","item":"https:\/\/tradeshift.com\/fr\/pourquoi-tradeshift\/"},{"@type":"ListItem","position":3,"name":"Conformit\u00e9 fiscale mondiale avec Tradeshift"}]},{"@type":"WebSite","@id":"https:\/\/tradeshift.com\/fr\/#website","url":"https:\/\/tradeshift.com\/fr\/","name":"Tradeshift","description":"B2B Network for Supply Chain Purchasing, B2B Payments &amp; Apps","publisher":{"@id":"https:\/\/tradeshift.com\/fr\/#organization"},"potentialAction":[{"@type":"SearchAction","target":{"@type":"EntryPoint","urlTemplate":"https:\/\/tradeshift.com\/fr\/?s={search_term_string}"},"query-input":{"@type":"PropertyValueSpecification","valueRequired":true,"valueName":"search_term_string"}}],"inLanguage":"fr-FR"},{"@type":"Organization","@id":"https:\/\/tradeshift.com\/fr\/#organization","name":"Tradeshift","url":"https:\/\/tradeshift.com\/fr\/","logo":{"@type":"ImageObject","inLanguage":"fr-FR","@id":"https:\/\/tradeshift.com\/fr\/#\/schema\/logo\/image\/","url":"https:\/\/tradeshift.com\/wp-content\/uploads\/2021\/01\/Logo-symbol-white-on-blue-bg-@10x.png","contentUrl":"https:\/\/tradeshift.com\/wp-content\/uploads\/2021\/01\/Logo-symbol-white-on-blue-bg-@10x.png","width":3920,"height":3920,"caption":"Tradeshift"},"image":{"@id":"https:\/\/tradeshift.com\/fr\/#\/schema\/logo\/image\/"},"sameAs":["https:\/\/www.facebook.com\/Tradeshift\/","https:\/\/x.com\/tradeshift","https:\/\/www.linkedin.com\/company\/tradeshift","https:\/\/www.youtube.com\/channel\/UCaUy07yFxZAf22xwWjTahng","https:\/\/en.wikipedia.org\/wiki\/Tradeshift"]}]}},"acf":[],"_links":{"self":[{"href":"https:\/\/tradeshift.com\/fr\/wp-json\/wp\/v2\/pages\/36393","targetHints":{"allow":["GET"]}}],"collection":[{"href":"https:\/\/tradeshift.com\/fr\/wp-json\/wp\/v2\/pages"}],"about":[{"href":"https:\/\/tradeshift.com\/fr\/wp-json\/wp\/v2\/types\/page"}],"author":[{"embeddable":true,"href":"https:\/\/tradeshift.com\/fr\/wp-json\/wp\/v2\/users\/6"}],"replies":[{"embeddable":true,"href":"https:\/\/tradeshift.com\/fr\/wp-json\/wp\/v2\/comments?post=36393"}],"version-history":[{"count":0,"href":"https:\/\/tradeshift.com\/fr\/wp-json\/wp\/v2\/pages\/36393\/revisions"}],"up":[{"embeddable":true,"href":"https:\/\/tradeshift.com\/fr\/wp-json\/wp\/v2\/pages\/1268"}],"wp:attachment":[{"href":"https:\/\/tradeshift.com\/fr\/wp-json\/wp\/v2\/media?parent=36393"}],"curies":[{"name":"wp","href":"https:\/\/api.w.org\/{rel}","templated":true}]}}