{"id":42157,"date":"2022-12-02T10:41:13","date_gmt":"2022-12-02T18:41:13","guid":{"rendered":"https:\/\/tradeshift.com\/?page_id=42157"},"modified":"2025-07-23T04:13:35","modified_gmt":"2025-07-23T11:13:35","slug":"contact","status":"publish","type":"page","link":"https:\/\/tradeshift.com\/fr\/contact\/","title":{"rendered":"Contactez-nous"},"content":{"rendered":"<div class=\"wpb-content-wrapper\"><p>[vc_row css=\u00a0\u00bb.vc_custom_1666633969644{background-color: #0a37f0 !important;}\u00a0\u00bb][vc_column css=\u00a0\u00bb.vc_custom_1666634488449{padding-top: 75px !important;}\u00a0\u00bb][vc_custom_heading text=\u00a0\u00bbContactez-nous\u00a0\u00bb font_container=\u00a0\u00bbtag:h1|text_align:center|color:%23ffffff\u00a0\u00bb use_theme_fonts=\u00a0\u00bbyes\u00a0\u00bb][vc_custom_heading text=\u00a0\u00bbN&rsquo;h\u00e9sitez pas \u00e0 nous contacter.\u00a0\u00bb font_container=\u00a0\u00bbtag:h3|text_align:center|color:%23ffffff\u00a0\u00bb use_theme_fonts=\u00a0\u00bbyes\u00a0\u00bb css=\u00a0\u00bb.vc_custom_1670006396985{padding-bottom: 50px !important;}\u00a0\u00bb][\/vc_column][\/vc_row][vc_row css=\u00a0\u00bb.vc_custom_1666634525161{padding-top: 50px !important;}\u00a0\u00bb][vc_column]<script src=\"\/\/marketing.tradeshift.com\/js\/forms2\/js\/forms2.min.js\"><\/script><div class=\"marketo-form\"><h3 id=\"form_title_8967\" class=\"form_title\"><\/h3><div class=\"marketo-form-inner\"><form id=\"mktoForm_8967\"><\/form><p id=\"confirmform_8967\" class=\"confirmform\" style=\"display:none;padding-left:10px;border:0;\">Merci, nous vous contacterons bient\u00f4t.<\/p><\/div><\/div><script>\n\t\t\t\t\t\t\t\t\t\t\t\tMktoForms2.loadForm(\n\t\t\t\t\t\t\t\t\t\t\t\t\"\/\/marketing.tradeshift.com\",\n\t\t\t\t\t\t\t\t\t\t\t\t\"213-SPR-003\",\n\t\t\t\t\t\t\t\t\t\t\t\t8967,\n\t\t\t\t\t\t\t\t\t\t\t\t);\n\n\t\t\t\t\t\t\t\t\t\t\t\tvar program_id = \"PG7791A1\";\n\t\t\t\t\t\t\t\t\t\t\t\tvar marketing_resource_name = \"\";\n\t\t\t\t\t\t\t\t\t\t\t\tvar asset_type = \"\";\n\t\t\t\t\t\t\t\t\t\t\t\tvar form_link = \"\";\n\t\t\t\t\t\t\t\t\t\t\t\tvar form_target = \"_self\";\n\t\t\t\t\t\t\t\t\t\t\t\tvar success_title = \"\";\n\t\t\t\t\t\t\t\t\t\t\t\tvar success_message = \"Merci, nous vous contacterons bient\u00f4t.\";\n\t\t\t\t\t\t\t\t\t\t\t\tvar button_text = \"Soumettre\";\n\n\t\t\t\t\t\t\t\t\t\t\t\tMktoForms2.whenReady(function(mktoForm){\n\t\t\t\t\t\t\t\t\t\t\t\t\tif(program_id != \"\") {\n\t\t\t\t\t\t\t\t\t\t\t\t\t\tmktoForm.addHiddenFields({\n\t\t\t\t\t\t\t\t\t\t\t\t\t\t\tuniqueMKTOProgramID : program_id\n\t\t\t\t\t\t\t\t\t\t\t\t\t\t\t});\n\t\t\t\t\t\t\t\t\t\t\t\t\t\t}\n\t\t\t\t\t\t\t\t\t\t\t\t\t\tif(marketing_resource_name != \"\") {\n\t\t\t\t\t\t\t\t\t\t\t\t\t\t\tmktoForm.addHiddenFields({\n\t\t\t\t\t\t\t\t\t\t\t\t\t\t\t\tMarketing_Resource_Name__c : marketing_resource_name\n\t\t\t\t\t\t\t\t\t\t\t\t\t\t\t\t});\n\t\t\t\t\t\t\t\t\t\t\t\t\t\t\t}\n\t\t\t\t\t\t\t\t\t\t\t\t\t\t\tif(asset_type != \"\") {\n\t\t\t\t\t\t\t\t\t\t\t\t\t\t\t\tmktoForm.addHiddenFields({\n\t\t\t\t\t\t\t\t\t\t\t\t\t\t\t\t\tassetType : asset_type\n\t\t\t\t\t\t\t\t\t\t\t\t\t\t\t\t\t});\n\t\t\t\t\t\t\t\t\t\t\t\t\t\t\t\t}\n\t\t\t\t\t\t\t\t\t\t\t\t\t\t\t\tif(form_link != \"\") {\n\t\t\t\t\t\t\t\t\t\t\t\t\t\t\t\t\tmktoForm.onSuccess( function(values, followUpUrl) {\n\t\t\t\t\t\t\t\t\t\t\t\t\t\t\t\t\t\twindow.open(form_link, form_target);\n\t\t\t\t\/\/ Return false to prevent the submission handler continuing with its own processing\n\t\t\t\t\t\t\t\t\t\t\t\t\t\t\t\t\t\treturn false;\n\t\t\t\t\t\t\t\t\t\t\t\t\t\t\t\t\t\t});\n\t\t\t\t\t\t\t\t\t\t\t\t\t\t\t\t\t}\n\t\t\t\t\t\t\t\t\t\t\t\t\t\t\t\t\tif(success_title != \"\") {\n\t\t\t\t\t\t\t\t\t\t\t\t\t\t\t\t\t\tmktoForm.onSuccess( function(values, followUpUrl) {\n\t\t\t\t\t\t\t\t\t\t\t\t\t\t\t\t\t\t\tmktoForm.getFormElem().hide();\n\t\t\t\t\t\t\t\t\t\t\t\t\t\t\t\t\t\t\tdocument.getElementById(\"form_title_8967\").style.display = \"none\";\n\t\t\t\t\t\t\t\t\t\t\t\t\t\t\t\t\t\t\tdocument.getElementById(\"success_title_8967\").style.display = \"block\";\n\t\t\t\t\t\t\t\t\t\t\t\t\t\t\t\t\t\t\tif(form_link != \"\") {\n\t\t\t\t\t\/\/do nothing\n\t\t\t\t\t\t\t\t\t\t\t\t\t\t\t\t\t\t\t\t} else {\n\t\t\t\t\t\/\/ Return false to prevent the submission handler continuing with its own processing\n\t\t\t\t\t\t\t\t\t\t\t\t\t\t\t\t\t\t\t\t\treturn false;\n\t\t\t\t\t\t\t\t\t\t\t\t\t\t\t\t\t\t\t\t}\n\t\t\t\t\t\t\t\t\t\t\t\t\t\t\t\t\t\t\t\t});\n\t\t\t\t\t\t\t\t\t\t\t\t\t\t\t\t\t\t\t}\n\t\t\t\t\t\t\t\t\t\t\t\t\t\t\t\t\t\t\tif(success_message != \"\") {\n\t\t\t\t\t\t\t\t\t\t\t\t\t\t\t\t\t\t\t\tmktoForm.onSuccess( function(values, followUpUrl) {\n\t\t\t\t\t\t\t\t\t\t\t\t\t\t\t\t\t\t\t\t\tmktoForm.getFormElem().hide();\n\t\t\t\t\t\t\t\t\t\t\t\t\t\t\t\t\t\t\t\t\tdocument.getElementById(\"confirmform_8967\").style.display = \"block\";\n\t\t\t\t\t\t\t\t\t\t\t\t\t\t\t\t\t\t\t\t\tif(form_link != \"\") {\n\t\t\t\t\t\/\/do nothing\n\t\t\t\t\t\t\t\t\t\t\t\t\t\t\t\t\t\t\t\t\t\t} else {\n\t\t\t\t\t\/\/ Return false to prevent the submission handler continuing with its own processing\n\t\t\t\t\t\t\t\t\t\t\t\t\t\t\t\t\t\t\t\t\t\t\treturn false;\n\t\t\t\t\t\t\t\t\t\t\t\t\t\t\t\t\t\t\t\t\t\t}\n\t\t\t\t\t\t\t\t\t\t\t\t\t\t\t\t\t\t\t\t\t\t});\n\t\t\t\t\t\t\t\t\t\t\t\t\t\t\t\t\t\t\t\t\t}\n\t\t\t\t\t\t\t\t\t\t\t\t\t\t\t\t\t\t\t\t\tif(button_text != \"\") {\n\t\t\t\t\t\t\t\t\t\t\t\t\t\t\t\t\t\t\t\t\t\tlet btn_text = \"Soumettre\";\n\t\t\t\t\t\t\t\t\t\t\t\t\t\t\t\t\t\t\t\t\t\tjQuery(\"#mktoForm_8967 .mktoButton\").text(btn_text);\n\t\t\t\t\t\t\t\t\t\t\t\t\t\t\t\t\t\t\t\t\t}\n\t\t\t\t\t\t\t\t\t\t\t\t\t\t\t\t\t\t\t\t\t});\n\n\t\t\t\t\t\t\t\t\t\t\t\t\t\t\t\t\t\t\t\t\t<\/script>[\/vc_column][\/vc_row][vc_row css=\u00a0\u00bb.vc_custom_1666636467768{margin-top: 100px !important;}\u00a0\u00bb][vc_column][vc_custom_heading text=\u00a0\u00bbDes bureaux internationaux, des portes ouvertes.\u00a0\u00bb font_container=\u00a0\u00bbtag:h2|text_align:center\u00a0\u00bb use_theme_fonts=\u00a0\u00bbyes\u00a0\u00bb][vc_custom_heading text=\u00a0\u00bb\u00catre proche de nos utilisateurs est une priorit\u00e9, c&rsquo;est pourquoi nous avons des bureaux aux quatre coins du monde.\u00a0\u00bb font_container=\u00a0\u00bbtag:h4|text_align:center\u00a0\u00bb use_theme_fonts=\u00a0\u00bbyes\u00a0\u00bb][\/vc_column][\/vc_row][vc_row css=\u00a0\u00bb.vc_custom_1667234669194{margin-top: 40px !important;}\u00a0\u00bb][vc_column width=\u00a0\u00bb1\/3&Prime; offset=\u00a0\u00bbvc_col-lg-4 vc_col-md-6&Prime;][vc_single_image image=\u00a0\u00bb39837&Prime; img_size=\u00a0\u00bbfull\u00a0\u00bb alignment=\u00a0\u00bbcenter\u00a0\u00bb][vc_column_text css=\u00a0\u00bb\u00a0\u00bb]<\/p>\n<h4 class=\"heading heading--h4 location-card__city text--action\">United States of America<\/h4>\n<p>447 Sutter Street, Suite 405 #327<br \/>\nSan Francisco, CA 94108<br \/>\nUSA[\/vc_column_text][\/vc_column][vc_column width=\u00a0\u00bb1\/3&Prime; offset=\u00a0\u00bbvc_col-lg-4 vc_col-md-6&Prime;][vc_single_image image=\u00a0\u00bb39846&Prime; img_size=\u00a0\u00bbfull\u00a0\u00bb alignment=\u00a0\u00bbcenter\u00a0\u00bb][vc_column_text css=\u00a0\u00bb\u00a0\u00bb]<\/p>\n<h4 class=\"heading heading--h4 location-card__city text--action\">Denmark<\/h4>\n<p><span class=\"s1\"><span data-sheets-root=\"1\">\u00d8stbanegade 123<\/span><br \/>\n<span data-sheets-root=\"1\">2100<\/span> <span data-sheets-root=\"1\">K\u00f8benhavn \u00d8<\/span><br \/>\n<\/span>Denmark[\/vc_column_text][\/vc_column][vc_column width=\u00a0\u00bb1\/3&Prime; offset=\u00a0\u00bbvc_col-lg-4 vc_col-md-6&Prime;][vc_single_image image=\u00a0\u00bb39855&Prime; img_size=\u00a0\u00bbfull\u00a0\u00bb alignment=\u00a0\u00bbcenter\u00a0\u00bb][vc_column_text css=\u00a0\u00bb\u00a0\u00bb]<\/p>\n<h4 class=\"heading heading--h4 location-card__city text--action\">United Kingdom<\/h4>\n<p><span data-sheets-root=\"1\">Suite 4, 7th Floor, 50 Broadway<\/span><br \/>\n<span data-sheets-root=\"1\">SW1H 0DB <\/span>London<br \/>\nUK[\/vc_column_text][\/vc_column][\/vc_row][vc_row css=\u00a0\u00bb.vc_custom_1666812925545{margin-top: 25px !important;margin-bottom: 25px !important;}\u00a0\u00bb][vc_column width=\u00a0\u00bb1\/3&Prime; offset=\u00a0\u00bbvc_col-lg-4 vc_col-md-6&Prime;][vc_single_image image=\u00a0\u00bb65381&Prime; img_size=\u00a0\u00bbfull\u00a0\u00bb alignment=\u00a0\u00bbcenter\u00a0\u00bb css=\u00a0\u00bb\u00a0\u00bb][vc_column_text css=\u00a0\u00bb\u00a0\u00bb]<\/p>\n<h4 class=\"heading heading--h4 location-card__city text--action\">Belgium<\/h4>\n<p>Chemin du Cyclotron 6<br \/>\n1348 Ottignies-Louvain-la-Neuve<br \/>\nBelgium[\/vc_column_text][\/vc_column][vc_column width=\u00a0\u00bb1\/3&Prime; offset=\u00a0\u00bbvc_col-lg-4 vc_col-md-6&Prime;][vc_single_image image=\u00a0\u00bb45240&Prime; img_size=\u00a0\u00bbfull\u00a0\u00bb alignment=\u00a0\u00bbcenter\u00a0\u00bb css=\u00a0\u00bb\u00a0\u00bb][vc_column_text css=\u00a0\u00bb\u00a0\u00bb]<\/p>\n<h4 class=\"heading heading--h4 location-card__city text--action\">France<\/h4>\n<p><span data-sheets-root=\"1\">55 rue du Luxembourg<\/span><br \/>\n<span data-sheets-root=\"1\">59800 Lille<\/span><br \/>\nFrance[\/vc_column_text][\/vc_column][vc_column width=\u00a0\u00bb1\/3&Prime; offset=\u00a0\u00bbvc_col-lg-4 vc_col-md-6&Prime;][vc_single_image image=\u00a0\u00bb65841&Prime; img_size=\u00a0\u00bbfull\u00a0\u00bb alignment=\u00a0\u00bbcenter\u00a0\u00bb css=\u00a0\u00bb\u00a0\u00bb][vc_column_text css=\u00a0\u00bb\u00a0\u00bb]<\/p>\n<h4 class=\"heading heading--h4 location-card__city text--action\">Japan<\/h4>\n<p>2-24-12 Shibuya<br \/>\n<span data-sheets-root=\"1\">150-0002<\/span> Shibuya-ku<br \/>\nTokyo, Japan[\/vc_column_text][\/vc_column][\/vc_row][vc_row css=\u00a0\u00bb.vc_custom_1666812931126{margin-top: 25px !important;margin-bottom: 25px !important;}\u00a0\u00bb][vc_column width=\u00a0\u00bb1\/3&Prime; offset=\u00a0\u00bbvc_col-lg-4 vc_col-md-6&Prime;][vc_single_image image=\u00a0\u00bb65848&Prime; img_size=\u00a0\u00bbfull\u00a0\u00bb alignment=\u00a0\u00bbcenter\u00a0\u00bb css=\u00a0\u00bb\u00a0\u00bb][vc_column_text css=\u00a0\u00bb\u00a0\u00bb]<\/p>\n<h4 class=\"heading heading--h4 location-card__city text--action\">Hong Kong<\/h4>\n<p>6\/F, The Annex, Central Plaza<br \/>\n18 Harbour Road<br \/>\nHong Kong[\/vc_column_text][\/vc_column][vc_column width=\u00a0\u00bb1\/3&Prime; offset=\u00a0\u00bbvc_col-lg-4 vc_col-md-6&Prime;][vc_single_image image=\u00a0\u00bb65787&Prime; img_size=\u00a0\u00bbfull\u00a0\u00bb alignment=\u00a0\u00bbcenter\u00a0\u00bb css=\u00a0\u00bb\u00a0\u00bb][vc_column_text css=\u00a0\u00bb\u00a0\u00bb]<\/p>\n<h4 class=\"heading heading--h4 location-card__city text--action\">Norway<\/h4>\n<p><span data-sheets-root=\"1\">St. Olavs Gate 25<\/span><br \/>\n0166 OSLO<br \/>\nNorway[\/vc_column_text][\/vc_column][vc_column width=\u00a0\u00bb1\/3&Prime; offset=\u00a0\u00bbvc_col-lg-4 vc_col-md-6&Prime;][vc_single_image image=\u00a0\u00bb65794&Prime; img_size=\u00a0\u00bbfull\u00a0\u00bb alignment=\u00a0\u00bbcenter\u00a0\u00bb css=\u00a0\u00bb\u00a0\u00bb][vc_column_text css=\u00a0\u00bb\u00a0\u00bb]<\/p>\n<h4 class=\"heading heading--h4 location-card__city text--action\">Sweden<\/h4>\n<p><span data-sheets-root=\"1\">Box 17233, 104 62<\/span><br \/>\nStockholm<br \/>\nSweden[\/vc_column_text][\/vc_column][\/vc_row][vc_row css=\u00a0\u00bb.vc_custom_1666812925545{margin-top: 25px !important;margin-bottom: 25px !important;}\u00a0\u00bb][vc_column width=\u00a0\u00bb1\/3&Prime; offset=\u00a0\u00bbvc_col-lg-4 vc_col-md-6&Prime;][vc_single_image image=\u00a0\u00bb65062&Prime; img_size=\u00a0\u00bbfull\u00a0\u00bb alignment=\u00a0\u00bbcenter\u00a0\u00bb css=\u00a0\u00bb\u00a0\u00bb][vc_column_text css=\u00a0\u00bb\u00a0\u00bb]<\/p>\n<h4 class=\"heading heading--h4 location-card__city text--action\">Australia<\/h4>\n<p><span data-sheets-root=\"1\">35 Oxford Cl<\/span><br \/>\n<span data-sheets-root=\"1\">6007<\/span> West Leederville<br \/>\nAustralia[\/vc_column_text][\/vc_column][vc_column width=\u00a0\u00bb1\/3&Prime; offset=\u00a0\u00bbvc_col-lg-4 vc_col-md-6&Prime;][vc_single_image image=\u00a0\u00bb39921&Prime; img_size=\u00a0\u00bbfull\u00a0\u00bb alignment=\u00a0\u00bbcenter\u00a0\u00bb css=\u00a0\u00bb\u00a0\u00bb][vc_column_text css=\u00a0\u00bb\u00a0\u00bb]<\/p>\n<h4 class=\"heading heading--h4 location-card__city text--action\">Romania<\/h4>\n<p>15-17 Ion Mihalache Blvd,<br \/>\n2nd floor, District 1,<br \/>\nBucharest, Romania[\/vc_column_text][\/vc_column][vc_column width=\u00a0\u00bb1\/3&Prime; offset=\u00a0\u00bbvc_col-lg-4 vc_col-md-6&Prime;][vc_single_image image=\u00a0\u00bb39936&Prime; img_size=\u00a0\u00bbfull\u00a0\u00bb alignment=\u00a0\u00bbcenter\u00a0\u00bb][vc_column_text css=\u00a0\u00bb\u00a0\u00bb]<\/p>\n<h4 class=\"heading heading--h4 location-card__city text--action\">Malaysia<\/h4>\n<p>Level 14, G Tower<br \/>\n19 Jalan Tun Razak, 50400 KL<br \/>\nW.P Kuala Lumpur, Malaysia[\/vc_column_text][\/vc_column][\/vc_row][vc_row css=\u00a0\u00bb.vc_custom_1753137578774{margin-top: 25px !important;margin-bottom: 25px !important;}\u00a0\u00bb][vc_column width=\u00a0\u00bb1\/3&Prime; offset=\u00a0\u00bbvc_col-lg-4 vc_col-md-6&Prime;][vc_single_image image=\u00a0\u00bb65830&Prime; img_size=\u00a0\u00bbfull\u00a0\u00bb alignment=\u00a0\u00bbcenter\u00a0\u00bb css=\u00a0\u00bb\u00a0\u00bb][vc_column_text css=\u00a0\u00bb\u00a0\u00bb]<\/p>\n<h4 class=\"heading heading--h4 location-card__city text--action\">Qatar<\/h4>\n<p>Coworking Space 135<br \/>\nOffice 62, Ras Bufontas Admin Building<br \/>\nRas Bufontas Free Zone<br \/>\nQatar[\/vc_column_text][\/vc_column][vc_column width=\u00a0\u00bb1\/3&Prime; offset=\u00a0\u00bbvc_col-lg-4 vc_col-md-6&Prime;][vc_single_image image=\u00a0\u00bb65918&Prime; img_size=\u00a0\u00bbfull\u00a0\u00bb alignment=\u00a0\u00bbcenter\u00a0\u00bb css=\u00a0\u00bb\u00a0\u00bb][vc_column_text css=\u00a0\u00bb\u00a0\u00bb]<\/p>\n<h4 class=\"heading heading--h4 location-card__city text--action\">China<\/h4>\n<p>Suzhou Avenue West No.9<br \/>\nSuzhou Industrial Park<br \/>\nChina[\/vc_column_text][\/vc_column][vc_column width=\u00a0\u00bb1\/3&Prime; offset=\u00a0\u00bbvc_col-lg-4 vc_col-md-6&Prime;][\/vc_column][\/vc_row]<\/p>\n<\/div>","protected":false},"excerpt":{"rendered":"<p>[vc_row css=\u00a0\u00bb.vc_custom_1666633969644{background-color: #0a37f0 !important;}\u00a0\u00bb][vc_column css=\u00a0\u00bb.vc_custom_1666634488449{padding-top: 75px !important;}\u00a0\u00bb][vc_custom_heading text=\u00a0\u00bbContactez-nous\u00a0\u00bb font_container=\u00a0\u00bbtag:h1|text_align:center|color:%23ffffff\u00a0\u00bb use_theme_fonts=\u00a0\u00bbyes\u00a0\u00bb][vc_custom_heading text=\u00a0\u00bbN&rsquo;h\u00e9sitez pas \u00e0 nous contacter.\u00a0\u00bb font_container=\u00a0\u00bbtag:h3|text_align:center|color:%23ffffff\u00a0\u00bb use_theme_fonts=\u00a0\u00bbyes\u00a0\u00bb css=\u00a0\u00bb.vc_custom_1670006396985{padding-bottom: 50px !important;}\u00a0\u00bb][\/vc_column][\/vc_row][vc_row css=\u00a0\u00bb.vc_custom_1666634525161{padding-top: 50px !important;}\u00a0\u00bb][vc_column][\/vc_column][\/vc_row][vc_row css=\u00a0\u00bb.vc_custom_1666636467768{margin-top: 100px !important;}\u00a0\u00bb][vc_column][vc_custom_heading text=\u00a0\u00bbDes bureaux internationaux, des portes ouvertes.\u00a0\u00bb font_container=\u00a0\u00bbtag:h2|text_align:center\u00a0\u00bb use_theme_fonts=\u00a0\u00bbyes\u00a0\u00bb][vc_custom_heading text=\u00a0\u00bb\u00catre proche de nos utilisateurs est une priorit\u00e9, c&rsquo;est pourquoi nous avons des bureaux aux quatre coins du monde.\u00a0\u00bb font_container=\u00a0\u00bbtag:h4|text_align:center\u00a0\u00bb use_theme_fonts=\u00a0\u00bbyes\u00a0\u00bb][\/vc_column][\/vc_row][vc_row&#8230;  <a class=\"excerpt-read-more\" href=\"https:\/\/tradeshift.com\/fr\/contact\/\" title=\"LireContactez-nous\">Lire la suite &raquo;<\/a><\/p>\n","protected":false},"author":59,"featured_media":0,"parent":0,"menu_order":511,"comment_status":"closed","ping_status":"closed","template":"","meta":{"_acf_changed":false,"om_disable_all_campaigns":false,"inline_featured_image":false,"footnotes":""},"class_list":["post-42157","page","type-page","status-publish","hentry"],"yoast_head":"<!-- This site is optimized with the Yoast SEO Premium plugin v25.5 (Yoast SEO v25.5) - https:\/\/yoast.com\/wordpress\/plugins\/seo\/ -->\n<title>Contactez-nous | Tradeshift<\/title>\n<meta name=\"description\" content=\"United States of America 447 Sutter Street, Suite 405 #327 San Francisco, CA 94108 USA Denmark \u00d8stbanegade 123 2100 K\u00f8benhavn \u00d8 Denmark United Kingdom\" \/>\n<meta name=\"robots\" content=\"noindex, follow\" \/>\n<meta property=\"og:locale\" content=\"fr_FR\" \/>\n<meta property=\"og:type\" content=\"article\" \/>\n<meta property=\"og:title\" content=\"Contactez-nous\" \/>\n<meta property=\"og:description\" content=\"United States of America 447 Sutter Street, Suite 405 #327 San Francisco, CA 94108 USA Denmark \u00d8stbanegade 123 2100 K\u00f8benhavn \u00d8 Denmark United Kingdom\" \/>\n<meta property=\"og:url\" content=\"https:\/\/tradeshift.com\/fr\/contact\/\" \/>\n<meta property=\"og:site_name\" content=\"Tradeshift\" \/>\n<meta property=\"article:publisher\" content=\"https:\/\/www.facebook.com\/Tradeshift\/\" \/>\n<meta property=\"article:modified_time\" content=\"2025-07-23T11:13:35+00:00\" \/>\n<meta name=\"twitter:card\" content=\"summary_large_image\" \/>\n<meta name=\"twitter:site\" content=\"@tradeshift\" \/>\n<script type=\"application\/ld+json\" class=\"yoast-schema-graph\">{\"@context\":\"https:\/\/schema.org\",\"@graph\":[{\"@type\":\"WebPage\",\"@id\":\"https:\/\/tradeshift.com\/fr\/contact\/\",\"url\":\"https:\/\/tradeshift.com\/fr\/contact\/\",\"name\":\"Contactez-nous | Tradeshift\",\"isPartOf\":{\"@id\":\"https:\/\/tradeshift.com\/fr\/#website\"},\"datePublished\":\"2022-12-02T18:41:13+00:00\",\"dateModified\":\"2025-07-23T11:13:35+00:00\",\"description\":\"United States of America 447 Sutter Street, Suite 405 #327 San Francisco, CA 94108 USA Denmark \u00d8stbanegade 123 2100 K\u00f8benhavn \u00d8 Denmark United Kingdom\",\"breadcrumb\":{\"@id\":\"https:\/\/tradeshift.com\/fr\/contact\/#breadcrumb\"},\"inLanguage\":\"fr-FR\",\"potentialAction\":[{\"@type\":\"ReadAction\",\"target\":[\"https:\/\/tradeshift.com\/fr\/contact\/\"]}]},{\"@type\":\"BreadcrumbList\",\"@id\":\"https:\/\/tradeshift.com\/fr\/contact\/#breadcrumb\",\"itemListElement\":[{\"@type\":\"ListItem\",\"position\":1,\"name\":\"Home\",\"item\":\"https:\/\/tradeshift.com\/fr\/\"},{\"@type\":\"ListItem\",\"position\":2,\"name\":\"Contactez-nous\"}]},{\"@type\":\"WebSite\",\"@id\":\"https:\/\/tradeshift.com\/fr\/#website\",\"url\":\"https:\/\/tradeshift.com\/fr\/\",\"name\":\"Tradeshift\",\"description\":\"B2B Network for Supply Chain Purchasing, B2B Payments &amp; Apps\",\"publisher\":{\"@id\":\"https:\/\/tradeshift.com\/fr\/#organization\"},\"potentialAction\":[{\"@type\":\"SearchAction\",\"target\":{\"@type\":\"EntryPoint\",\"urlTemplate\":\"https:\/\/tradeshift.com\/fr\/?s={search_term_string}\"},\"query-input\":{\"@type\":\"PropertyValueSpecification\",\"valueRequired\":true,\"valueName\":\"search_term_string\"}}],\"inLanguage\":\"fr-FR\"},{\"@type\":\"Organization\",\"@id\":\"https:\/\/tradeshift.com\/fr\/#organization\",\"name\":\"Tradeshift\",\"url\":\"https:\/\/tradeshift.com\/fr\/\",\"logo\":{\"@type\":\"ImageObject\",\"inLanguage\":\"fr-FR\",\"@id\":\"https:\/\/tradeshift.com\/fr\/#\/schema\/logo\/image\/\",\"url\":\"https:\/\/tradeshift.com\/wp-content\/uploads\/2021\/01\/Logo-symbol-white-on-blue-bg-@10x.png\",\"contentUrl\":\"https:\/\/tradeshift.com\/wp-content\/uploads\/2021\/01\/Logo-symbol-white-on-blue-bg-@10x.png\",\"width\":3920,\"height\":3920,\"caption\":\"Tradeshift\"},\"image\":{\"@id\":\"https:\/\/tradeshift.com\/fr\/#\/schema\/logo\/image\/\"},\"sameAs\":[\"https:\/\/www.facebook.com\/Tradeshift\/\",\"https:\/\/x.com\/tradeshift\",\"https:\/\/www.linkedin.com\/company\/tradeshift\",\"https:\/\/www.youtube.com\/channel\/UCaUy07yFxZAf22xwWjTahng\",\"https:\/\/en.wikipedia.org\/wiki\/Tradeshift\"]}]}<\/script>\n<!-- \/ Yoast SEO Premium plugin. -->","yoast_head_json":{"title":"Contactez-nous | Tradeshift","description":"United States of America 447 Sutter Street, Suite 405 #327 San Francisco, CA 94108 USA Denmark \u00d8stbanegade 123 2100 K\u00f8benhavn \u00d8 Denmark United Kingdom","robots":{"index":"noindex","follow":"follow"},"og_locale":"fr_FR","og_type":"article","og_title":"Contactez-nous","og_description":"United States of America 447 Sutter Street, Suite 405 #327 San Francisco, CA 94108 USA Denmark \u00d8stbanegade 123 2100 K\u00f8benhavn \u00d8 Denmark United Kingdom","og_url":"https:\/\/tradeshift.com\/fr\/contact\/","og_site_name":"Tradeshift","article_publisher":"https:\/\/www.facebook.com\/Tradeshift\/","article_modified_time":"2025-07-23T11:13:35+00:00","twitter_card":"summary_large_image","twitter_site":"@tradeshift","schema":{"@context":"https:\/\/schema.org","@graph":[{"@type":"WebPage","@id":"https:\/\/tradeshift.com\/fr\/contact\/","url":"https:\/\/tradeshift.com\/fr\/contact\/","name":"Contactez-nous | Tradeshift","isPartOf":{"@id":"https:\/\/tradeshift.com\/fr\/#website"},"datePublished":"2022-12-02T18:41:13+00:00","dateModified":"2025-07-23T11:13:35+00:00","description":"United States of America 447 Sutter Street, Suite 405 #327 San Francisco, CA 94108 USA Denmark \u00d8stbanegade 123 2100 K\u00f8benhavn \u00d8 Denmark United Kingdom","breadcrumb":{"@id":"https:\/\/tradeshift.com\/fr\/contact\/#breadcrumb"},"inLanguage":"fr-FR","potentialAction":[{"@type":"ReadAction","target":["https:\/\/tradeshift.com\/fr\/contact\/"]}]},{"@type":"BreadcrumbList","@id":"https:\/\/tradeshift.com\/fr\/contact\/#breadcrumb","itemListElement":[{"@type":"ListItem","position":1,"name":"Home","item":"https:\/\/tradeshift.com\/fr\/"},{"@type":"ListItem","position":2,"name":"Contactez-nous"}]},{"@type":"WebSite","@id":"https:\/\/tradeshift.com\/fr\/#website","url":"https:\/\/tradeshift.com\/fr\/","name":"Tradeshift","description":"B2B Network for Supply Chain Purchasing, B2B Payments &amp; Apps","publisher":{"@id":"https:\/\/tradeshift.com\/fr\/#organization"},"potentialAction":[{"@type":"SearchAction","target":{"@type":"EntryPoint","urlTemplate":"https:\/\/tradeshift.com\/fr\/?s={search_term_string}"},"query-input":{"@type":"PropertyValueSpecification","valueRequired":true,"valueName":"search_term_string"}}],"inLanguage":"fr-FR"},{"@type":"Organization","@id":"https:\/\/tradeshift.com\/fr\/#organization","name":"Tradeshift","url":"https:\/\/tradeshift.com\/fr\/","logo":{"@type":"ImageObject","inLanguage":"fr-FR","@id":"https:\/\/tradeshift.com\/fr\/#\/schema\/logo\/image\/","url":"https:\/\/tradeshift.com\/wp-content\/uploads\/2021\/01\/Logo-symbol-white-on-blue-bg-@10x.png","contentUrl":"https:\/\/tradeshift.com\/wp-content\/uploads\/2021\/01\/Logo-symbol-white-on-blue-bg-@10x.png","width":3920,"height":3920,"caption":"Tradeshift"},"image":{"@id":"https:\/\/tradeshift.com\/fr\/#\/schema\/logo\/image\/"},"sameAs":["https:\/\/www.facebook.com\/Tradeshift\/","https:\/\/x.com\/tradeshift","https:\/\/www.linkedin.com\/company\/tradeshift","https:\/\/www.youtube.com\/channel\/UCaUy07yFxZAf22xwWjTahng","https:\/\/en.wikipedia.org\/wiki\/Tradeshift"]}]}},"acf":[],"_links":{"self":[{"href":"https:\/\/tradeshift.com\/fr\/wp-json\/wp\/v2\/pages\/42157","targetHints":{"allow":["GET"]}}],"collection":[{"href":"https:\/\/tradeshift.com\/fr\/wp-json\/wp\/v2\/pages"}],"about":[{"href":"https:\/\/tradeshift.com\/fr\/wp-json\/wp\/v2\/types\/page"}],"author":[{"embeddable":true,"href":"https:\/\/tradeshift.com\/fr\/wp-json\/wp\/v2\/users\/59"}],"replies":[{"embeddable":true,"href":"https:\/\/tradeshift.com\/fr\/wp-json\/wp\/v2\/comments?post=42157"}],"version-history":[{"count":0,"href":"https:\/\/tradeshift.com\/fr\/wp-json\/wp\/v2\/pages\/42157\/revisions"}],"wp:attachment":[{"href":"https:\/\/tradeshift.com\/fr\/wp-json\/wp\/v2\/media?parent=42157"}],"curies":[{"name":"wp","href":"https:\/\/api.w.org\/{rel}","templated":true}]}}