{"id":48353,"date":"2023-08-02T07:57:56","date_gmt":"2023-08-02T14:57:56","guid":{"rendered":"https:\/\/tradeshift.com\/?page_id=48353"},"modified":"2023-11-28T01:32:46","modified_gmt":"2023-11-28T09:32:46","slug":"le-guide-du-nouveau-systeme-de-e-reporting-en-france","status":"publish","type":"page","link":"https:\/\/tradeshift.com\/fr\/facturation-electronique-obligatoire-2024\/le-guide-du-nouveau-systeme-de-e-reporting-en-france\/","title":{"rendered":"23Q3 FFL E-reporting e-book page \u2013 FR"},"content":{"rendered":"<div class=\"wpb-content-wrapper\"><p>[vc_row equal_height=\u00a0\u00bbyes\u00a0\u00bb css=\u00a0\u00bb.vc_custom_1680018342328{background-color: #0a37f0 !important;}\u00a0\u00bb el_class=\u00a0\u00bbpage-hero image-hero\u00a0\u00bb][vc_column width=\u00a0\u00bb1\/2&Prime; el_class=\u00a0\u00bbtext-white\u00a0\u00bb css=\u00a0\u00bb.vc_custom_1676577686431{padding-bottom: 100px !important;}\u00a0\u00bb][vc_custom_heading text=\u00a0\u00bbE-Reporting en France Obligations et Statuts\u00a0\u00bb font_container=\u00a0\u00bbtag:h1|text_align:left\u00a0\u00bb use_theme_fonts=\u00a0\u00bbyes\u00a0\u00bb][vc_custom_heading text=\u00a0\u00bbVotre guide du nouveau syst\u00e8me d\u2019 e-reporting en France\u00a0\u00bb font_container=\u00a0\u00bbtag:h3|text_align:left\u00a0\u00bb use_theme_fonts=\u00a0\u00bbyes\u00a0\u00bb][\/vc_column][vc_column width=\u00a0\u00bb1\/2&Prime; css=\u00a0\u00bb.vc_custom_1690472816766{background-image: url(https:\/\/tradeshift.com\/wp-content\/uploads\/2023\/07\/French-E-reporting-requitements-Header-IMG.png?id=48567) !important;}\u00a0\u00bb][\/vc_column][\/vc_row][vc_row css=\u00a0\u00bb.vc_custom_1676497731086{padding-top: 55px !important;padding-bottom: 25px !important;}\u00a0\u00bb][vc_column width=\u00a0\u00bb5\/12&Prime;][vc_column_text]Outre les nouveaux changements apport\u00e9s <a href=\"https:\/\/tradeshift.com\/fr\/facturation-electronique-obligatoire\/\"><span style=\"color: #0a37f0\">au mandat de facturation \u00e9lectronique<\/span><\/a> dans la loi de finances, il existe \u00e9galement plusieurs exigences en mati\u00e8re d\u2019 e-reporting (d\u00e9claration \u00e9lectronique). Ces exigences sont con\u00e7ues pour capturer les donn\u00e9es qui ne sont pas incluses dans les flux de facturation \u00e9lectronique :pour la d\u00e9claration \u00e9lectronique des changements d&rsquo;\u00e9tat du cycle de vie et pour les re\u00e7us de paiement relatifs aux flux de facturation \u00e9lectronique. Si vous utilisez une plateforme de d\u00e9mat\u00e9rialisation partenaire (PDP), vos donn\u00e9es seront prises en charge, converties dans le format correct et envoy\u00e9es au PPF (Portail Public de Facturation). Cependant, il est important de comprendre ce que vous devrez fournir afin d&rsquo;\u00e9valuer votre \u00e9tat d\u2019avancement lorsque les nouvelles lois entreront en vigueur.<\/p>\n<p>Ne tardez pas \u00e0 vous mettre en conformit\u00e9 ; tenez-vous au courant en lisant notre livre \u00e9lectronique sur l&rsquo;e-reporting en France : Obligations et Statuts.[\/vc_column_text][\/vc_column][vc_column width=\u00a0\u00bb2\/12&Prime;][\/vc_column][vc_column width=\u00a0\u00bb1\/3&Prime; el_id=\u00a0\u00bbform_column\u00a0\u00bb css=\u00a0\u00bb.vc_custom_1676497528703{padding-top: 0px !important;padding-right: 0px !important;padding-bottom: 45px !important;padding-left: 0px !important;}\u00a0\u00bb][vc_custom_heading text=\u00a0\u00bbT\u00e9l\u00e9charger l&rsquo;e-book\u00a0\u00bb font_container=\u00a0\u00bbtag:h4|font_size:20px|text_align:center|color:%23ffffff|line_height:26px\u00a0\u00bb use_theme_fonts=\u00a0\u00bbyes\u00a0\u00bb css=\u00a0\u00bb.vc_custom_1701163916844{margin-top: 0px !important;padding-top: 20px !important;padding-bottom: 20px !important;background-color: #0a36ef !important;}\u00a0\u00bb font_weight=\u00a0\u00bb500&Prime; link=\u00a0\u00bburl:https%3A%2F%2Ftradeshift.com%2Fwp-content%2Fuploads%2F2023%2F07%2FTradeshift-E-Reporting-in-France-Obligations-and-Statuses-FR.pdf|target:_blank\u00a0\u00bb][vc_row_inner css=\u00a0\u00bb.vc_custom_1676497659561{padding-right: 20px !important;padding-left: 20px !important;}\u00a0\u00bb][vc_column_inner]<script src=\"\/\/marketing.tradeshift.com\/js\/forms2\/js\/forms2.min.js\"><\/script><div class=\"marketo-form\"><h3 id=\"form_title_9090\" class=\"form_title\"><\/h3><div class=\"marketo-form-inner\"><form id=\"mktoForm_9090\"><\/form><\/div><\/div><script>\n\t\t\t\t\t\t\t\t\t\t\t\tMktoForms2.loadForm(\n\t\t\t\t\t\t\t\t\t\t\t\t\"\/\/marketing.tradeshift.com\",\n\t\t\t\t\t\t\t\t\t\t\t\t\"213-SPR-003\",\n\t\t\t\t\t\t\t\t\t\t\t\t9090,\n\t\t\t\t\t\t\t\t\t\t\t\t);\n\n\t\t\t\t\t\t\t\t\t\t\t\tvar program_id = \"PG8164A1\";\n\t\t\t\t\t\t\t\t\t\t\t\tvar marketing_resource_name = \"\";\n\t\t\t\t\t\t\t\t\t\t\t\tvar asset_type = \"\";\n\t\t\t\t\t\t\t\t\t\t\t\tvar form_link = \"\";\n\t\t\t\t\t\t\t\t\t\t\t\tvar form_target = \"_self\";\n\t\t\t\t\t\t\t\t\t\t\t\tvar success_title = \"\";\n\t\t\t\t\t\t\t\t\t\t\t\tvar success_message = \"\";\n\t\t\t\t\t\t\t\t\t\t\t\tvar button_text = \"T\u00e9l\u00e9charger maintenant\";\n\n\t\t\t\t\t\t\t\t\t\t\t\tMktoForms2.whenReady(function(mktoForm){\n\t\t\t\t\t\t\t\t\t\t\t\t\tif(program_id != \"\") {\n\t\t\t\t\t\t\t\t\t\t\t\t\t\tmktoForm.addHiddenFields({\n\t\t\t\t\t\t\t\t\t\t\t\t\t\t\tuniqueMKTOProgramID : program_id\n\t\t\t\t\t\t\t\t\t\t\t\t\t\t\t});\n\t\t\t\t\t\t\t\t\t\t\t\t\t\t}\n\t\t\t\t\t\t\t\t\t\t\t\t\t\tif(marketing_resource_name != \"\") {\n\t\t\t\t\t\t\t\t\t\t\t\t\t\t\tmktoForm.addHiddenFields({\n\t\t\t\t\t\t\t\t\t\t\t\t\t\t\t\tMarketing_Resource_Name__c : marketing_resource_name\n\t\t\t\t\t\t\t\t\t\t\t\t\t\t\t\t});\n\t\t\t\t\t\t\t\t\t\t\t\t\t\t\t}\n\t\t\t\t\t\t\t\t\t\t\t\t\t\t\tif(asset_type != \"\") {\n\t\t\t\t\t\t\t\t\t\t\t\t\t\t\t\tmktoForm.addHiddenFields({\n\t\t\t\t\t\t\t\t\t\t\t\t\t\t\t\t\tassetType : asset_type\n\t\t\t\t\t\t\t\t\t\t\t\t\t\t\t\t\t});\n\t\t\t\t\t\t\t\t\t\t\t\t\t\t\t\t}\n\t\t\t\t\t\t\t\t\t\t\t\t\t\t\t\tif(form_link != \"\") {\n\t\t\t\t\t\t\t\t\t\t\t\t\t\t\t\t\tmktoForm.onSuccess( function(values, followUpUrl) {\n\t\t\t\t\t\t\t\t\t\t\t\t\t\t\t\t\t\twindow.open(form_link, form_target);\n\t\t\t\t\/\/ Return false to prevent the submission handler continuing with its own processing\n\t\t\t\t\t\t\t\t\t\t\t\t\t\t\t\t\t\treturn false;\n\t\t\t\t\t\t\t\t\t\t\t\t\t\t\t\t\t\t});\n\t\t\t\t\t\t\t\t\t\t\t\t\t\t\t\t\t}\n\t\t\t\t\t\t\t\t\t\t\t\t\t\t\t\t\tif(success_title != \"\") {\n\t\t\t\t\t\t\t\t\t\t\t\t\t\t\t\t\t\tmktoForm.onSuccess( function(values, followUpUrl) {\n\t\t\t\t\t\t\t\t\t\t\t\t\t\t\t\t\t\t\tmktoForm.getFormElem().hide();\n\t\t\t\t\t\t\t\t\t\t\t\t\t\t\t\t\t\t\tdocument.getElementById(\"form_title_9090\").style.display = \"none\";\n\t\t\t\t\t\t\t\t\t\t\t\t\t\t\t\t\t\t\tdocument.getElementById(\"success_title_9090\").style.display = \"block\";\n\t\t\t\t\t\t\t\t\t\t\t\t\t\t\t\t\t\t\tif(form_link != \"\") {\n\t\t\t\t\t\/\/do nothing\n\t\t\t\t\t\t\t\t\t\t\t\t\t\t\t\t\t\t\t\t} else {\n\t\t\t\t\t\/\/ Return false to prevent the submission handler continuing with its own processing\n\t\t\t\t\t\t\t\t\t\t\t\t\t\t\t\t\t\t\t\t\treturn false;\n\t\t\t\t\t\t\t\t\t\t\t\t\t\t\t\t\t\t\t\t}\n\t\t\t\t\t\t\t\t\t\t\t\t\t\t\t\t\t\t\t\t});\n\t\t\t\t\t\t\t\t\t\t\t\t\t\t\t\t\t\t\t}\n\t\t\t\t\t\t\t\t\t\t\t\t\t\t\t\t\t\t\tif(success_message != \"\") {\n\t\t\t\t\t\t\t\t\t\t\t\t\t\t\t\t\t\t\t\tmktoForm.onSuccess( function(values, followUpUrl) {\n\t\t\t\t\t\t\t\t\t\t\t\t\t\t\t\t\t\t\t\t\tmktoForm.getFormElem().hide();\n\t\t\t\t\t\t\t\t\t\t\t\t\t\t\t\t\t\t\t\t\tdocument.getElementById(\"confirmform_9090\").style.display = \"block\";\n\t\t\t\t\t\t\t\t\t\t\t\t\t\t\t\t\t\t\t\t\tif(form_link != \"\") {\n\t\t\t\t\t\/\/do nothing\n\t\t\t\t\t\t\t\t\t\t\t\t\t\t\t\t\t\t\t\t\t\t} else {\n\t\t\t\t\t\/\/ Return false to prevent the submission handler continuing with its own processing\n\t\t\t\t\t\t\t\t\t\t\t\t\t\t\t\t\t\t\t\t\t\t\treturn false;\n\t\t\t\t\t\t\t\t\t\t\t\t\t\t\t\t\t\t\t\t\t\t}\n\t\t\t\t\t\t\t\t\t\t\t\t\t\t\t\t\t\t\t\t\t\t});\n\t\t\t\t\t\t\t\t\t\t\t\t\t\t\t\t\t\t\t\t\t}\n\t\t\t\t\t\t\t\t\t\t\t\t\t\t\t\t\t\t\t\t\tif(button_text != \"\") {\n\t\t\t\t\t\t\t\t\t\t\t\t\t\t\t\t\t\t\t\t\t\tlet btn_text = \"T\u00e9l\u00e9charger maintenant\";\n\t\t\t\t\t\t\t\t\t\t\t\t\t\t\t\t\t\t\t\t\t\tjQuery(\"#mktoForm_9090 .mktoButton\").text(btn_text);\n\t\t\t\t\t\t\t\t\t\t\t\t\t\t\t\t\t\t\t\t\t}\n\t\t\t\t\t\t\t\t\t\t\t\t\t\t\t\t\t\t\t\t\t});\n\n\t\t\t\t\t\t\t\t\t\t\t\t\t\t\t\t\t\t\t\t\t<\/script>[\/vc_column_inner][\/vc_row_inner][\/vc_column][vc_column width=\u00a0\u00bb1\/12&Prime;][\/vc_column][\/vc_row][vc_row css=\u00a0\u00bb.vc_custom_1676497716287{padding-top: 55px !important;padding-bottom: 35px !important;}\u00a0\u00bb][vc_column width=\u00a0\u00bb1\/3&Prime;][vc_row_inner][vc_column_inner width=\u00a0\u00bb1\/4&Prime;][vc_single_image image=\u00a0\u00bb48551&Prime; img_size=\u00a0\u00bbfull\u00a0\u00bb][\/vc_column_inner][vc_column_inner width=\u00a0\u00bb3\/4&Prime;][vc_custom_heading text=\u00a0\u00bbComment vous allez assurer la transparence des transactions\u00a0\u00bb font_container=\u00a0\u00bbtag:h4|font_size:32px|text_align:left\u00a0\u00bb use_theme_fonts=\u00a0\u00bbyes\u00a0\u00bb][vc_custom_heading text=\u00a0\u00bbLes statuts de cycle de vie et de paiement permettent aux acheteurs et aux vendeurs d&rsquo;avoir une visibilit\u00e9 sur les processus internes.\u00a0\u00bb font_container=\u00a0\u00bbtag:p|text_align:left\u00a0\u00bb use_theme_fonts=\u00a0\u00bbyes\u00a0\u00bb][\/vc_column_inner][\/vc_row_inner][\/vc_column][vc_column width=\u00a0\u00bb1\/3&Prime;][vc_row_inner][vc_column_inner width=\u00a0\u00bb1\/4&Prime;][vc_single_image image=\u00a0\u00bb48556&Prime;][\/vc_column_inner][vc_column_inner width=\u00a0\u00bb3\/4&Prime;][vc_custom_heading text=\u00a0\u00bbComment satisfaire aux exigences de contenu\u00a0\u00bb font_container=\u00a0\u00bbtag:h4|font_size:32px|text_align:left\u00a0\u00bb use_theme_fonts=\u00a0\u00bbyes\u00a0\u00bb][vc_custom_heading text=\u00a0\u00bbDes donn\u00e9es propres et correctement format\u00e9es permettent d&rsquo;acc\u00e9l\u00e9rer la mise en place d&rsquo;un e-reporting conforme.\u00a0\u00bb font_container=\u00a0\u00bbtag:p|text_align:left\u00a0\u00bb use_theme_fonts=\u00a0\u00bbyes\u00a0\u00bb][\/vc_column_inner][\/vc_row_inner][\/vc_column][vc_column width=\u00a0\u00bb1\/3&Prime;][vc_row_inner][vc_column_inner width=\u00a0\u00bb1\/4&Prime;][vc_single_image image=\u00a0\u00bb48561&Prime; img_size=\u00a0\u00bbfull\u00a0\u00bb][\/vc_column_inner][vc_column_inner width=\u00a0\u00bb3\/4&Prime;][vc_custom_heading text=\u00a0\u00bbRestez conforme\u00a0\u00bb font_container=\u00a0\u00bbtag:h4|font_size:32px|text_align:left\u00a0\u00bb use_theme_fonts=\u00a0\u00bbyes\u00a0\u00bb][vc_custom_heading text=\u00a0\u00bbEn tant que PDP, nous pouvons vous aider \u00e0 d\u00e9couvrir les mesures \u00e0 prendre pour vous conformer \u00e0 ces changements imminents.\u00a0\u00bb font_container=\u00a0\u00bbtag:p|text_align:left\u00a0\u00bb use_theme_fonts=\u00a0\u00bbyes\u00a0\u00bb][\/vc_column_inner][\/vc_row_inner][\/vc_column][\/vc_row]<\/p>\n<\/div>","protected":false},"excerpt":{"rendered":"<p>[vc_row equal_height=\u00a0\u00bbyes\u00a0\u00bb css=\u00a0\u00bb.vc_custom_1680018342328{background-color: #0a37f0 !important;}\u00a0\u00bb el_class=\u00a0\u00bbpage-hero image-hero\u00a0\u00bb][vc_column width=\u00a0\u00bb1\/2&Prime; el_class=\u00a0\u00bbtext-white\u00a0\u00bb css=\u00a0\u00bb.vc_custom_1676577686431{padding-bottom: 100px !important;}\u00a0\u00bb][vc_custom_heading text=\u00a0\u00bbE-Reporting en France Obligations et Statuts\u00a0\u00bb font_container=\u00a0\u00bbtag:h1|text_align:left\u00a0\u00bb use_theme_fonts=\u00a0\u00bbyes\u00a0\u00bb][vc_custom_heading text=\u00a0\u00bbVotre guide du nouveau syst\u00e8me d\u2019 e-reporting en France\u00a0\u00bb font_container=\u00a0\u00bbtag:h3|text_align:left\u00a0\u00bb use_theme_fonts=\u00a0\u00bbyes\u00a0\u00bb][\/vc_column][vc_column width=\u00a0\u00bb1\/2&Prime; css=\u00a0\u00bb.vc_custom_1690472816766{background-image: url(https:\/\/tradeshift.com\/wp-content\/uploads\/2023\/07\/French-E-reporting-requitements-Header-IMG.png?id=48567) !important;}\u00a0\u00bb][\/vc_column][\/vc_row][vc_row css=\u00a0\u00bb.vc_custom_1676497731086{padding-top: 55px !important;padding-bottom: 25px !important;}\u00a0\u00bb][vc_column width=\u00a0\u00bb5\/12&Prime;][vc_column_text]Outre les nouveaux changements apport\u00e9s au mandat de facturation \u00e9lectronique dans la loi de finances,&#8230;  <a class=\"excerpt-read-more\" href=\"https:\/\/tradeshift.com\/fr\/facturation-electronique-obligatoire-2024\/le-guide-du-nouveau-systeme-de-e-reporting-en-france\/\" title=\"Lire23Q3 FFL E-reporting e-book page \u2013 FR\">Lire la suite &raquo;<\/a><\/p>\n","protected":false},"author":59,"featured_media":0,"parent":44369,"menu_order":0,"comment_status":"closed","ping_status":"closed","template":"","meta":{"_acf_changed":false,"om_disable_all_campaigns":false,"inline_featured_image":false,"footnotes":""},"class_list":["post-48353","page","type-page","status-publish","hentry"],"yoast_head":"<!-- This site is optimized with the Yoast SEO Premium plugin v25.5 (Yoast SEO v25.5) - https:\/\/yoast.com\/wordpress\/plugins\/seo\/ -->\n<title>E-Reporting en France Obligations et Statuts: Votre guide du nouveau syst\u00e8me d\u2019 e-reporting en France<\/title>\n<meta name=\"description\" content=\"Notre guide complet sur le nouveau syst\u00e8me e-Reporting vous permet de tout savoir sur les obligations et les statuts en France.\" \/>\n<meta name=\"robots\" content=\"index, follow, max-snippet:-1, max-image-preview:large, max-video-preview:-1\" \/>\n<link rel=\"canonical\" href=\"https:\/\/tradeshift.com\/fr\/facturation-electronique-obligatoire-2024\/le-guide-du-nouveau-systeme-de-e-reporting-en-france\/\" \/>\n<meta property=\"og:locale\" content=\"fr_FR\" \/>\n<meta property=\"og:type\" content=\"article\" \/>\n<meta property=\"og:title\" content=\"23Q3 FFL E-reporting e-book page \u2013 FR\" \/>\n<meta property=\"og:description\" content=\"Notre guide complet sur le nouveau syst\u00e8me e-Reporting vous permet de tout savoir sur les obligations et les statuts en France.\" \/>\n<meta property=\"og:url\" content=\"https:\/\/tradeshift.com\/fr\/facturation-electronique-obligatoire-2024\/le-guide-du-nouveau-systeme-de-e-reporting-en-france\/\" \/>\n<meta property=\"og:site_name\" content=\"Tradeshift\" \/>\n<meta property=\"article:publisher\" content=\"https:\/\/www.facebook.com\/Tradeshift\/\" \/>\n<meta property=\"article:modified_time\" content=\"2023-11-28T09:32:46+00:00\" \/>\n<meta name=\"twitter:card\" content=\"summary_large_image\" \/>\n<meta name=\"twitter:site\" content=\"@tradeshift\" \/>\n<script type=\"application\/ld+json\" class=\"yoast-schema-graph\">{\"@context\":\"https:\/\/schema.org\",\"@graph\":[{\"@type\":\"WebPage\",\"@id\":\"https:\/\/tradeshift.com\/fr\/facturation-electronique-obligatoire-2024\/le-guide-du-nouveau-systeme-de-e-reporting-en-france\/\",\"url\":\"https:\/\/tradeshift.com\/fr\/facturation-electronique-obligatoire-2024\/le-guide-du-nouveau-systeme-de-e-reporting-en-france\/\",\"name\":\"E-Reporting en France Obligations et Statuts: Votre guide du nouveau syst\u00e8me d\u2019 e-reporting en France\",\"isPartOf\":{\"@id\":\"https:\/\/tradeshift.com\/fr\/#website\"},\"datePublished\":\"2023-08-02T14:57:56+00:00\",\"dateModified\":\"2023-11-28T09:32:46+00:00\",\"description\":\"Notre guide complet sur le nouveau syst\u00e8me e-Reporting vous permet de tout savoir sur les obligations et les statuts en France.\",\"breadcrumb\":{\"@id\":\"https:\/\/tradeshift.com\/fr\/facturation-electronique-obligatoire-2024\/le-guide-du-nouveau-systeme-de-e-reporting-en-france\/#breadcrumb\"},\"inLanguage\":\"fr-FR\",\"potentialAction\":[{\"@type\":\"ReadAction\",\"target\":[\"https:\/\/tradeshift.com\/fr\/facturation-electronique-obligatoire-2024\/le-guide-du-nouveau-systeme-de-e-reporting-en-france\/\"]}]},{\"@type\":\"BreadcrumbList\",\"@id\":\"https:\/\/tradeshift.com\/fr\/facturation-electronique-obligatoire-2024\/le-guide-du-nouveau-systeme-de-e-reporting-en-france\/#breadcrumb\",\"itemListElement\":[{\"@type\":\"ListItem\",\"position\":1,\"name\":\"Home\",\"item\":\"https:\/\/tradeshift.com\/fr\/\"},{\"@type\":\"ListItem\",\"position\":2,\"name\":\"Facturation electronique obligatoire 2024\",\"item\":\"https:\/\/tradeshift.com\/fr\/facturation-electronique-obligatoire-2024\/\"},{\"@type\":\"ListItem\",\"position\":3,\"name\":\"23Q3 FFL E-reporting e-book page \u2013 FR\"}]},{\"@type\":\"WebSite\",\"@id\":\"https:\/\/tradeshift.com\/fr\/#website\",\"url\":\"https:\/\/tradeshift.com\/fr\/\",\"name\":\"Tradeshift\",\"description\":\"B2B Network for Supply Chain Purchasing, B2B Payments &amp; Apps\",\"publisher\":{\"@id\":\"https:\/\/tradeshift.com\/fr\/#organization\"},\"potentialAction\":[{\"@type\":\"SearchAction\",\"target\":{\"@type\":\"EntryPoint\",\"urlTemplate\":\"https:\/\/tradeshift.com\/fr\/?s={search_term_string}\"},\"query-input\":{\"@type\":\"PropertyValueSpecification\",\"valueRequired\":true,\"valueName\":\"search_term_string\"}}],\"inLanguage\":\"fr-FR\"},{\"@type\":\"Organization\",\"@id\":\"https:\/\/tradeshift.com\/fr\/#organization\",\"name\":\"Tradeshift\",\"url\":\"https:\/\/tradeshift.com\/fr\/\",\"logo\":{\"@type\":\"ImageObject\",\"inLanguage\":\"fr-FR\",\"@id\":\"https:\/\/tradeshift.com\/fr\/#\/schema\/logo\/image\/\",\"url\":\"https:\/\/tradeshift.com\/wp-content\/uploads\/2021\/01\/Logo-symbol-white-on-blue-bg-@10x.png\",\"contentUrl\":\"https:\/\/tradeshift.com\/wp-content\/uploads\/2021\/01\/Logo-symbol-white-on-blue-bg-@10x.png\",\"width\":3920,\"height\":3920,\"caption\":\"Tradeshift\"},\"image\":{\"@id\":\"https:\/\/tradeshift.com\/fr\/#\/schema\/logo\/image\/\"},\"sameAs\":[\"https:\/\/www.facebook.com\/Tradeshift\/\",\"https:\/\/x.com\/tradeshift\",\"https:\/\/www.linkedin.com\/company\/tradeshift\",\"https:\/\/www.youtube.com\/channel\/UCaUy07yFxZAf22xwWjTahng\",\"https:\/\/en.wikipedia.org\/wiki\/Tradeshift\"]}]}<\/script>\n<!-- \/ Yoast SEO Premium plugin. -->","yoast_head_json":{"title":"E-Reporting en France Obligations et Statuts: Votre guide du nouveau syst\u00e8me d\u2019 e-reporting en France","description":"Notre guide complet sur le nouveau syst\u00e8me e-Reporting vous permet de tout savoir sur les obligations et les statuts en France.","robots":{"index":"index","follow":"follow","max-snippet":"max-snippet:-1","max-image-preview":"max-image-preview:large","max-video-preview":"max-video-preview:-1"},"canonical":"https:\/\/tradeshift.com\/fr\/facturation-electronique-obligatoire-2024\/le-guide-du-nouveau-systeme-de-e-reporting-en-france\/","og_locale":"fr_FR","og_type":"article","og_title":"23Q3 FFL E-reporting e-book page \u2013 FR","og_description":"Notre guide complet sur le nouveau syst\u00e8me e-Reporting vous permet de tout savoir sur les obligations et les statuts en France.","og_url":"https:\/\/tradeshift.com\/fr\/facturation-electronique-obligatoire-2024\/le-guide-du-nouveau-systeme-de-e-reporting-en-france\/","og_site_name":"Tradeshift","article_publisher":"https:\/\/www.facebook.com\/Tradeshift\/","article_modified_time":"2023-11-28T09:32:46+00:00","twitter_card":"summary_large_image","twitter_site":"@tradeshift","schema":{"@context":"https:\/\/schema.org","@graph":[{"@type":"WebPage","@id":"https:\/\/tradeshift.com\/fr\/facturation-electronique-obligatoire-2024\/le-guide-du-nouveau-systeme-de-e-reporting-en-france\/","url":"https:\/\/tradeshift.com\/fr\/facturation-electronique-obligatoire-2024\/le-guide-du-nouveau-systeme-de-e-reporting-en-france\/","name":"E-Reporting en France Obligations et Statuts: Votre guide du nouveau syst\u00e8me d\u2019 e-reporting en France","isPartOf":{"@id":"https:\/\/tradeshift.com\/fr\/#website"},"datePublished":"2023-08-02T14:57:56+00:00","dateModified":"2023-11-28T09:32:46+00:00","description":"Notre guide complet sur le nouveau syst\u00e8me e-Reporting vous permet de tout savoir sur les obligations et les statuts en France.","breadcrumb":{"@id":"https:\/\/tradeshift.com\/fr\/facturation-electronique-obligatoire-2024\/le-guide-du-nouveau-systeme-de-e-reporting-en-france\/#breadcrumb"},"inLanguage":"fr-FR","potentialAction":[{"@type":"ReadAction","target":["https:\/\/tradeshift.com\/fr\/facturation-electronique-obligatoire-2024\/le-guide-du-nouveau-systeme-de-e-reporting-en-france\/"]}]},{"@type":"BreadcrumbList","@id":"https:\/\/tradeshift.com\/fr\/facturation-electronique-obligatoire-2024\/le-guide-du-nouveau-systeme-de-e-reporting-en-france\/#breadcrumb","itemListElement":[{"@type":"ListItem","position":1,"name":"Home","item":"https:\/\/tradeshift.com\/fr\/"},{"@type":"ListItem","position":2,"name":"Facturation electronique obligatoire 2024","item":"https:\/\/tradeshift.com\/fr\/facturation-electronique-obligatoire-2024\/"},{"@type":"ListItem","position":3,"name":"23Q3 FFL E-reporting e-book page \u2013 FR"}]},{"@type":"WebSite","@id":"https:\/\/tradeshift.com\/fr\/#website","url":"https:\/\/tradeshift.com\/fr\/","name":"Tradeshift","description":"B2B Network for Supply Chain Purchasing, B2B Payments &amp; Apps","publisher":{"@id":"https:\/\/tradeshift.com\/fr\/#organization"},"potentialAction":[{"@type":"SearchAction","target":{"@type":"EntryPoint","urlTemplate":"https:\/\/tradeshift.com\/fr\/?s={search_term_string}"},"query-input":{"@type":"PropertyValueSpecification","valueRequired":true,"valueName":"search_term_string"}}],"inLanguage":"fr-FR"},{"@type":"Organization","@id":"https:\/\/tradeshift.com\/fr\/#organization","name":"Tradeshift","url":"https:\/\/tradeshift.com\/fr\/","logo":{"@type":"ImageObject","inLanguage":"fr-FR","@id":"https:\/\/tradeshift.com\/fr\/#\/schema\/logo\/image\/","url":"https:\/\/tradeshift.com\/wp-content\/uploads\/2021\/01\/Logo-symbol-white-on-blue-bg-@10x.png","contentUrl":"https:\/\/tradeshift.com\/wp-content\/uploads\/2021\/01\/Logo-symbol-white-on-blue-bg-@10x.png","width":3920,"height":3920,"caption":"Tradeshift"},"image":{"@id":"https:\/\/tradeshift.com\/fr\/#\/schema\/logo\/image\/"},"sameAs":["https:\/\/www.facebook.com\/Tradeshift\/","https:\/\/x.com\/tradeshift","https:\/\/www.linkedin.com\/company\/tradeshift","https:\/\/www.youtube.com\/channel\/UCaUy07yFxZAf22xwWjTahng","https:\/\/en.wikipedia.org\/wiki\/Tradeshift"]}]}},"acf":[],"_links":{"self":[{"href":"https:\/\/tradeshift.com\/fr\/wp-json\/wp\/v2\/pages\/48353","targetHints":{"allow":["GET"]}}],"collection":[{"href":"https:\/\/tradeshift.com\/fr\/wp-json\/wp\/v2\/pages"}],"about":[{"href":"https:\/\/tradeshift.com\/fr\/wp-json\/wp\/v2\/types\/page"}],"author":[{"embeddable":true,"href":"https:\/\/tradeshift.com\/fr\/wp-json\/wp\/v2\/users\/59"}],"replies":[{"embeddable":true,"href":"https:\/\/tradeshift.com\/fr\/wp-json\/wp\/v2\/comments?post=48353"}],"version-history":[{"count":0,"href":"https:\/\/tradeshift.com\/fr\/wp-json\/wp\/v2\/pages\/48353\/revisions"}],"up":[{"embeddable":true,"href":"https:\/\/tradeshift.com\/fr\/wp-json\/wp\/v2\/pages\/44369"}],"wp:attachment":[{"href":"https:\/\/tradeshift.com\/fr\/wp-json\/wp\/v2\/media?parent=48353"}],"curies":[{"name":"wp","href":"https:\/\/api.w.org\/{rel}","templated":true}]}}